{"id":13176,"date":"2022-07-18T07:28:55","date_gmt":"2022-07-18T07:28:55","guid":{"rendered":"https:\/\/shp.al\/?page_id=13176"},"modified":"2022-07-18T07:29:48","modified_gmt":"2022-07-18T07:29:48","slug":"miratohet-forma-dhe-permbajtja-e-lejeve-te-qendrimit-per-te-huajt","status":"publish","type":"page","link":"https:\/\/shp.al\/sq\/azhurnime-ligjore\/miratohet-forma-dhe-permbajtja-e-lejeve-te-qendrimit-per-te-huajt\/","title":{"rendered":"Miratohet forma dhe p\u00ebrmbajtja e lejeve t\u00eb q\u00ebndrimit p\u00ebr t\u00eb huajt"},"content":{"rendered":"<p><span style=\"font-weight: 400;\">K\u00ebshilli i Ministrave me vendimin Nr. 450, dat\u00eb 29.06.2022 miratoi form\u00ebn dhe p\u00ebrmbajtjen e lejeve t\u00eb q\u00ebndrimit p\u00ebr t\u00eb huajt.<\/span><\/p>\n<p><span style=\"font-weight: 400;\">P\u00ebr t\u00eb huajt, q\u00eb me marr\u00ebveshje qeveritare \u00ebsht\u00eb parashikuar nj\u00eb format standard i aprovimit p\u00ebr q\u00ebndrim n\u00eb territorin e Republik\u00ebs s\u00eb Shqip\u00ebris\u00eb, zbatohet formati i parashikuar n\u00eb marr\u00ebveshjen qeveritare.<\/span><\/p>\n<p><span style=\"font-weight: 400;\">Vendimit t\u00eb K\u00ebshillit t\u00eb Ministrave i jan\u00eb bashkangjitur aneks 1 dhe aneks 2.\u00a0 Aneksi 1 rregullon element\u00ebt e siguris\u00eb s\u00eb lejeve t\u00eb q\u00ebndrimit p\u00ebr t\u00eb huajt, si p\u00ebrshkrimi i kart\u00ebs i cili p\u00ebrfshin t\u00eb dh\u00ebnat biometrike t\u00eb mbart\u00ebsit dhe Element\u00ebt e siguris\u00eb s\u00eb kart\u00ebs ku p\u00ebrfshihen: materiali, teknika e printimit, mbrojtja kund\u00ebr kopjimit dhe teknika e personalizimit.<\/span><\/p>\n<p><span style=\"font-weight: 400;\">N\u00eb aneksin 2 p\u00ebrshkruhet forma dhe modeli i lejeve t\u00eb q\u00ebndrimit p\u00ebr t\u00eb huajt.<\/span><\/p>\n<p><span style=\"font-weight: 400;\">P\u00ebr m\u00eb shum\u00eb informacion klikoni n\u00eb linkun m\u00ebposhte:<\/span><\/p>\n<p><a href=\"http:\/\/qbz.gov.al\/eli\/vendim\/2022\/06\/29\/450\" target=\"_blank\" rel=\"noopener\">http:\/\/qbz.gov.al\/eli\/vendim\/2022\/06\/29\/450<\/a><\/p>\n","protected":false},"excerpt":{"rendered":"<p>K\u00ebshilli i Ministrave me vendimin Nr. 450, dat\u00eb 29.06.2022 miratoi form\u00ebn dhe p\u00ebrmbajtjen e lejeve t\u00eb q\u00ebndrimit p\u00ebr t\u00eb huajt. P\u00ebr t\u00eb huajt, q\u00eb me marr\u00ebveshje qeveritare \u00ebsht\u00eb parashikuar nj\u00eb format standard i aprovimit p\u00ebr q\u00ebndrim n\u00eb territorin e Republik\u00ebs s\u00eb Shqip\u00ebris\u00eb, zbatohet formati i parashikuar n\u00eb marr\u00ebveshjen qeveritare. Vendimit t\u00eb K\u00ebshillit t\u00eb Ministrave i [&hellip;]<\/p>\n","protected":false},"author":1,"featured_media":0,"parent":12658,"menu_order":0,"comment_status":"closed","ping_status":"closed","template":"","meta":{"editor_plus_copied_stylings":"{}","footnotes":""},"class_list":["post-13176","page","type-page","status-publish","hentry"],"featured_image_src":null,"featured_image_src_square":null,"_links":{"self":[{"href":"https:\/\/shp.al\/sq\/wp-json\/wp\/v2\/pages\/13176","targetHints":{"allow":["GET"]}}],"collection":[{"href":"https:\/\/shp.al\/sq\/wp-json\/wp\/v2\/pages"}],"about":[{"href":"https:\/\/shp.al\/sq\/wp-json\/wp\/v2\/types\/page"}],"author":[{"embeddable":true,"href":"https:\/\/shp.al\/sq\/wp-json\/wp\/v2\/users\/1"}],"replies":[{"embeddable":true,"href":"https:\/\/shp.al\/sq\/wp-json\/wp\/v2\/comments?post=13176"}],"version-history":[{"count":1,"href":"https:\/\/shp.al\/sq\/wp-json\/wp\/v2\/pages\/13176\/revisions"}],"predecessor-version":[{"id":13177,"href":"https:\/\/shp.al\/sq\/wp-json\/wp\/v2\/pages\/13176\/revisions\/13177"}],"up":[{"embeddable":true,"href":"https:\/\/shp.al\/sq\/wp-json\/wp\/v2\/pages\/12658"}],"wp:attachment":[{"href":"https:\/\/shp.al\/sq\/wp-json\/wp\/v2\/media?parent=13176"}],"curies":[{"name":"wp","href":"https:\/\/api.w.org\/{rel}","templated":true}]}}