{"id":13166,"date":"2022-06-15T08:05:55","date_gmt":"2022-06-15T08:05:55","guid":{"rendered":"https:\/\/shp.al\/?page_id=13166"},"modified":"2022-06-15T08:09:46","modified_gmt":"2022-06-15T08:09:46","slug":"keshilli-ministrave-urdheron-administraten-te-heqe-dore-nga-rekurset-e-depozituara-ne-gjykaten-e-larte-me-natyre-civile-dhe-administrative","status":"publish","type":"page","link":"https:\/\/shp.al\/sq\/azhurnime-ligjore\/keshilli-ministrave-urdheron-administraten-te-heqe-dore-nga-rekurset-e-depozituara-ne-gjykaten-e-larte-me-natyre-civile-dhe-administrative\/","title":{"rendered":"K\u00ebshilli Ministrave urdh\u00ebron administrat\u00ebn t\u00eb heq\u00eb dor\u00eb nga rekurset e depozituara n\u00eb Gjykat\u00ebn e Lart\u00eb me natyr\u00eb Civile dhe Administrative"},"content":{"rendered":"<p style=\"text-align: justify;\"><span style=\"font-weight: 400;\">Udh\u00ebzimi nr. <\/span><b>1 dat\u00eb 26.05.2022 i K\u00ebshilit t\u00eb Ministrave <\/b><span style=\"font-weight: 400;\">p\u00ebr heqjen dor\u00eb ka t\u00eb b\u00ebj\u00eb jo vet\u00ebm me\u00a0 administrat\u00ebn shtet\u00ebrore, por edhe me shoq\u00ebrit\u00eb tregtare me kapital shtet\u00ebror, aty ku shteti ka mbi 50 p\u00ebrqind t\u00eb aksioneve, apo t\u00eb kuotave. P\u00ebrgjith\u00ebsisht rekurset nga duhet hequr dor\u00eb kan\u00eb t\u00eb b\u00ebjn\u00eb me:\u00a0<\/span><\/p>\n<ul style=\"text-align: justify;\">\n<li style=\"font-weight: 400;\" aria-level=\"1\"><span style=\"font-weight: 400;\">zgjidhjen e mosmarr\u00ebveshjeve t\u00eb pun\u00ebs;\u00a0<\/span><\/li>\n<li style=\"font-weight: 400;\" aria-level=\"1\"><span style=\"font-weight: 400;\">me njohjen, apo v\u00ebrtetimin e vjet\u00ebrsis\u00eb n\u00eb pun\u00eb;\u00a0<\/span><\/li>\n<li style=\"font-weight: 400;\" aria-level=\"1\"><span style=\"font-weight: 400;\">padit\u00eb me shp\u00ebrblim p\u00ebr d\u00ebmet pasurore apo jopasurore, kontraktore ose jasht\u00ebkontraktore ndaj personave fizik\u00eb e juridik\u00eb, privat\u00eb, vendas e t\u00eb huaj.<\/span><\/li>\n<\/ul>\n<p style=\"text-align: justify;\"><span style=\"font-weight: 400;\">Po ashtu udh\u00ebzohen t\u00eb heqin dor\u00eb edhe nga padit\u00eb e tjera, ku pavar\u00ebsisht k\u00ebrkimeve shteti e ka humbur n\u00eb t\u00eb dy shkall\u00ebt e gjykimit \u00e7\u00ebshtjen.\u00a0<\/span><\/p>\n<p style=\"text-align: justify;\"><span style=\"font-weight: 400;\">Nj\u00eb grup tjet\u00ebr jan\u00eb padit\u00eb q\u00eb pavar\u00ebsisht k\u00ebrkimeve kan\u00eb ngelur pa objekt, apo padit\u00eb e tjera ku pavar\u00ebsisht k\u00ebrkimeve, nuk garantohet sukses n\u00eb Gjykat\u00ebn e Lart\u00eb p\u00ebr shkak t\u00eb q\u00ebndrimeve unifikuese q\u00eb kan\u00eb mbajtur kolegjet e gjykat\u00ebs s\u00eb lart\u00eb n\u00eb t\u00eb kaluar\u00ebn.\u00a0<\/span><\/p>\n<p style=\"text-align: justify;\"><span style=\"font-weight: 400;\">Do t\u00eb hiqet dor\u00eb edhe nga \u00e7\u00ebshtjet me natyr\u00eb administrative q\u00eb kan\u00eb t\u00eb b\u00ebjn\u00eb me ndryshim, shfuqizim, apo konstatim t\u00eb pavlefshm\u00ebris\u00eb absolute t\u00eb akteve administrative, apo kur detyrohet organi administrativ p\u00ebr t\u00eb nxjerr\u00eb aktet.\u00a0<\/span><\/p>\n<p style=\"text-align: justify;\"><span style=\"font-weight: 400;\">Kushti i vet\u00ebm p\u00ebr heqjen dor\u00eb nga rekurset, ka t\u00eb b\u00ebj\u00eb me vler\u00ebn e disponimit t\u00eb gjykat\u00ebs. N\u00eb \u00e7do rast vlera e disponimit t\u00eb gjykat\u00ebs nuk duhet t\u00eb jet\u00eb m\u00eb tep\u00ebr se sa 40 fishi i pag\u00ebs minimale.<\/span><\/p>\n<p style=\"text-align: justify;\"><span style=\"font-weight: 400;\">Heqja dor\u00eb nga rekursi b\u00ebhet me shkrim, sipas rregullave t\u00eb p\u00ebrcaktuara n\u00eb legjislacionin procedural civil dhe administrativ, pasi organi administrativ ta ket\u00eb arsyetuar at\u00eb n\u00eb baz\u00eb t\u00eb nj\u00eb prej rasteve t\u00eb parashikuara n\u00eb dispozitat e udh\u00ebzimit.<\/span><\/p>\n<p><strong>P\u00ebr m\u00eb shum\u00eb klikoni linkun: <a href=\"https:\/\/shp.al\/wp-content\/uploads\/2022\/06\/udhezim-2022-05-26-1.pdf\">udhezim-2022-05-26-1<\/a><\/strong><\/p>\n","protected":false},"excerpt":{"rendered":"<p>Udh\u00ebzimi nr. 1 dat\u00eb 26.05.2022 i K\u00ebshilit t\u00eb Ministrave p\u00ebr heqjen dor\u00eb ka t\u00eb b\u00ebj\u00eb jo vet\u00ebm me  administrat\u00ebn shtet\u00ebrore, por edhe me shoq\u00ebrit\u00eb tregtare me kapital shtet\u00ebror, aty ku shteti ka mbi 50 p\u00ebrqind t\u00eb aksioneve, apo t\u00eb kuotave.<\/p>\n","protected":false},"author":1,"featured_media":0,"parent":12658,"menu_order":0,"comment_status":"closed","ping_status":"closed","template":"","meta":{"editor_plus_copied_stylings":"{}","footnotes":""},"class_list":["post-13166","page","type-page","status-publish","hentry"],"featured_image_src":null,"featured_image_src_square":null,"_links":{"self":[{"href":"https:\/\/shp.al\/sq\/wp-json\/wp\/v2\/pages\/13166","targetHints":{"allow":["GET"]}}],"collection":[{"href":"https:\/\/shp.al\/sq\/wp-json\/wp\/v2\/pages"}],"about":[{"href":"https:\/\/shp.al\/sq\/wp-json\/wp\/v2\/types\/page"}],"author":[{"embeddable":true,"href":"https:\/\/shp.al\/sq\/wp-json\/wp\/v2\/users\/1"}],"replies":[{"embeddable":true,"href":"https:\/\/shp.al\/sq\/wp-json\/wp\/v2\/comments?post=13166"}],"version-history":[{"count":4,"href":"https:\/\/shp.al\/sq\/wp-json\/wp\/v2\/pages\/13166\/revisions"}],"predecessor-version":[{"id":13172,"href":"https:\/\/shp.al\/sq\/wp-json\/wp\/v2\/pages\/13166\/revisions\/13172"}],"up":[{"embeddable":true,"href":"https:\/\/shp.al\/sq\/wp-json\/wp\/v2\/pages\/12658"}],"wp:attachment":[{"href":"https:\/\/shp.al\/sq\/wp-json\/wp\/v2\/media?parent=13166"}],"curies":[{"name":"wp","href":"https:\/\/api.w.org\/{rel}","templated":true}]}}