{"id":13148,"date":"2022-05-09T15:12:52","date_gmt":"2022-05-09T15:12:52","guid":{"rendered":"https:\/\/shp.al\/?page_id=13148"},"modified":"2022-05-09T15:12:52","modified_gmt":"2022-05-09T15:12:52","slug":"miratohen-dy-vendime-per-fitimin-e-shtetesise-shqiptare-per-shkak-te-interesit-dhe-kontributeve-ne-shkence-art-kulture-arsim-dhe-sport","status":"publish","type":"page","link":"https:\/\/shp.al\/sq\/azhurnime-ligjore\/miratohen-dy-vendime-per-fitimin-e-shtetesise-shqiptare-per-shkak-te-interesit-dhe-kontributeve-ne-shkence-art-kulture-arsim-dhe-sport\/","title":{"rendered":"Miratohen dy vendime p\u00ebr fitimin e shtet\u00ebsis\u00eb Shqiptare p\u00ebr shkak t\u00eb interesit dhe kontributeve n\u00eb Shkenc\u00eb, Art, Kultur\u00eb, Arsim Dhe Sport"},"content":{"rendered":"<p style=\"text-align: justify;\"><span style=\"font-weight: 400;\">N\u00ebs\u00eb shquheni p\u00ebr aktivitetin tuaj shkencor, artistik, kulturor, arsimor apo sportiv dhe d\u00ebshironi q\u00eb g\u00ebzoni shtet\u00ebsin\u00eb shqiptare, mund\u00ebsit\u00eb tashm\u00eb jan\u00eb t\u00eb m\u00ebdha, dhe kjo d\u00ebshir\u00eb mund t\u00eb realizohet.<\/span><\/p>\n<p style=\"text-align: justify;\"><span style=\"font-weight: 400;\">N\u00eb zbatim t\u00eb ligjit nr. 113\/2020 \u201cP\u00ebr Shtet\u00ebsin\u00eb\u201d neni 9 i tij, K\u00ebshilli Ministrave ne muajt Mars dhe Prill t\u00eb vitit 2022 ka miratuar dy vendime t\u00eb r\u00ebnd\u00ebsishme p\u00ebr fitimin e shtet\u00ebsis\u00eb nga t\u00eb huajt kur Shteti Shqiptar ka interes n\u00eb fush\u00ebn e kultur\u00ebs, artit, arsimit, shkenc\u00ebs dhe sportit.<\/span><\/p>\n<p style=\"text-align: justify;\"><span style=\"font-weight: 400;\">N\u00eb k\u00ebto dy vendime p\u00ebrcaktohen kriteret q\u00eb duhet t\u00eb plot\u00ebsohen, dokumentacioni i nevojsh\u00ebm si dhe hapat procedural, q\u00eb do t\u00eb ndiqen nga i interesuari dhe Agjencia e Hartimit t\u00eb Programeve t\u00eb Ve\u00e7anta t\u00eb Shtet\u00ebsis\u00eb (AHPVSH) n\u00eb var\u00ebsi t\u00eb Ministris\u00eb s\u00eb Brendshme, p\u00ebr shqyrtimin dhe vler\u00ebsimin e k\u00ebrkesave p\u00ebr fitimin e shtet\u00ebsis\u00eb shqiptare nga shtetas t\u00eb huaj t\u00eb cil\u00ebt kontribuojn\u00eb n\u00eb k\u00ebto fusha.<\/span><\/p>\n<p style=\"text-align: justify;\"><span style=\"font-weight: 400;\">Angazhimi i Shtetit Shqiptar \u00ebsht\u00eb q\u00eb t\u00eb p\u00ebrcaktoj\u00eb edhe kriteret e fitimit t\u00eb shtet\u00ebsis\u00eb p\u00ebr ata individ\u00eb tek t\u00eb cil\u00ebt shteti Shqiptar do t\u00eb ket\u00eb interes dhe q\u00eb kan\u00eb kontribute n\u00eb fush\u00ebn e ekonomis\u00eb.<\/span><\/p>\n<p style=\"text-align: justify;\"><span style=\"font-weight: 400;\">Dh\u00ebnia rrug\u00eb e k\u00ebtyre procedurave p\u00ebr p\u00ebrfitimin e shtet\u00ebsis\u00eb \u00ebsht\u00eb nj\u00eb mund\u00ebsi e mir\u00eb p\u00ebr t\u00eb gjith\u00eb ata t\u00eb huaj t\u00eb cil\u00ebt e shohin Shqiperin\u00eb si nj\u00eb potencial p\u00ebr t\u00eb p\u00ebrmbushur interesat dhe aspiratat e tyre.<\/span><\/p>\n<p style=\"text-align: justify;\"><span style=\"font-weight: 400;\">Shehu &amp; Parners \u00ebsht\u00eb familjar dhe i njohur plot\u00ebisht me k\u00ebto praktika. Gjithashtu ka nj\u00eb eksperienc\u00eb t\u00eb gjat\u00eb si administrative dhe gjyq\u00ebsore n\u00eb problematikat q\u00eb lihen me shtet\u00ebsin\u00eb dhe t\u00eb drejtat e t\u00eb huajve.<\/span><\/p>\n<p style=\"text-align: justify;\"><span style=\"font-weight: 400;\">Ne do t\u00eb ishim t\u00eb lumtur t\u00eb k\u00ebshillojm\u00eb dhe p\u00ebrfaq\u00ebsojm\u00eb t\u00eb gjith\u00eb ata individ\u00eb q\u00eb spikasin n\u00eb fushat e p\u00ebrmendura m\u00eb sip\u00ebr t\u00eb cil\u00ebt duan t\u00eb jen\u00eb shtetas Shqip\u00ebtar.<\/span><\/p>\n","protected":false},"excerpt":{"rendered":"<p>N\u00ebs\u00eb shquheni p\u00ebr aktivitetin tuaj shkencor, artistik, kulturor, arsimor apo sportiv dhe d\u00ebshironi q\u00eb g\u00ebzoni shtet\u00ebsin\u00eb shqiptare, mund\u00ebsit\u00eb tashm\u00eb jan\u00eb t\u00eb m\u00ebdha, dhe kjo d\u00ebshir\u00eb mund t\u00eb realizohet.<\/p>\n","protected":false},"author":1,"featured_media":0,"parent":12658,"menu_order":0,"comment_status":"closed","ping_status":"closed","template":"","meta":{"editor_plus_copied_stylings":"{}","footnotes":""},"class_list":["post-13148","page","type-page","status-publish","hentry"],"featured_image_src":null,"featured_image_src_square":null,"_links":{"self":[{"href":"https:\/\/shp.al\/sq\/wp-json\/wp\/v2\/pages\/13148","targetHints":{"allow":["GET"]}}],"collection":[{"href":"https:\/\/shp.al\/sq\/wp-json\/wp\/v2\/pages"}],"about":[{"href":"https:\/\/shp.al\/sq\/wp-json\/wp\/v2\/types\/page"}],"author":[{"embeddable":true,"href":"https:\/\/shp.al\/sq\/wp-json\/wp\/v2\/users\/1"}],"replies":[{"embeddable":true,"href":"https:\/\/shp.al\/sq\/wp-json\/wp\/v2\/comments?post=13148"}],"version-history":[{"count":2,"href":"https:\/\/shp.al\/sq\/wp-json\/wp\/v2\/pages\/13148\/revisions"}],"predecessor-version":[{"id":13150,"href":"https:\/\/shp.al\/sq\/wp-json\/wp\/v2\/pages\/13148\/revisions\/13150"}],"up":[{"embeddable":true,"href":"https:\/\/shp.al\/sq\/wp-json\/wp\/v2\/pages\/12658"}],"wp:attachment":[{"href":"https:\/\/shp.al\/sq\/wp-json\/wp\/v2\/media?parent=13148"}],"curies":[{"name":"wp","href":"https:\/\/api.w.org\/{rel}","templated":true}]}}