{"id":13141,"date":"2022-03-28T20:02:50","date_gmt":"2022-03-28T20:02:50","guid":{"rendered":"https:\/\/shp.al\/?page_id=13141"},"modified":"2022-03-28T20:02:50","modified_gmt":"2022-03-28T20:02:50","slug":"ndryshimi-i-pages-minimale-ne-shkalle-vendi","status":"publish","type":"page","link":"https:\/\/shp.al\/sq\/azhurnime-ligjore\/ndryshimi-i-pages-minimale-ne-shkalle-vendi\/","title":{"rendered":"Ndryshimi i pag\u00ebs minimale n\u00eb shkall\u00eb vendi"},"content":{"rendered":"<p style=\"text-align: justify;\"><span style=\"font-weight: 400;\">K\u00ebshilli i Ministrave ka ndryshuar pag\u00ebn minimale n\u00eb shkall\u00eb vendi me VKM nr. 158 dat\u00eb 12.03.2022.<\/span><\/p>\n<p style=\"text-align: justify;\"><span style=\"font-weight: 400;\">Nga 1 Prill 2022 paga minimale do t\u00eb jet\u00eb 32\u2019000 lek\u00eb n\u00eb 30\u2019000 lek\u00eb q\u00eb \u00ebsht\u00eb tani dhe \u00ebsht\u00eb e detyrueshme t\u00eb zbatohet nga cdo person fizik apo juridik, vendas ose i huaj dhe jepet p\u00ebr 174 or\u00eb pune n\u00eb muaj t\u00eb kryera gjat\u00eb koh\u00ebs normale t\u00eb pun\u00ebs. Nd\u00ebrsa paga baz\u00eb minimale orare p\u00ebrcaktohet n\u00eb 183,9 lek\u00eb p\u00ebr or\u00eb pune.<\/span><\/p>\n<p style=\"text-align: justify;\"><span style=\"font-weight: 400;\">Rritja e pag\u00ebs minimale nga ana e qeveris\u00eb ishte parashikuar q\u00eb t\u00eb hynte n\u00eb fuqi nga data 1 korrik i k\u00ebtij viti por p\u00ebr shkak t\u00eb rritjes s\u00eb cmimeve t\u00eb produkteve mesatarisht ne 20% ky ndryshim u afrua si vendim. Gjithashtu Kryeministri ka b\u00ebr\u00eb me dije se paga minimale do rritet cdo vit e ambicia \u00ebsht\u00eb q\u00eb n\u00eb fund t\u00eb k\u00ebtij mandati mos t\u00eb ket\u00eb m\u00eb pag\u00eb n\u00ebn 40\u2019000 lek\u00eb.<\/span><\/p>\n","protected":false},"excerpt":{"rendered":"<p>K\u00ebshilli i Ministrave ka ndryshuar pag\u00ebn minimale n\u00eb shkall\u00eb vendi me VKM nr. 158 dat\u00eb 12.03.2022.<\/p>\n","protected":false},"author":1,"featured_media":0,"parent":12658,"menu_order":0,"comment_status":"closed","ping_status":"closed","template":"","meta":{"editor_plus_copied_stylings":"{}","footnotes":""},"class_list":["post-13141","page","type-page","status-publish","hentry"],"featured_image_src":null,"featured_image_src_square":null,"_links":{"self":[{"href":"https:\/\/shp.al\/sq\/wp-json\/wp\/v2\/pages\/13141","targetHints":{"allow":["GET"]}}],"collection":[{"href":"https:\/\/shp.al\/sq\/wp-json\/wp\/v2\/pages"}],"about":[{"href":"https:\/\/shp.al\/sq\/wp-json\/wp\/v2\/types\/page"}],"author":[{"embeddable":true,"href":"https:\/\/shp.al\/sq\/wp-json\/wp\/v2\/users\/1"}],"replies":[{"embeddable":true,"href":"https:\/\/shp.al\/sq\/wp-json\/wp\/v2\/comments?post=13141"}],"version-history":[{"count":1,"href":"https:\/\/shp.al\/sq\/wp-json\/wp\/v2\/pages\/13141\/revisions"}],"predecessor-version":[{"id":13142,"href":"https:\/\/shp.al\/sq\/wp-json\/wp\/v2\/pages\/13141\/revisions\/13142"}],"up":[{"embeddable":true,"href":"https:\/\/shp.al\/sq\/wp-json\/wp\/v2\/pages\/12658"}],"wp:attachment":[{"href":"https:\/\/shp.al\/sq\/wp-json\/wp\/v2\/media?parent=13141"}],"curies":[{"name":"wp","href":"https:\/\/api.w.org\/{rel}","templated":true}]}}