{"id":13117,"date":"2022-03-15T14:48:08","date_gmt":"2022-03-15T14:48:08","guid":{"rendered":"https:\/\/shp.al\/?page_id=13117"},"modified":"2022-03-15T14:48:08","modified_gmt":"2022-03-15T14:48:08","slug":"ndryshime-ne-ligjin-per-ushqimin-epersia-e-marreveshjeve-nderkombetare-ne-procedurat-doganore","status":"publish","type":"page","link":"https:\/\/shp.al\/sq\/azhurnime-ligjore\/ndryshime-ne-ligjin-per-ushqimin-epersia-e-marreveshjeve-nderkombetare-ne-procedurat-doganore\/","title":{"rendered":"Ndryshime n\u00eb ligjin p\u00ebr ushqimin, ep\u00ebrsia e marr\u00ebveshjeve nd\u00ebrkomb\u00ebtare n\u00eb procedurat doganore"},"content":{"rendered":"<p style=\"text-align: justify;\"><span style=\"font-weight: 400;\">Me ligjin nr.10\/2022 botuar n\u00eb Fletoren Zyrtare nr. 29. m\u00eb 22.02.2022, jan\u00eb b\u00ebr\u00eb <\/span><b>ndryshime dhe shtesa <\/b><span style=\"font-weight: 400;\">p\u00ebrsa i p\u00ebrket ligjit nr. 9863, dat\u00eb 28.01.2008, \u201cP\u00ebr ushqimin\u201d.\u00a0<\/span><\/p>\n<p style=\"text-align: justify;\"><span style=\"font-weight: 400;\">Tashm\u00eb me ndryshimet e reja jo detyrimisht inspektor\u00ebt p\u00ebr kontrollin e produkteve me origjin\u00eb shtazore duhet t\u00eb jen\u00eb veteriner.<\/span><\/p>\n<p style=\"text-align: justify;\"><span style=\"font-weight: 400;\">Procedurat e inspetimit dhe marrja e mostrave per ekzaminim dhe analiza n\u00eb kufi kryhen pasi inspektori i ushqimit dhe ushqimit p\u00ebr kafsh\u00eb ne Pikat e Inspetimit Kufitar, jep miratimin dhe \u00e7mon se duhet te kryhet, ndryshe nga sa parashkohej ne dispozitat e shfuqizuar ku inspetimi duhet te b\u00ebhej n\u00eb p\u00ebrputhje me Planin Komb\u00ebtar t\u00eb Inspetimit.\u00a0<\/span><\/p>\n<p style=\"text-align: justify;\"><span style=\"font-weight: 400;\">Kur ka marr\u00ebveshje nd\u00ebrkomb\u00ebtare midis dy vendeve p\u00ebr import zbatohen marr\u00ebveshjet t\u00eb parashikuara dhe jo procedura sip\u00ebr p\u00ebrmendur. Kjo vlen si p\u00ebr importin e ushqimit edhe importin e ushqimit p\u00ebr kafsh\u00eb.<\/span><\/p>\n","protected":false},"excerpt":{"rendered":"<p>Me ligjin nr.10\/2022 botuar n\u00eb Fletoren Zyrtare nr. 29. m\u00eb 22.02.2022, jan\u00eb b\u00ebr\u00eb ndryshime dhe shtesa p\u00ebrsa i p\u00ebrket ligjit nr. 9863, dat\u00eb 28.01.2008, \u201cP\u00ebr ushqimin\u201d.<\/p>\n","protected":false},"author":1,"featured_media":0,"parent":12658,"menu_order":0,"comment_status":"closed","ping_status":"closed","template":"","meta":{"editor_plus_copied_stylings":"{}","footnotes":""},"class_list":["post-13117","page","type-page","status-publish","hentry"],"featured_image_src":null,"featured_image_src_square":null,"_links":{"self":[{"href":"https:\/\/shp.al\/sq\/wp-json\/wp\/v2\/pages\/13117","targetHints":{"allow":["GET"]}}],"collection":[{"href":"https:\/\/shp.al\/sq\/wp-json\/wp\/v2\/pages"}],"about":[{"href":"https:\/\/shp.al\/sq\/wp-json\/wp\/v2\/types\/page"}],"author":[{"embeddable":true,"href":"https:\/\/shp.al\/sq\/wp-json\/wp\/v2\/users\/1"}],"replies":[{"embeddable":true,"href":"https:\/\/shp.al\/sq\/wp-json\/wp\/v2\/comments?post=13117"}],"version-history":[{"count":1,"href":"https:\/\/shp.al\/sq\/wp-json\/wp\/v2\/pages\/13117\/revisions"}],"predecessor-version":[{"id":13118,"href":"https:\/\/shp.al\/sq\/wp-json\/wp\/v2\/pages\/13117\/revisions\/13118"}],"up":[{"embeddable":true,"href":"https:\/\/shp.al\/sq\/wp-json\/wp\/v2\/pages\/12658"}],"wp:attachment":[{"href":"https:\/\/shp.al\/sq\/wp-json\/wp\/v2\/media?parent=13117"}],"curies":[{"name":"wp","href":"https:\/\/api.w.org\/{rel}","templated":true}]}}