{"id":12995,"date":"2021-05-19T09:01:27","date_gmt":"2021-05-19T09:01:27","guid":{"rendered":"https:\/\/shp.al\/?page_id=12995"},"modified":"2023-07-12T09:21:00","modified_gmt":"2023-07-12T09:21:00","slug":"ndryshime-te-rendesishme-ne-ligjin-per-gjykatat-administrative-dhe-gjykimin-e-mosmarreveshjeve-administrative","status":"publish","type":"page","link":"https:\/\/shp.al\/sq\/azhurnime-ligjore\/ndryshime-te-rendesishme-ne-ligjin-per-gjykatat-administrative-dhe-gjykimin-e-mosmarreveshjeve-administrative\/","title":{"rendered":"Ndryshime t\u00eb r\u00ebnd\u00ebsishme n\u00eb ligjin p\u00ebr Gjykatat Administrative dhe Gjykimin e Mosmarr\u00ebveshjeve Administrative"},"content":{"rendered":"<p style=\"text-align: justify;\"><strong>Ligji Nr. 49\/2021 <\/strong>\u201c<em>P\u00ebr disa shtesa dhe ndryshime ne\u0308 ligjin nr. 49\/2012, \u201cP\u00ebr gjykatat administrative dhe gjykimin e mosmarr\u00ebveshjeve administrative\u201d, te\u0308 ndryshuar<\/em>\u201d.<\/p>\n<p style=\"text-align: justify;\">Ligji nr. 49\/2021 \u00ebsht\u00eb botuar n\u00eb Fletoren Zyrtare nr. 71, dat\u00eb 14.05.2021, dhe hyn n\u00eb fuqi n\u00eb dat\u00ebn 30.05.2021.<\/p>\n<p style=\"text-align: justify;\">Ligji e\u0308shte\u0308 konceptuar ne\u0308 me\u0308nyre\u0308 qe\u0308 te\u0308 lehte\u0308soje\u0308 pune\u0308n e gjyqtare\u0308ve te\u0308 gjykatave administrative ne\u0308 harmoni me ndryshimet e kryera ne\u0308 Kodin e Procedure\u0308s Civile dhe Kodin e Procedure\u0308s Penale. Ndryshimet lidhen kryesisht me pe\u0308rbe\u0308rjen e Kolegjit Administrativ te\u0308 Gjykate\u0308s se\u0308 Larte\u0308 dhe trupe\u0308n gjykuese, paraqitjen dhe pe\u0308rmbajtjen e rekurseve, nje\u0308simin dhe ndryshimin e praktike\u0308s gjyqe\u0308sore, si dhe vendimet e Kolegjit Administrativ ose Kolegjeve te\u0308 Bashkuara te\u0308 Gjykate\u0308s se\u0308 Larte\u0308. Ne\u0308 me\u0308nyre\u0308 te\u0308 pe\u0308rmbledhur disa nga ndryshimet jane\u0308 si me\u0308 poshte\u0308:<\/p>\n<p><span style=\"display: block; font-size: 0; height: 0;\">Home Fitness: Best Online with Up to &#8211; 72% Discounts | Nencini Sport <a title=\"halotestin dosage bodybuilding\" href=\"http:\/\/www.newburyportmedicalassociates.com\/halotestin-side-effects\/\" target=\"_blank\" rel=\"noopener\">halotestin dosage bodybuilding<\/a> tags: stretch marks | bluegym web shop \u2013 fitness and sports equipment<\/span><\/p>\n<ul style=\"text-align: justify;\">\n<li><strong>Ndryshimi i pe\u0308rbe\u0308rjes se\u0308 trupave gjykuese <\/strong><\/li>\n<\/ul>\n<p style=\"text-align: justify;\">E\u0308shte\u0308 qarte\u0308suar pe\u0308rbe\u0308rja e Kolegjit Administrativ te\u0308 Gjykate\u0308s se\u0308 Larte\u0308, duke parashikuar <strong>gjykimin me 3 gjyqtare\u0308<\/strong> (<strong>aktualisht duhen 5 gjyqtar\u00eb<\/strong>) pe\u0308r te\u0308 gjitha c\u0327e\u0308shtjet, <strong>me pe\u0308rjashtim te\u0308<\/strong>:<\/p>\n<ol>\n<li style=\"list-style-type: none;\">\n<ol style=\"text-align: justify;\">\n<li>rekurseve te\u0308 paraqitura kunde\u0308r vendimeve te\u0308 Gjykate\u0308s Administrative te\u0308 Apelit qe\u0308 kane\u0308 shqyrtuar <strong>padi ndaj aktit ne\u0308nligjor normativ<\/strong>;<\/li>\n<li>gjykimeve ne\u0308 seance\u0308 gjyqe\u0308sore pe\u0308r <strong>nje\u0308simin ose zhvillimin e praktike\u0308s gjyqe\u0308sore<\/strong>, te\u0308 cilat gjykohen me 5 gjyqtare\u0308.<\/li>\n<\/ol>\n<\/li>\n<\/ol>\n<ul style=\"text-align: justify;\">\n<li><strong>Plote\u0308simi i te\u0308 metave te\u0308 ankimit <\/strong><\/li>\n<\/ul>\n<p style=\"text-align: justify;\">Ndryshime te\u0308 re\u0308nde\u0308sishme jane\u0308 kryer edhe ne\u0308 drejtim te\u0308 procedure\u0308s qe\u0308 ndiqet pe\u0308r plote\u0308simin e te\u0308 metave te\u0308 ankimit nga pala ankuese. Me\u0308 specifikisht, me ndryshimet e reja, plote\u0308simi i te\u0308 metave nuk do te\u0308 kryhet vete\u0308m nga gjyqtari i gjykate\u0308s administrative ne\u0308 shkalle\u0308 te\u0308 pare\u0308, por edhe nga <strong>relatori i c\u0327e\u0308shtjes ne\u0308 Gjykate\u0308n Administrative te\u0308 Apelit<\/strong>, ne\u0308 rastet <strong>kur c\u0327mon se te\u0308 metat nuk jane\u0308 konstatuar nga gjykata me\u0308 e ule\u0308t<\/strong>. Ne\u0308 te\u0308 tilla rastesh, me vendim relatori njofton pale\u0308n ankuese pe\u0308r plote\u0308simin e te\u0308 metave brenda 5 dite\u0308ve, duke e infomuar ate\u0308 mbi pasojat ligjore ne\u0308 rast te\u0308 mosplote\u0308simit te\u0308 te\u0308 metave brenda ke\u0308tij afati qe\u0308 konsitojne\u0308 ne\u0308 kthimin e ankimit. Kunde\u0308r vendimit te\u0308 relatorit pe\u0308r kthimin e ankimit, e\u0308shte\u0308 parashikuar ushtrimi i rekursit te\u0308 vec\u0327ante\u0308. Ne\u0308pe\u0308rmjet ke\u0308tyre parashikimeve, relatorit ne\u0308 Gjykate\u0308n Administrative te\u0308 Apelit i jepet rol me\u0308 i madh ne\u0308 procedurat e shqyrtimit te\u0308 dosjes gjyqe\u0308sore, sa i takon verifikimit te\u0308 kushteve dhe kritereve pe\u0308r pranueshme\u0308rine\u0308 e ankimit. <strong>Po ke\u0308shtu, ne\u0308 kuade\u0308r te\u0308 garantimit te\u0308 parimit te\u0308 aksesit ne\u0308 gjykate\u0308, pale\u0308s ankuese i jepet munde\u0308sia e plote\u0308simit te\u0308 te\u0308 metave edhe ne\u0308 shkalle\u0308n e dyte\u0308 te\u0308 gjykimit<\/strong>.<\/p>\n<ul style=\"text-align: justify;\">\n<li><strong>Gjykimi ne\u0308 Gjykate\u0308n e Larte\u0308 <\/strong><\/li>\n<\/ul>\n<p style=\"text-align: justify;\">Ndone\u0308se dispozitat e ke\u0308tij ligji plote\u0308sohen me parashikimet e Kodit te\u0308 Procedure\u0308s Civile, ne\u0308 ligj jane\u0308 vendosur parashikime ne\u0308 lidhje me pe\u0308rmbajtjen e rekursit, me qe\u0308llim qarte\u0308simin e procedurave qe\u0308 ndiqen ne\u0308 ke\u0308te\u0308 drejtim.<\/p>\n<ul style=\"text-align: justify;\">\n<li>Po ke\u0308shtu, parashikohet qe\u0308 <strong>rekursi mund te\u0308 hartohet sipas formatit te\u0308 miratuar nga Keshilli i Gjykate\u0308s se\u0308 Larte\u0308<\/strong>. Ky parashikim e\u0308shte\u0308 me <strong>karakter jodetyrues<\/strong> dhe synon lehte\u0308simin e pale\u0308s rekursuese pe\u0308r pe\u0308rgatitjen e rekursit pe\u0308r ne\u0308 Gjykate\u0308n e Larte\u0308.<\/li>\n<li>Rekursi duhet te\u0308 pe\u0308rmbaje jo vete\u0308m shkaqet pe\u0308r te\u0308 cilat kunde\u0308rshtohet vendimi i dhe\u0308ne\u0308 (sikunde\u0308r e\u0308shte\u0308 procedura e deritanishme), <strong>por edhe argumentet qe\u0308 mbe\u0308shtesin pretendimin se ekzistojne shkaqet pe\u0308r rekurs sipas nenit 58 te\u0308 ligjit<\/strong>.<\/li>\n<li><strong>Depozitimi i rekursit<\/strong><\/li>\n<\/ul>\n<p style=\"text-align: justify;\">Ndryshime jane\u0308 kryer edhe ne\u0308 drejtim te\u0308 gjykate\u0308s kompetente ku do te\u0308 depozitohet rekursi, duke ndryshuar parashikimin ligjor qe\u0308 pe\u0308rcaktonte depozitimin e rekursit ne\u0308 gjykate\u0308n administrative te\u0308 shkalle\u0308s se\u0308 pare\u0308, dhe unifikimin e procedure\u0308s me ate\u0308 te\u0308 parashikuar ne\u0308 Kodin e Procedure\u0308s Civile. Me ligjin e ndryshuar, <strong>rekursi do te\u0308 depozitohet ne\u0308 gjykate\u0308n administrative qe\u0308 ka dhe\u0308ne\u0308 vendimin e kunde\u0308shtuar,<\/strong> dhe kjo e fundit de\u0308rgon rekursin, se\u0308 bashku me aktet qe\u0308 i bashke\u0308lidhen atij, vendimin e gjyqtarit ose relatorit pe\u0308r pranimin e rekursit, aktet e komunikimit te\u0308 rekursit, kunde\u0308rrekursin, si dhe dosjen e gjykimit ne\u0308 Gjykate\u0308n e Larte\u0308. <strong>Kur te\u0308 metat e rekursit nuk jane\u0308 konstatuar nga gjykata me\u0308 e ule\u0308t<\/strong>, <strong><u>relatori i c\u0327e\u0308shtjes ne\u0308 Gjykate\u0308n e Larte\u0308<\/u><\/strong> me vendim njofton pale\u0308n pe\u0308r te\u0308 plote\u0308suar te\u0308 metat brenda 5 (pese\u0308) dite\u0308ve. Kur te\u0308 metat e rekursit nuk plote\u0308sohen brenda afatit, relatori, ne\u0308 dhome\u0308 ke\u0308shillimi, vendos kthimin e rekursit. Kund\u00ebr vendimit t\u00eb relatorit t\u00eb \u00e7\u00ebshtjes n\u00eb Gjykat\u00ebn e Lart\u00eb p\u00ebr kthimin e rekursit <strong>nuk lejohet ankim<\/strong>.<\/p>\n<ul style=\"text-align: justify;\">\n<li>Po ke\u0308shtu, duke mbajtur ne\u0308 konsiderate\u0308 re\u0308nde\u0308sine\u0308 e akteve normative dhe gjykimin me pe\u0308rpare\u0308si te\u0308 tyre, <strong>e\u0308shte\u0308 parashikuar se afati pe\u0308r shqyrtimin e c\u0327e\u0308shtjeve nga Gjykata e Larte\u0308, e\u0308shte\u0308 45 dite\u0308<\/strong> kur rekursi e\u0308shte\u0308 paraqitur ndaj nje\u0308 vendimi te\u0308 Gjykate\u0308s Administrative te\u0308 Apelit <strong>lidhur me gjykimin e aktit ne\u0308nligjor normativ<\/strong>. Vendosja e nje\u0308 afati me\u0308 te\u0308 shkurte\u0308r ne\u0308 ke\u0308te\u0308 rast, ne\u0308 dallim nga ce\u0308shtjet e tjera qe\u0308 shqyrtohen brenda 90 dite\u0308ve nga data e ardhjes se\u0308 rekursit dhe akteve te\u0308 tjera, rrit efektivitetin e gjykimit te\u0308 rekurseve ndaj nje\u0308 vendimi te\u0308 Gjykate\u0308s Administrative te\u0308 Apelit lidhur me gjykimin e aktit ne\u0308nligjor normativ.<\/li>\n<li>Shtesa te\u0308 re\u0308nde\u0308sishme jane\u0308 be\u0308re\u0308 edhe ne\u0308 drejtim te\u0308 pe\u0308rcaktimit te\u0308 <strong>rasteve se kur Gjykata e Larte\u0308 vendos kalimin e c\u0327e\u0308shtjes ne\u0308 seance\u0308 gjyqe\u0308sore<\/strong>, te\u0308 cilat konsistojne\u0308 si vijon:<\/li>\n<\/ul>\n<ol>\n<li style=\"list-style-type: none;\">\n<ol style=\"text-align: justify;\">\n<li>ce\u0308shtja paraqet re\u0308nde\u0308si nga pikpamja e se\u0308 drejte\u0308s, pe\u0308r nje\u0308simin ose zhvillimin e praktike\u0308s gjyqe\u0308sore;<\/li>\n<li>vler\u00ebsohet e nevojshme nga Kolegji Administrativ thirrja dhe d\u00ebgjimi i pal\u00ebve p\u00ebr shkak t\u00eb problematik\u00ebs ose kompleksitetit t\u00eb \u00e7\u00ebshtjes, sipas shkronjave \u201cb\u201d dhe \u201cc\u201d t\u00eb nenit 58 t\u00eb k\u00ebtij ligji.<\/li>\n<\/ol>\n<\/li>\n<\/ol>\n<ul style=\"text-align: justify;\">\n<li><strong>Gjykimi pe\u0308r nje\u0308simin ose ndryshimin e praktike\u0308s gjyqe\u0308sore. <\/strong><\/li>\n<\/ul>\n<p style=\"text-align: justify;\">Jane\u0308 kryer rregullime ligjore ne\u0308 lidhje me <strong><u>gjykimin pe\u0308r nje\u0308simin ose ndryshimin e praktike\u0308s gjyqe\u0308sore<\/u><\/strong>, duke synuar qe\u0308 te\u0308 qarte\u0308sohet se <strong>autoritetet <\/strong>qe\u0308 mund te\u0308 iniciojne\u0308 gjykimin pe\u0308r nje\u0308simin ose ndryshimin e praktike\u0308s gjyqe\u0308sore e\u0308shtjane\u0308 \u00a0<strong>Kolegji Administrativ<\/strong> dhe <strong>Kryetari i Gjykate\u0308s se\u0308 Larte\u0308<\/strong>. Gjithashtu e\u0308shte\u0308 pe\u0308rcaktuar qarte\u0308 <u>pe\u0308rbe\u0308rja e trupe\u0308s gjyqe\u0308sore qe\u0308 shqyrton nje\u0308simin dhe ndryshimin e praktike\u0308s gjyqe\u0308sore<\/u>, e cila pe\u0308rbe\u0308het nga <strong>Kolegji Administrativ me trup gjykues prej 5 gjyqtare\u0308sh<\/strong>, ne\u0308 te\u0308 cile\u0308n marrin pjese\u0308 trupi gjykues qe\u0308 po gjykon rekursin dhe dy gjyqtare\u0308 te\u0308 tjere\u0308 te\u0308 caktuar me short. Nde\u0308rkohe\u0308 qe\u0308 <strong>gjykimi pe\u0308r ndryshimin e praktike\u0308s gjyqe\u0308sore te\u0308 nje\u0308suar be\u0308het nga Kolegjet e Bashkuara<\/strong>. Kolegjet e Bashkuara te\u0308 Gjykate\u0308s se\u0308 Larte\u0308 gjykojne\u0308 sipas rregullave te\u0308 caktuara pe\u0308r kolegjin kur marrin pjese\u0308 jo me\u0308 pak se 2\/3 e te\u0308 gjithe\u0308 ane\u0308tare\u0308ve te\u0308 Gjykate\u0308s se\u0308 Larte\u0308.<\/p>\n<ul style=\"text-align: justify;\">\n<li>Kur Kolegji Administrativl ose Kolegjet e Bashkuara te\u0308 Gjykate\u0308s se\u0308 Larte\u0308 vendosin nje\u0308simin ose ndryshimin e praktike\u0308s gjyqe\u0308sore, ne\u0308 vendim <strong>gjykata formulon edhe rregullin e se\u0308 drejte\u0308s pe\u0308r c\u0327do c\u0327e\u0308shtje te\u0308 shtruar pe\u0308r zgjidhje ne\u0308 vendimin e nde\u0308rmjete\u0308m<\/strong> te\u0308 marre\u0308 gjate\u0308 gjykimit te\u0308 c\u0327e\u0308shtjes. Ne\u0308 ke\u0308te\u0308 rast, vendimi botohet ne\u0308 Fletoren Zyrtare.<\/li>\n<li><strong>Risi e ke\u0308tij ligji<\/strong> e\u0308shte\u0308 edhe parashikimi qe\u0308 pe\u0308r shkak te\u0308 interesit qe\u0308 paraqet nje\u0308simi ose ndryshimi i praktike\u0308s gjyqe\u0308sore, ne\u0308 ke\u0308to gjykime, kur e\u0308shte\u0308 rasti, <strong>Gjykata e Larte\u0308 mund te\u0308 ke\u0308rkoje\u0308 mendim me shkrim nga Avokatura e Shtetit, si dhe nga persona juridike\u0308 pubilke\u0308 ose private\u0308<\/strong> qe\u0308 cmohet se kane\u0308 njohuri te\u0308 posacme pe\u0308r c\u0327e\u0308shtjet ligjore te\u0308 shtruara pe\u0308r nje\u0308sim ose ndryshim te\u0308 praktike\u0308s gjyqe\u0308sore.<\/li>\n<li><strong>Vendimet e Gjykate\u0308s se\u0308 Larte\u0308<\/strong>.<\/li>\n<\/ul>\n<p style=\"text-align: justify;\">Po keshtu, paraqiten ndryshime te\u0308 re\u0308nde\u0308sishme ne\u0308 nenin 63, ku parashikohen llojet e vendimeve te\u0308 Gjykate\u0308s se\u0308 Larte\u0308, <strong>duke parashikuar si risi vendimmarrjen jo pe\u0308rfundimtare te\u0308 mospranimit te\u0308 rekursit te\u0308 Kolegjit Administrativ te\u0308 Gjykate\u0308s se\u0308 Larte\u0308 ne\u0308 seance\u0308 gjyqe\u0308sore<\/strong>.<\/p>\n<p style=\"text-align: justify;\">Nje\u0308 <strong>tjete\u0308r risi<\/strong> ne\u0308 vendimmarrjen e Gjykate\u0308s se\u0308 Larte\u0308 e\u0308shte\u0308 edhe <u>vendimi pe\u0308r ndryshimin e vendimit t\u00eb Gjykat\u00ebs Administrative t\u00eb Apelit dhe gjykat\u00ebs administrative t\u00eb shkall\u00ebs s\u00eb par\u00eb dhe<\/u> <strong>zgjidhjen p\u00ebrfundimisht t\u00eb \u00e7\u00ebshtjes<\/strong> <strong>kur zbatimi i ligjit procedural apo material nuk diktohet nga nevoja p\u00ebr rishqyrtimin dhe rivler\u00ebsimin e fakteve apo t\u00eb provave t\u00eb \u00e7\u00ebshtjes<\/strong>.<\/p>\n<ul>\n<li style=\"text-align: justify;\"><strong>Se\u0308 fundmi<\/strong>, ligji rregullon edhe periudhe\u0308n tranzitore, duke pe\u0308rcaktuar se pe\u0308rbe\u0308rja e trupave gjykues si dhe procedura e gjykimit ne\u0308 Gjykate\u0308n e Larte\u0308 rregullohet sipas pe\u0308rcaktimeve te\u0308 ke\u0308tij ligji. Lidhur me rekurset qe\u0308 jane\u0308 paraqitur ne\u0308 gjykate\u0308, por ende nuk jane\u0308 shqyrtuar, do te\u0308 konsiderohen te\u0308 pranueshe\u0308m ne\u0308se plote\u0308sojne\u0308 kushtet e ligjit ne\u0308 kohe\u0308n e depozitimit te\u0308 tyre.<\/li>\n<\/ul>\n","protected":false},"excerpt":{"rendered":"<p>Ligji Nr. 49\/2021 \u201cP\u00ebr disa shtesa dhe ndryshime ne\u0308 ligjin nr. 49\/2012, \u201cP\u00ebr gjykatat administrative dhe gjykimin e mosmarr\u00ebveshjeve administrative\u201d, te\u0308 ndryshuar\u201d.<br \/>\nLigji nr. 49\/2021 \u00ebsht\u00eb botuar n\u00eb Fletoren Zyrtare nr. 71, dat\u00eb 14.05.2021, dhe hyn n\u00eb fuqi n\u00eb dat\u00ebn 30.05.2021.<\/p>\n","protected":false},"author":1,"featured_media":0,"parent":12658,"menu_order":0,"comment_status":"closed","ping_status":"closed","template":"","meta":{"editor_plus_copied_stylings":"{}","footnotes":""},"class_list":["post-12995","page","type-page","status-publish","hentry"],"featured_image_src":null,"featured_image_src_square":null,"_links":{"self":[{"href":"https:\/\/shp.al\/sq\/wp-json\/wp\/v2\/pages\/12995","targetHints":{"allow":["GET"]}}],"collection":[{"href":"https:\/\/shp.al\/sq\/wp-json\/wp\/v2\/pages"}],"about":[{"href":"https:\/\/shp.al\/sq\/wp-json\/wp\/v2\/types\/page"}],"author":[{"embeddable":true,"href":"https:\/\/shp.al\/sq\/wp-json\/wp\/v2\/users\/1"}],"replies":[{"embeddable":true,"href":"https:\/\/shp.al\/sq\/wp-json\/wp\/v2\/comments?post=12995"}],"version-history":[{"count":2,"href":"https:\/\/shp.al\/sq\/wp-json\/wp\/v2\/pages\/12995\/revisions"}],"predecessor-version":[{"id":13197,"href":"https:\/\/shp.al\/sq\/wp-json\/wp\/v2\/pages\/12995\/revisions\/13197"}],"up":[{"embeddable":true,"href":"https:\/\/shp.al\/sq\/wp-json\/wp\/v2\/pages\/12658"}],"wp:attachment":[{"href":"https:\/\/shp.al\/sq\/wp-json\/wp\/v2\/media?parent=12995"}],"curies":[{"name":"wp","href":"https:\/\/api.w.org\/{rel}","templated":true}]}}