{"id":12994,"date":"2021-05-19T08:55:14","date_gmt":"2021-05-19T08:55:14","guid":{"rendered":"https:\/\/shp.al\/?page_id=12994"},"modified":"2021-05-19T08:56:12","modified_gmt":"2021-05-19T08:56:12","slug":"ndryshime-ne-ligjin-per-organizimin-dhe-funksionimin-e-institucioneve-per-te-luftuar-korrupsionin-dhe-krimin-e-organizuar","status":"publish","type":"page","link":"https:\/\/shp.al\/sq\/azhurnime-ligjore\/ndryshime-ne-ligjin-per-organizimin-dhe-funksionimin-e-institucioneve-per-te-luftuar-korrupsionin-dhe-krimin-e-organizuar\/","title":{"rendered":"Ndryshime n\u00eb ligjin p\u00ebr organizimin dhe funksionimin e Institucioneve p\u00ebr t\u00eb luftuar Korrupsionin dhe Krimin e Organizuar"},"content":{"rendered":"<p style=\"text-align: justify;\"><strong>Ligji Nr. 47\/2021 <\/strong>\u201c<em>P\u00ebr disa shtesa dhe ndryshime ne\u0308 ligjin nr. 95\/2016, \u201cP\u00ebr organizimin dhe funksionimin e institucioneve p\u00ebr t\u00eb luftuar korrupsionin dhe krimin e organizuar<\/em>\u201d.<\/p>\n<p style=\"text-align: justify;\">Ligji nr. 47\/2021 \u00ebsht\u00eb botuar n\u00eb Fletoren Zyrtare nr. 71, dat\u00eb 14.05.2021, dhe hyn n\u00eb fuqi n\u00eb dat\u00ebn 30.05.2021.<\/p>\n<p style=\"text-align: justify;\">Ligji ka pe\u0308r qe\u0308llim p\u00ebrcaktimin e pag\u00ebs dhe p\u00ebrfitimeve t\u00eb tjera financiare n\u00eb m\u00ebnyr\u00eb q\u00eb t\u00eb garantohet nj\u00eb sistem p\u00ebr shp\u00ebrblimin e punonj\u00ebsve t\u00eb k\u00ebtyre strukturave q\u00eb garanton nj\u00eb sistem hetimi t\u00eb pavaruar ndaj \u00e7do influence politike, t\u00eb paansh\u00ebm, t\u00eb p\u00ebrgjegjsh\u00ebm, t\u00eb drejt\u00eb e profesional e t\u00eb besuesh\u00ebm. P\u00ebrmes ndryshimeve t\u00eb b\u00ebra \u00ebsht\u00eb plot\u00ebsuar boshll\u00ebku ligjor n\u00eb lidhje me pag\u00ebn dhe p\u00ebrfitimet e tjera q\u00eb duhet t\u00eb ket\u00eb personeli i BKH-s\u00eb, n\u00eb k\u00ebt\u00eb m\u00ebnyr\u00eb tentohet t\u00eb garantohet nj\u00eb trajtim financiar dinjitoz i cili i p\u00ebrshtatet natyr\u00ebs s\u00eb pun\u00ebs dhe p\u00ebrgjegj\u00ebsive t\u00eb personelit t\u00eb SPAK-ut.<\/p>\n<p style=\"text-align: justify;\">Ndryshimet e konstatuara paraqiten si me\u0308 poshte\u0308:<\/p>\n<ul style=\"text-align: justify;\">\n<li><strong>Kompetenca l\u00ebndore par\u00ebsore <\/strong><\/li>\n<\/ul>\n<p style=\"text-align: justify;\">N\u00eb nenin 8 pika 1 e ligjit shfuqizohet togfjal\u00ebshi \u201c <strong>por nuk mund t\u00eb tejkaloj\u00eb kompetenc\u00ebn e p\u00ebrcaktuar nga neni 135, pika 2, t\u00eb Kushtetut\u00ebs\u201d<\/strong>. Ky shfuqizim \u00ebsht\u00eb b\u00ebr\u00eb p\u00ebr shkak se n\u00eb kompetenc\u00ebn l\u00ebndore t\u00eb SPAK, jan\u00eb shtuar edhe veprat penale q\u00eb lidhen me terrorizmin, dhe n\u00eb k\u00ebt\u00eb m\u00ebnyr\u00eb, kompetenca e SPAK \u00ebsht\u00eb zgjeruar duke p\u00ebrfshir\u00eb m\u00eb shum\u00eb vpera penale, se ato q\u00eb ka parashikuar Kushtetuta.<\/p>\n<ul style=\"text-align: justify;\">\n<li><strong>Statusi, Sektori i Ekspertiz\u00ebs<\/strong><\/li>\n<\/ul>\n<p style=\"text-align: justify;\">N\u00eb nenin 20\/1 parashikohet qart\u00ebsimi i statusit, <strong>si oficer\u00eb t\u00eb policis\u00eb gjyq\u00ebsore<\/strong>, t\u00eb punonj\u00ebsve t\u00eb sektorit t\u00eb hetimit financiar (<strong>specialist\u00eb t\u00eb b\u00ebrtham\u00ebs komanduese elektronike<\/strong>)., t\u00eb cil\u00ebt kan\u00eb t\u00eb nj\u00ebjtin status me oficer\u00ebt e policis\u00eb gjyq\u00ebsore t\u00eb BKH dhe i garantohet i nj\u00ebjti trajtim financiar.<\/p>\n<ul style=\"text-align: justify;\">\n<li><strong>Parashikimet mbi pagat <\/strong><\/li>\n<\/ul>\n<p style=\"text-align: justify;\">Ne\u0308 vazhde\u0308n e garancive qe\u0308 i ofrohen punonj\u00ebsve t\u00eb m\u00ebsip\u00ebrm, e\u0308shte\u0308 parashikuar edhe sakt\u00ebsimi mbi pag\u00ebn e drejtorit, z\u00ebvend\u00ebsdrejtorit, hetuesit si dhe t\u00eb oficerit t\u00eb policis\u00eb gjyq\u00ebsore t\u00eb Byros\u00eb Komb\u00ebtare t\u00eb Hetimit n\u00eb masat p\u00ebrkat\u00ebse t\u00eb pag\u00ebs baz\u00eb, shtes\u00ebs p\u00ebr vjet\u00ebrsi, shtes\u00ebs p\u00ebr v\u00ebshtir\u00ebsi pune dhe p\u00ebr shkak t\u00eb heqjes dor\u00eb nga privat\u00ebsia.<\/p>\n<ul style=\"text-align: justify;\">\n<li><strong>Trajtimi i punonj\u00ebsve t\u00eb Byros\u00eb Komb\u00ebtare t\u00eb Hetimit<\/strong><\/li>\n<\/ul>\n<p style=\"text-align: justify;\">N\u00eb nenin 40\/1 \u00ebsht\u00eb shtuar p\u00ebrcaktimi q\u00eb lidhet me p\u00ebrfitimet e tjera t\u00eb personelit t\u00eb BKH-s\u00eb, t\u00eb cil\u00ebt <strong>p\u00ebrfitojn\u00eb t\u00eb nj\u00ebjtin trajtim q\u00eb p\u00ebrfitojn\u00eb punonj\u00ebsit e Policis\u00eb\u00a0 s\u00eb Shtetit<\/strong>, trajtim i cili p\u00ebrfshin t\u00eb drejt\u00ebn e pushimit vjetor dhe pushimeve t\u00eb tjera t\u00eb pagueshme.., t\u00eb drejt\u00ebn e p\u00ebrfitimit t\u00eb kredis\u00eb me interesa t\u00eb buta, kompensimin p\u00ebr strehim, sigurimin e jet\u00ebs trajtimin e familjar\u00ebve t\u00eb punonj\u00ebsve q\u00eb humbasin jet\u00ebn p\u00ebr shkak t\u00eb detyr\u00ebs etj.<\/p>\n<ul style=\"text-align: justify;\">\n<li><strong>Statusi i punonj\u00ebsve t\u00eb administrat\u00ebs s\u00eb Byros\u00eb Komb\u00ebtare t\u00eb Hetimit <\/strong><\/li>\n<\/ul>\n<p style=\"text-align: justify;\">N\u00eb nenin 44 pika 2 e ligjit mbi statusin e punonj\u00ebsve t\u00eb sh\u00ebrbimit civil b\u00ebhet nj\u00eb shtes\u00eb n\u00eb lidhje me statusin e punonj\u00ebsve t\u00eb administrat\u00ebs, sipas s\u00eb cilit p\u00ebrvec punonj\u00ebsve t\u00eb administrat\u00ebs s\u00eb Prokuroris\u00eb s\u00eb Posa\u00e7me u n\u00ebnshtrohen dispozitave p\u00ebrkat\u00ebse t\u00eb ligjit \u201c<em>P\u00ebr organizimin dhe funksionimin e prokuroris\u00eb n\u00eb Republik\u00ebn e Shqip\u00ebris\u00eb<\/em>\u201d edhe punonj\u00ebsit e administrat\u00ebs s\u00eb Byros\u00eb Komb\u00ebtare t\u00eb Hetimit.<\/p>\n<ul style=\"text-align: justify;\">\n<li><strong>Shp\u00ebrblimi p\u00ebr v\u00ebshtir\u00ebsi n\u00eb pun\u00eb <\/strong><\/li>\n<\/ul>\n<p style=\"text-align: justify;\">Neni i shtuar 44\/1 parashikon shpwrblimin p\u00ebr v\u00ebshtir\u00ebsi pune edhe p\u00ebr shkak t\u00eb heqjes dor\u00eb nga privat\u00ebsia n\u00eb mas\u00ebn 50% t\u00eb pag\u00ebs p\u00ebrkat\u00ebse q\u00eb p\u00ebrfiton n\u00ebpun\u00ebsi civil gjyq\u00ebsor n\u00eb gjykatat e posa\u00e7me p\u00ebr veprat penale t\u00eb korrupsionit dhe krimit t\u00eb organizuar, n\u00ebpun\u00ebsi civil n\u00eb prokurorin\u00eb e posa\u00e7me dhe n\u00eb Byron\u00eb Komb\u00ebtare t\u00eb Hetimit, p\u00ebrfshir\u00eb k\u00ebtu edhe punonj\u00ebsit te tjer\u00eb q\u00eb duhet t\u00eb plot\u00ebsojn\u00eb kushtet e siguris\u00eb para caktimit n\u00eb detyr\u00eb ose em\u00ebrimit, sipas nenit 6 t\u00eb k\u00ebtij ligji.<\/p>\n<ul style=\"text-align: justify;\">\n<li><strong>Dispozit\u00eb kalimtare <\/strong><\/li>\n<\/ul>\n<p style=\"text-align: justify;\">Ligji p\u00ebrmban nj\u00eb dispozit\u00eb kalimtare q\u00eb parashikon se drejtori, z\u00ebvend\u00ebsdrejtori, hetuesit e Byros\u00eb Komb\u00ebtare t\u00eb Hetimit, oficer\u00ebt nga sh\u00ebrbimet e Policis\u00eb Gjyq\u00ebsore t\u00eb Byros\u00eb Komb\u00ebtare t\u00eb Hetimit, punonj\u00ebsit e sektorit t\u00eb hetimit financiar, si dhe punonj\u00ebsit e b\u00ebrtham\u00ebs komanduese elektronike p\u00ebrfitojn\u00eb pag\u00ebn, sipas p\u00ebrcaktimeve t\u00eb k\u00ebtij ligji, <strong>nga data e em\u00ebrimit t\u00eb tyre n\u00eb detyr\u00eb.<\/strong><\/p>\n","protected":false},"excerpt":{"rendered":"<p>Ligji Nr. 47\/2021 \u201cP\u00ebr disa shtesa dhe ndryshime ne\u0308 ligjin nr. 95\/2016, \u201cP\u00ebr organizimin dhe funksionimin e institucioneve p\u00ebr t\u00eb luftuar korrupsionin dhe krimin e organizuar\u201d.<br \/>\nLigji nr. 47\/2021 \u00ebsht\u00eb botuar n\u00eb Fletoren Zyrtare nr. 71, dat\u00eb 14.05.2021, dhe hyn n\u00eb fuqi n\u00eb dat\u00ebn 30.05.2021.<\/p>\n","protected":false},"author":1,"featured_media":0,"parent":12658,"menu_order":0,"comment_status":"closed","ping_status":"closed","template":"","meta":{"editor_plus_copied_stylings":"{}","footnotes":""},"class_list":["post-12994","page","type-page","status-publish","hentry"],"featured_image_src":null,"featured_image_src_square":null,"_links":{"self":[{"href":"https:\/\/shp.al\/sq\/wp-json\/wp\/v2\/pages\/12994","targetHints":{"allow":["GET"]}}],"collection":[{"href":"https:\/\/shp.al\/sq\/wp-json\/wp\/v2\/pages"}],"about":[{"href":"https:\/\/shp.al\/sq\/wp-json\/wp\/v2\/types\/page"}],"author":[{"embeddable":true,"href":"https:\/\/shp.al\/sq\/wp-json\/wp\/v2\/users\/1"}],"replies":[{"embeddable":true,"href":"https:\/\/shp.al\/sq\/wp-json\/wp\/v2\/comments?post=12994"}],"version-history":[{"count":1,"href":"https:\/\/shp.al\/sq\/wp-json\/wp\/v2\/pages\/12994\/revisions"}],"predecessor-version":[{"id":12996,"href":"https:\/\/shp.al\/sq\/wp-json\/wp\/v2\/pages\/12994\/revisions\/12996"}],"up":[{"embeddable":true,"href":"https:\/\/shp.al\/sq\/wp-json\/wp\/v2\/pages\/12658"}],"wp:attachment":[{"href":"https:\/\/shp.al\/sq\/wp-json\/wp\/v2\/media?parent=12994"}],"curies":[{"name":"wp","href":"https:\/\/api.w.org\/{rel}","templated":true}]}}