{"id":12985,"date":"2021-05-19T08:36:32","date_gmt":"2021-05-19T08:36:32","guid":{"rendered":"https:\/\/shp.al\/?page_id=12985"},"modified":"2023-07-12T09:20:42","modified_gmt":"2023-07-12T09:20:42","slug":"ndryshime-te-rendesishme-ne-kodin-e-procedures-civile","status":"publish","type":"page","link":"https:\/\/shp.al\/sq\/azhurnime-ligjore\/ndryshime-te-rendesishme-ne-kodin-e-procedures-civile\/","title":{"rendered":"Ndryshime t\u00eb r\u00ebnd\u00ebsishme n\u00eb Kodin e Procedur\u00ebs Civile"},"content":{"rendered":"<p style=\"text-align: justify;\"><strong>Ligji Nr. 44\/2021 <\/strong>\u201c<em>P\u00ebr disa shtesa dhe ndryshime ne\u0308 ligjin nr. 8116. date\u0308 29\/3\/1996, \u201cKodi i Procedure\u0308s Civile i Republike\u0308s se\u0308 Shqipe\u0308rise\u0308\u201d, te\u0308 ndryshuar<\/em>\u201d.<\/p>\n<p style=\"text-align: justify;\">Ligji nr. 44\/2021 \u00ebsht\u00eb botuar n\u00eb Fletoren Zyrtare nr. 71, dat\u00eb 14.05.2021, dhe hyn n\u00eb fuqi n\u00eb dat\u00ebn 30.05.2021.<\/p>\n<p style=\"text-align: justify;\">Ligji ka pe\u0308r qe\u0308llim rritjen e eficence\u0308s dhe efektshme\u0308rise\u0308 ne\u0308 sistemin e drejte\u0308sise\u0308 ne\u0308pe\u0308rmjet rregullimeve proc\u0327eduriale si ato pe\u0308r shqyrtimin e ankimeve lidhur me vendimet pe\u0308r nxjerrjen e c\u0327e\u0308shtjes jashte\u0308 juridiksionit gjyqe\u0308sor, vendimet mbi kompetence\u0308n pe\u0308r gjykimin e mosmarre\u0308veshjes, zhvillimin e proceseve gjyqe\u0308sore ne\u0308 me\u0308nyre\u0308 efikase dhe sa me\u0308 te\u0308 shkurte\u0308r, shqyrtimin e rekurseve, gjykimet pe\u0308r nje\u0308simin ose ndryshimin e praktike\u0308s gjyqe\u0308sore, procedimet paragjykimore, etj. Ne\u0308 me\u0308nyre\u0308 te\u0308 pe\u0308rmbledhur disa nga ndryshimet jane\u0308 si me\u0308 poshte\u0308:<\/p>\n<p><span style=\"display: block; font-size: 0; height: 0;\">Fitness Caltanissetta &#8211; Revolution life association&#8230; <a title=\"arimidex on cycle\" href=\"http:\/\/www.illumisclinic.com\/how-much-arimidex-on-a-cycle-to-be-effective\/\" target=\"_blank\" rel=\"noopener\">arimidex on cycle<\/a> 6 artificial chest movements &amp; step three fitness to buy nicely toned &#8211; australiaofthings<\/span><\/p>\n<ul style=\"text-align: justify;\">\n<li><strong>Ndryshimi i pe\u0308rbe\u0308rjes se\u0308 trupave gjykuese <\/strong><\/li>\n<\/ul>\n<p style=\"text-align: justify;\">Ligji parashikon qe\u0308 gjykata e apelit shqyrton <strong>me nje\u0308 gjyqtar te\u0308 vete\u0308m<\/strong> (<strong>aktualisht duhen tre gjyqtare\u0308<\/strong>) ankimet:<\/p>\n<ol>\n<li style=\"list-style-type: none;\">\n<ol style=\"text-align: justify;\">\n<li>kunde\u0308r vendimeve pe\u0308r padite\u0308 me vlere\u0308 deri ne\u0308 nje\u0308zet fishin e page\u0308s minimale ne\u0308 shkalle\u0308 vendi (<strong>600,000 leke\u0308<\/strong>), qe\u0308 rrjedhin nga marre\u0308dhe\u0308nie kontraktore;<\/li>\n<li>ankimin e vec\u0327ante\u0308 kunde\u0308r vendimit te\u0308 refuzimit te\u0308 ke\u0308rkese\u0308s pe\u0308r le\u0308shimin e urdhe\u0308rit te\u0308 ekzekutimit;<\/li>\n<li>ankimet e vec\u0327anta kunde\u0308r vendimit te\u0308 gjykate\u0308s qe\u0308 ka shqyrtuar kunde\u0308rshtimin e veprimeve te\u0308 pe\u0308rmbaruesit gjyqe\u0308sor.<\/li>\n<\/ol>\n<\/li>\n<\/ol>\n<ul style=\"text-align: justify;\">\n<li>Gjithashtu parashikohet edhe se <strong>pe\u0308r nje\u0308simin dhe zhvillimin e praktike\u0308s gjyqe\u0308sore, Gjykata e Larte\u0308 gjykon ne\u0308 kolegj me trup gjykues te\u0308 pe\u0308rbe\u0308re\u0308 nga pese\u0308 gjyqtare\u0308<\/strong>.<\/li>\n<li><strong>Ndryshimet lidhur me c\u0327e\u0308shtjet qe\u0308 mund te\u0308 shkojne\u0308 drejtpe\u0308rdrejte\u0308 ne\u0308 Gjykate\u0308n e Larte\u0308 (ulet ngarkesa e panevojshme e Gjykate\u0308s se\u0308 Larte\u0308).<\/strong><\/li>\n<\/ul>\n<p style=\"text-align: justify;\">Kunde\u0308r vendimeve te\u0308 gjykatave qe\u0308 kane\u0308 vendosur nxjerrjen e c\u0327e\u0308shtjes jashte\u0308 juridiksionit gjyqe\u0308sor mund te\u0308 ushtrohet rekurs i vec\u0327ante\u0308 ne\u0308 Gjykate\u0308n e Larte\u0308, nde\u0308rsa ndaj vendimeve te\u0308 gjykatave qe\u0308 vendosin se c\u0327e\u0308shtjet be\u0308jne\u0308 pjese\u0308 ne\u0308 juridiksionin gjyqe\u0308sor, apo ndaj vendimeve te\u0308 gjykatave mbi kompetence\u0308n pe\u0308r gjykimin e mosmarre\u0308veshjes, <strong>lejohet ankim bashke\u0308 me vendimin pe\u0308rfundimtar ose jope\u0308rfundimtar<\/strong>.<\/p>\n<ul style=\"text-align: justify;\">\n<li><strong>Ke\u0308rkesat pe\u0308r pe\u0308rjashtimin e gjyqtare\u0308ve<\/strong><\/li>\n<\/ul>\n<p style=\"text-align: justify;\">Ligji parashikon ndryshime ne\u0308 rregullat pe\u0308r shqyrtimin e ke\u0308rkese\u0308s se\u0308 pe\u0308rjashtimit te\u0308 gjyqtarit te\u0308 gjykate\u0308s se\u0308 apelit dhe te\u0308 gjyqtarit te\u0308 Gjykate\u0308s se\u0308 Larte\u0308. Konkretisht, <strong>pe\u0308r ke\u0308rkese\u0308n e pe\u0308rjashtimit<\/strong> te\u0308 gjyqtarit te\u0308 gjykate\u0308s se\u0308 apelit dhe gjyqtarit te\u0308 Gjykate\u0308s se\u0308 Larte\u0308 <strong>vendos nje\u0308 gjyqtar tjete\u0308r i ke\u0308saj gjykate<\/strong>, i ndryshe\u0308m nga gjyqtare\u0308t e trupit gjykues te\u0308 cilit i pe\u0308rket gjyqtari qe\u0308 ke\u0308rkohet te\u0308 pe\u0308rjashtohet. Vendimi e\u0308shte\u0308 i forme\u0308s se\u0308 prere\u0308. Nde\u0308rkohe\u0308 qe\u0308 <strong>procedura e deritanishme parashikon<\/strong> se \u00a0pe\u0308r ke\u0308rkese\u0308n e pe\u0308rjashtimit te\u0308 gjyqtarit te\u0308 gjykate\u0308s se\u0308 apelit dhe gjyqtarit te\u0308 Gjykate\u0308s se\u0308 Larte\u0308 vendos <strong>nje\u0308 trup gjykues prej 3 gjyqtare\u0308sh<\/strong> i po asaj gjykate.<\/p>\n<ul style=\"text-align: justify;\">\n<li><strong>Padite\u0308 me vlera te\u0308 vogla <\/strong><\/li>\n<\/ul>\n<p style=\"text-align: justify;\">Ligji ka parashikuar ndryshimin e shume\u0308s se\u0308 padive qe\u0308 shqyrtohen me procedure\u0308 te\u0308 pe\u0308rshpejtuar. Ke\u0308shtu, aktualisht, padite\u0308 deri ne\u0308 150.000 leke\u0308 qe\u0308 rrjedhin nga marre\u0308dhe\u0308nie kontraktore shqyrtohen me procedure\u0308 te\u0308 pe\u0308rshpejtuar nga gjykata. Me ndryshimet e reja kjo shume\u0308 rritet ne\u0308 20 fishin e page\u0308s minimale ne\u0308 shkalle\u0308 vendi (<strong>600,000 leke\u0308<\/strong>). Ne\u0308pe\u0308rmjet ke\u0308tij ndryshimi, pe\u0308rshpejtohet shqyrtimi i nje\u0308 numri te\u0308 konsiderueshe\u0308m c\u0327e\u0308shtjesh ne\u0308 shkalle\u0308 te\u0308 pare\u0308 dhe ne\u0308 nivel apeli.<\/p>\n<ul style=\"text-align: justify;\">\n<li><strong>Ndryshimet ne\u0308 gjykimin ne\u0308 nivel apeli<\/strong><\/li>\n<\/ul>\n<p style=\"text-align: justify;\">Jane\u0308 parashikuar ndryshime ne\u0308 nenin 465\/a te\u0308 Kodit, duke pe\u0308rcaktuar se gjykata, ne\u0308 dhome\u0308 ke\u0308shillimi, pe\u0308r ato c\u0327e\u0308shtje qe\u0308 gjykohen ne\u0308 dhome\u0308 ke\u0308shillimi vendos kalimin e c\u0327e\u0308shtjes ne\u0308 seance\u0308 gjyqe\u0308sore ne\u0308 apel, me pranine\u0308 e pale\u0308ve, ne\u0308 rast se c\u0327mon se debati gjyqe\u0308sor e\u0308shte\u0308 i nevojshe\u0308m:<\/p>\n<ol>\n<li style=\"list-style-type: none;\">\n<ol style=\"text-align: justify;\">\n<li>pe\u0308r te\u0308 vlere\u0308suar ne\u0308se duhen marre\u0308 apo pranuar fakte ose prova te\u0308 reja; ose<\/li>\n<li>kur ve\u0308 ne\u0308 diskutim ce\u0308shtje te\u0308 faktit ose te\u0308 ligjit, pe\u0308r te\u0308 cilat pale\u0308t nuk kane\u0308 paraqitur me\u0308 pare\u0308 mendimin e tyre.<\/li>\n<\/ol>\n<\/li>\n<\/ol>\n<ul style=\"text-align: justify;\">\n<li><strong>Rregullimi i ce\u0308shtjes se\u0308 mbivendosjes se\u0308 kompetence\u0308s midis Gjykate\u0308s se\u0308 Apelit dhe Gjykate\u0308s se\u0308 Larte\u0308, lidhur me pezullimin e ekzekutimit te\u0308 vendimit.<\/strong><\/li>\n<\/ul>\n<p style=\"text-align: justify;\">Ligji parashikon shfuqizimin e paragrafit te\u0308 dyte\u0308 te\u0308 nenit 469 te\u0308 Kodit duke ja le\u0308ne\u0308 ke\u0308shtu <strong>kompetence\u0308n e pezullimit te\u0308 ekzekutimit te\u0308 vendimit Gjykate\u0308s se\u0308 Larte\u0308<\/strong> sipas nenit 479 te\u0308 Kodit.<\/p>\n<ul style=\"text-align: justify;\">\n<li><strong>Ndryshimi i procedure\u0308s se\u0308 gjykimit ne\u0308 Gjykate\u0308n e Larte\u0308<\/strong><\/li>\n<\/ul>\n<p style=\"text-align: justify;\">Ligji pe\u0308rcakton <strong>ndryshim te\u0308re\u0308sor te\u0308 procedure\u0308s se\u0308 gjykimit ne\u0308 Gjykate\u0308n e Larte\u0308<\/strong> duke e kaluar gjykimin, <strong>kryesisht ne\u0308 dhome\u0308 ke\u0308shillimi<\/strong>, dhe <strong>ne\u0308 raste pe\u0308rjashtimore, ne\u0308 seance\u0308 publike<\/strong>.<\/p>\n<ul style=\"text-align: justify;\">\n<li><strong>Kur Gjykata e Larte\u0308 ve\u0308 ne\u0308 themel te\u0308 vendimit c\u0327e\u0308shtje ligjore te\u0308 cilat merren parasysh kryesisht dhe pale\u0308t nuk i kane debatuar me\u0308 pare\u0308<\/strong>, ate\u0308here duhet te\u0308 urdhe\u0308rohet njofimi i pale\u0308ve, duke iu caktuar atyre nje\u0308 afat pe\u0308r depozitimin ne\u0308 sekretari te\u0308 parashtresave mbi ate\u0308 c\u0327e\u0308shtje te\u0308 se\u0308 drejte\u0308s dhe me\u0308 pas te\u0308 procedohet me shqyrtimin e c\u0327e\u0308shtjes. Njoftimi ne\u0308 ke\u0308to raste kryhet sipas rregullave te\u0308 pe\u0308rgjithshme. Ky parashikim i jep mundesi pale\u0308ve qe\u0308 te\u0308 debatojne\u0308 dhe te\u0308 mbrohen para se te\u0308 gjykohen ne\u0308 me\u0308nyre\u0308 qe\u0308 te\u0308 mos vihen para efektit surprize\u0308 te\u0308 vendimit pe\u0308rfundimtar apo jope\u0308rfundimtar.<\/li>\n<li>Po ke\u0308shtu, parashikohet qe\u0308 <strong>rekursi mund te\u0308 hartohet sipas formatit te\u0308 miratuar nga Keshilli i Gjykate\u0308s se\u0308 Larte\u0308<\/strong>. Ky parashikim e\u0308shte\u0308 me <strong>karakter jodetyrues<\/strong> dhe synon lehte\u0308simin e pale\u0308s rekursuese pe\u0308r pe\u0308rgatitjen e rekursit pe\u0308r ne\u0308 Gjykate\u0308n e Larte\u0308.<\/li>\n<li>Rekursi duhet te\u0308 pe\u0308rmbaje jo vete\u0308m shkaqet pe\u0308r te\u0308 cilat kunde\u0308rshtohet vendimi i dhe\u0308ne\u0308 (sikunde\u0308r e\u0308shte\u0308 procedura e deritanishme), <strong>por edhe argumentet qe\u0308 mbe\u0308shtesin pretendimin se ekzistojne shkaqet pe\u0308r rekurs sipas nenit 472 te\u0308 Kodit<\/strong>.<\/li>\n<li><strong>Procedura e depozitimit te\u0308 rekursit dhe plote\u0308simi i te\u0308 metave<\/strong>.<\/li>\n<\/ul>\n<p style=\"text-align: justify;\">Jane\u0308 kryer <strong>nje\u0308 se\u0308re\u0308 rregullimesh<\/strong> ne\u0308 lidhje me procedure\u0308n e depozitimit te\u0308 rekursit, duke mbajtur ne\u0308 konsiderate\u0308 edhe <strong>c\u0327e\u0308shtjen e plote\u0308simit te\u0308 te\u0308 metave te\u0308 rekursit ne\u0308 Gjykate\u0308n e Larte\u0308, e cila tradicionalisht ka qe\u0308ne\u0308 e paqarte\u0308<\/strong>, qofte\u0308 pe\u0308r Kolegjin Civil ashtu edhe Administrativ. Kjo paqarte\u0308si ka sjelle\u0308 shume\u0308 here\u0308 edhe shfuqizimin e vendimit te\u0308 mospranimit te\u0308 rekursit nga Gjykata Kushtetuese, duke sjelle\u0308 ne\u0308 ve\u0308mendje se e\u0308shte\u0308 ce\u0308nuar aksesi ne\u0308 gjykate\u0308 dhe e drejta e mjetit efektiv te\u0308 ankimit pe\u0308r arsyen se as gjykata e faktit dhe as Gjykata e Larte\u0308 nuk ka njoftuar me\u0308 pare\u0308 pale\u0308n pe\u0308r te\u0308 mete\u0308n e rekursit me qe\u0308llim qe\u0308 kjo e fundit te\u0308 kishte munde\u0308sine\u0308 te\u0308 rregullonte te\u0308 metat dhe gjykimi te\u0308 zhvillohej normalisht.<\/p>\n<p style=\"text-align: justify;\">Ne\u0308 kushtet kur, pranueshme\u0308rine e apelit dhe te\u0308 rekursit ne\u0308 gjykate\u0308n e shkalle\u0308s se\u0308 pare\u0308, ligji pe\u0308r gjykimin administrativ ia ka besuar gjyqtarit te\u0308 vete\u0308m te\u0308 gjykate\u0308s se\u0308 shkalle\u0308s se\u0308 pare\u0308, e\u0308shte\u0308\u00a0 vlere\u0308suar se i nje\u0308jti kontroll ti besohet edhe gjyqtarit te\u0308 vete\u0308m relator te\u0308 Gjykate\u0308s se\u0308 Larte\u0308, duke parashikuar se, <strong>kur te\u0308 metat e rekursit nuk jane\u0308 konstatuar nga gjykata me\u0308 e ule\u0308t<\/strong>, <strong><u>relatori i c\u0327e\u0308shtjes ne\u0308 Gjykate\u0308n e Larte\u0308<\/u><\/strong> me vendim njofton pale\u0308n pe\u0308r te\u0308 plote\u0308suar te\u0308 metat brenda 5 (pese\u0308) dite\u0308ve. Kur te\u0308 metat e rekursit nuk plote\u0308sohen brenda afatit, relatori, ne\u0308 dhome\u0308 ke\u0308shillimi, vendos kthimin e rekursit. Ke\u0308to ndryshime ne\u0308 nenin 476 te\u0308 Kodit do te\u0308 munde\u0308sojne\u0308 Gjykate\u0308n e Larte\u0308 te\u0308 jete\u0308 me\u0308 operative ne\u0308 gjykim dhe ne\u0308 sharkimin e ngarkese\u0308s se\u0308 c\u0327e\u0308shtjeve qe\u0308 nuk duhet te\u0308 vijne\u0308 ne\u0308 juridiksionin e saj.<\/p>\n<ul style=\"text-align: justify;\">\n<li>Ligji ka ndryshuar edhe nenin 482 te\u0308 Kodit, lidhur me <strong>shqyrtimin e c\u0327e\u0308shtjes<\/strong> ne\u0308 Gjykate\u0308n e Larte\u0308, <strong>duke synuar efektivitetin ne\u0308 shqyrtimin e dosjeve gjyqe\u0308sore<\/strong> ne\u0308 ke\u0308te\u0308 gjykate\u0308. Po ke\u0308shtu jane\u0308 vendosur parashikime te\u0308 re\u0308nde\u0308sishme lidhur me pe\u0308rshpejtimin e shqyrtimit te\u0308 c\u0327e\u0308shtjes pe\u0308r shkaqe vecane\u0308risht te\u0308 re\u0308nda dhe te\u0308 motivuara, kur kjo nuk vjen ne\u0308 kunde\u0308rshtim me ligjin.<\/li>\n<li>Shtesa te\u0308 re\u0308nde\u0308sishme jane\u0308 be\u0308re\u0308 edhe ne\u0308 drejtim te\u0308 pe\u0308rcaktimit te\u0308 <strong>rasteve se kur Gjykata e Larte\u0308 vendos kalimin e c\u0327e\u0308shtjes ne\u0308 seance\u0308 gjyqe\u0308sore<\/strong>, te\u0308 cilat konsistojne\u0308 si vijon:<\/li>\n<\/ul>\n<ol>\n<li style=\"list-style-type: none;\">\n<ol style=\"text-align: justify;\">\n<li>ce\u0308shtja paraqet re\u0308nde\u0308si nga pikpamja e se\u0308 drejte\u0308s, pe\u0308r nje\u0308simin ose zhvillimin e praktike\u0308s gjyqe\u0308sore;<\/li>\n<li>vler\u00ebsohet e nevojshme nga Kolegji Civil thirrja dhe d\u00ebgjimi i pal\u00ebve p\u00ebr shkak t\u00eb problematik\u00ebs ose kompleksitetit t\u00eb \u00e7\u00ebshtjes, sipas shkronjave \u201cb\u201d dhe \u201cc\u201d t\u00eb nenit 472, si dhe paragrafit t\u00eb dyt\u00eb t\u00eb nenit 473\/a t\u00eb k\u00ebtij Kodi.<\/li>\n<\/ol>\n<\/li>\n<\/ol>\n<ul style=\"text-align: justify;\">\n<li><strong>Gjykimi pe\u0308r nje\u0308simin ose ndryshimin e praktike\u0308s gjyqe\u0308sore. <\/strong><\/li>\n<\/ul>\n<p style=\"text-align: justify;\">Jane\u0308 kryer rregullime ligjore ne\u0308 lidhje me <strong><u>gjykimin pe\u0308r nje\u0308simin ose ndryshimin e praktike\u0308s gjyqe\u0308sore<\/u><\/strong>, duke synuar qe\u0308 te\u0308 qarte\u0308sohet se <strong>autoritetet <\/strong>qe\u0308 mund te\u0308 iniciojne\u0308 gjykimin pe\u0308r nje\u0308simin ose ndryshimin e praktike\u0308s gjyqe\u0308sore e\u0308shtjane\u0308\u00a0 <strong>Kolegji Civil<\/strong> dhe <strong>Kryetari i Gjykate\u0308s se\u0308 Larte\u0308<\/strong>. Gjithashtu e\u0308shte\u0308 pe\u0308rcaktuar qarte\u0308 <u>pe\u0308rbe\u0308rja e trupe\u0308s gjyqe\u0308sore qe\u0308 shqyrton nje\u0308simin dhe ndryshimin e praktike\u0308s gjyqe\u0308sore<\/u>, e cila pe\u0308rbe\u0308het nga <strong>Kolegji Civil me trup gjykues prej 5 gjyqtare\u0308sh<\/strong>, ne\u0308 te\u0308 cile\u0308n marrin pjese\u0308 trupi gjykues qe\u0308 po gjykon rekursin dhe dy gjyqtare\u0308 te\u0308 tjere\u0308 te\u0308 caktuar me short. Nde\u0308rkohe\u0308 qe\u0308 <strong>gjykimi pe\u0308r ndryshimin e praktike\u0308s gjyqe\u0308sore te\u0308 nje\u0308suar be\u0308het nga Kolegjet e Bashkuara<\/strong>. Kolegjet e Bashkuara te\u0308 Gjykate\u0308s se\u0308 Larte\u0308 gjykojne\u0308 sipas rregullave te\u0308 caktuara pe\u0308r kolegjin kur marrin pjese\u0308 jo me\u0308 pak se 2\/3 e te\u0308 gjithe\u0308 ane\u0308tare\u0308ve te\u0308 Gjykate\u0308s se\u0308 Larte\u0308.<\/p>\n<ul style=\"text-align: justify;\">\n<li>Kur Kolegji Civil ose Kolegjet e Bashkuara te\u0308 Gjykate\u0308s se\u0308 Larte\u0308 vendosin nje\u0308simin ose ndryshimin e praktike\u0308s gjyqe\u0308sore, ne\u0308 vendim <strong>gjykata formulon edhe rregullin e se\u0308 drejte\u0308s pe\u0308r c\u0327do c\u0327e\u0308shtje te\u0308 shtruar pe\u0308r zgjidhje ne\u0308 vendimin e nde\u0308rmjete\u0308m<\/strong> te\u0308 marre\u0308 gjate\u0308 gjykimit te\u0308 c\u0327e\u0308shtjes. Ne\u0308 ke\u0308te\u0308 rast, vendimi botohet ne\u0308 Fletoren Zyrtare.<\/li>\n<li><strong>Risi e ke\u0308tij ligji<\/strong> e\u0308shte\u0308 edhe parashikimi qe\u0308 pe\u0308r shkak te\u0308 interesit qe\u0308 paraqet nje\u0308simi ose ndryshimi i praktike\u0308s gjyqe\u0308sore, ne\u0308 ke\u0308to gjykime, kur e\u0308shte\u0308 rasti, <strong>Gjykata e Larte\u0308 mund te\u0308 ke\u0308rkoje\u0308 mendim me shkrim nga Avokatura e Shtetit, si dhe nga persona juridike\u0308 pubilke\u0308 ose private\u0308<\/strong> qe\u0308 cmohet se kane\u0308 njohuri te\u0308 posacme pe\u0308r c\u0327e\u0308shtjet ligjore te\u0308 shtruara pe\u0308r nje\u0308sim ose ndryshim te\u0308 praktike\u0308s gjyqe\u0308sore.<\/li>\n<li><strong>Procedimet paragjykimore<\/strong>.<\/li>\n<\/ul>\n<p style=\"text-align: justify;\">Me shume\u0308 interes paraqitet edhe sanksionimi i procedimeve paragjykimore ne\u0308 Gjykate\u0308n e Larte\u0308, duke parashikuar se ne\u0308se Kolegji Civil ose Kolegjet e Bashkuara te\u0308 Gjykate\u0308s se\u0308 Larte\u0308, gjate\u0308 shqyrtimit te\u0308 c\u0327e\u0308shtjes, ne\u0308 dhome\u0308 ke\u0308shillimi ose ne\u0308 seance\u0308 gjyqe\u0308sore, <strong>vendosin t&#8217;i drejtohen Gjykate\u0308s Europiane pe\u0308r te\u0308 Drejtat e Njeriut<\/strong> ose <strong>gjykatave te\u0308 tjera nde\u0308rkombetare<\/strong>, sipas detyrimeve qe\u0308 rrjedhin nga marre\u0308veshjet nde\u0308rkombe\u0308tare te\u0308 ratifikuara nga Republika e Shqipe\u0308rise, <strong>vendosin pezullimin e shqyrtimit te\u0308 c\u0327e\u0308shtjes<\/strong>. Vendimi i pezullimit zgjat deri ne\u0308 marrjen e vendimit nga gjykata nde\u0308rkombe\u0308tare.<\/p>\n<ul style=\"text-align: justify;\">\n<li><strong>Vendimet e Gjykate\u0308s se\u0308 Larte\u0308<\/strong>.<\/li>\n<\/ul>\n<p style=\"text-align: justify;\">Po keshtu, paraqiten ndryshime te\u0308 re\u0308nde\u0308sishme ne\u0308 nenin 485, ku parashikohen llojet e vendimeve te\u0308 Gjykate\u0308s se\u0308 Larte\u0308, <strong>duke parashikuar si risi vendimmarrjen jo pe\u0308rfundimtare te\u0308 mospranimit te\u0308 rekursit te\u0308 Kolegjit Civil te\u0308 Gjykate\u0308s se\u0308 Larte\u0308 ne\u0308 seance\u0308 gjyqe\u0308sore<\/strong>.<\/p>\n<p style=\"text-align: justify;\">Nje\u0308 <strong>tjete\u0308r risi<\/strong> ne\u0308 vendimmarrjen e Gjykate\u0308s se\u0308 Larte\u0308 e\u0308shte\u0308 edhe <u>vendimi pe\u0308r ndryshimin e vendimit t\u00eb shkall\u00ebs s\u00eb par\u00eb dhe t\u00eb vendimit t\u00eb gjykat\u00ebs s\u00eb apelit dhe<\/u> <strong>zgjidhjen p\u00ebrfundimisht t\u00eb \u00e7\u00ebshtjes<\/strong> <strong>kur zbatimi i ligjit procedural apo material nuk diktohet nga nevoja p\u00ebr rishqyrtimin dhe rivler\u00ebsimin e fakteve apo t\u00eb provave t\u00eb \u00e7\u00ebshtjes<\/strong>.<\/p>\n<ul style=\"text-align: justify;\">\n<li>Nje\u0308 ndryshim i re\u0308nde\u0308sishe\u0308m praktik e\u0308shte\u0308 edhe parashikimi i <strong>njoftimit te\u0308 vendimeve<\/strong> te\u0308 Gjykate\u0308s se\u0308 Larte\u0308 <strong>brenda 3 dite\u0308ve nga marrja e vendimit<\/strong>, pasi tradicionalisht vendimet e Gjykate\u0308s se\u0308 Larte\u0308 nuk jane\u0308 njoftuar, duke u krijuar ke\u0308shtu edhe problematika e madhe kushtetuese dhe ligjore e pasigurise\u0308 se\u0308 pe\u0308rcaktimit te\u0308 momentit ligjor te\u0308 nisjes se\u0308 afatit te\u0308 ankimit individual kushtetues.<\/li>\n<li><strong>Heqja dore\u0308 nga rekursi<\/strong>.<\/li>\n<\/ul>\n<p style=\"text-align: justify;\">Ndryshimet ne\u0308 nenin 490 te\u0308 Kodit, kane\u0308 parashikuar se pala mund te\u0308 heqe\u0308 dore\u0308 nga rekursi derisa Kolegji Civil apo Kolegjet e Bashkuara te\u0308 Gjykate\u0308s se\u0308 Larte\u0308 <strong>nuk jane\u0308 te\u0308rhequr pe\u0308r vendim<\/strong>, <strong>ne\u0308 ndryshim<\/strong> nga <strong>parashikimi ligjor i tanishe\u0308m <\/strong>i cili pe\u0308rcakton se rekursi mund te\u0308 te\u0308rhiqet derisa <strong>nuk e\u0308shte\u0308 filluar relatimi ne\u0308 seance\u0308 gjyqe\u0308sore<\/strong>.<\/p>\n<ul style=\"text-align: justify;\">\n<li><strong>Ndryshohen rregullat ne\u0308 lidhje me rigjykimin<\/strong>.<\/li>\n<\/ul>\n<p style=\"text-align: justify;\">E\u0308shte\u0308 parashikuar se Gjykata e Larte\u0308, kur de\u0308rgon ce\u0308shtjen pe\u0308r rigjykim, ne\u0308 vendim pe\u0308rcakton se cila pjese\u0308 e vendimit ose gjykimit te\u0308 faktit prishet dhe pe\u0308r cile\u0308n pjese\u0308 te\u0308 mosmarre\u0308veshjes duhet te\u0308 zhvillohet rigjykimi. <strong>Rigjykimi i ce\u0308shtjes pas prishjes se\u0308 vendimit kufizohet vete\u0308m ne\u0308 shkaqet e prishjes se\u0308 vendimit, qofte\u0308 pe\u0308r ce\u0308shtje te\u0308 faktit apo pe\u0308r ce\u0308shtje te\u0308 ligjit<\/strong>. <strong>Pjese\u0308t e pace\u0308nuara te\u0308 vendimit apo gjykimit nga gjykata me\u0308 e larte\u0308 nuk rishqyrtohen<\/strong>. Ne\u0308 ndryshim nga <strong>dispozita e tanishme<\/strong> e cila tradicionalisht nuk e\u0308shte\u0308 kuptuar apo nuk e\u0308shte\u0308 zbatuar drejte\u0308, pasi pasi gjykatat pas prishjes dhe kthimit pe\u0308r rigjykim <strong>e shqyrton nga e para gjykimin<\/strong>, duke lejuar ke\u0308shtu ndryshimin e objektit te\u0308 padise\u0308 apo shkakut ligjor, ndryshimin e nde\u0308rgjyqe\u0308sise\u0308 apo duke pe\u0308rse\u0308ritur plote\u0308sisht shqyrtimin gjyqe\u0308sor edhe pe\u0308r c\u0327e\u0308shtjet te\u0308 cilat ne\u0308 gjykim apo vendim nuk jane\u0308 ce\u0308nuar nga gjykata me\u0308 e larte\u0308.<\/p>\n<ul style=\"text-align: justify;\">\n<li>E\u0308shte\u0308 rregulluar edhe c\u0327e\u0308shtja e shqyrtimit te\u0308 ankimeve <strong>kunde\u0308r veprimeve ose refuzimit te\u0308 pe\u0308rmbaruesit gjyqe\u0308sor<\/strong>, <strong>duke parashikuar shqyrtimin e tyre nga nje\u0308 gjyqtar i vete\u0308m<\/strong>, gjat\u00eb gjith\u00eb faz\u00ebs s\u00eb ekzekutimit t\u00eb detyruesh\u00ebm t\u00eb titullit ekzekutiv kur veprimet ose refuzimi i p\u00ebrmbaruesit gjyq\u00ebsor lidhet me t\u00eb nj\u00ebjtin titull ekzekutiv.<\/li>\n<li style=\"text-align: justify;\"><strong>Se\u0308 fundmi<\/strong>, ligji rregullon edhe periudhe\u0308n tranzitore, duke pe\u0308rcaktuar se pe\u0308rbe\u0308rja e trupave gjykues si dhe procedura e gjykimit ne\u0308 Gjykate\u0308n e Larte\u0308 rregullohet sipas pe\u0308rcaktimeve te\u0308 ke\u0308tij ligji. Lidhur me rekurset qe\u0308 jane\u0308 paraqitur ne\u0308 gjykate\u0308, por ende nuk jane\u0308 shqyrtuar, do te\u0308 konsiderohen te\u0308 pranueshe\u0308m ne\u0308se plote\u0308sojne\u0308 kushtet e ligjit ne\u0308 kohe\u0308n e depozitimit te\u0308 tyre.<\/li>\n<\/ul>\n","protected":false},"excerpt":{"rendered":"<p>Ligji Nr. 44\/2021 \u201cP\u00ebr disa shtesa dhe ndryshime ne\u0308 ligjin nr. 8116. date\u0308 29\/3\/1996, \u201cKodi i Procedure\u0308s Civile i Republike\u0308s se\u0308 Shqipe\u0308rise\u0308\u201d, te\u0308 ndryshuar\u201d.<br \/>\nLigji nr. 44\/2021 \u00ebsht\u00eb botuar n\u00eb Fletoren Zyrtare nr. 71, dat\u00eb 14.05.2021, dhe hyn n\u00eb fuqi n\u00eb dat\u00ebn 30.05.2021.<\/p>\n","protected":false},"author":1,"featured_media":0,"parent":12658,"menu_order":0,"comment_status":"closed","ping_status":"closed","template":"","meta":{"editor_plus_copied_stylings":"{}","footnotes":""},"class_list":["post-12985","page","type-page","status-publish","hentry"],"featured_image_src":null,"featured_image_src_square":null,"_links":{"self":[{"href":"https:\/\/shp.al\/sq\/wp-json\/wp\/v2\/pages\/12985","targetHints":{"allow":["GET"]}}],"collection":[{"href":"https:\/\/shp.al\/sq\/wp-json\/wp\/v2\/pages"}],"about":[{"href":"https:\/\/shp.al\/sq\/wp-json\/wp\/v2\/types\/page"}],"author":[{"embeddable":true,"href":"https:\/\/shp.al\/sq\/wp-json\/wp\/v2\/users\/1"}],"replies":[{"embeddable":true,"href":"https:\/\/shp.al\/sq\/wp-json\/wp\/v2\/comments?post=12985"}],"version-history":[{"count":2,"href":"https:\/\/shp.al\/sq\/wp-json\/wp\/v2\/pages\/12985\/revisions"}],"predecessor-version":[{"id":13196,"href":"https:\/\/shp.al\/sq\/wp-json\/wp\/v2\/pages\/12985\/revisions\/13196"}],"up":[{"embeddable":true,"href":"https:\/\/shp.al\/sq\/wp-json\/wp\/v2\/pages\/12658"}],"wp:attachment":[{"href":"https:\/\/shp.al\/sq\/wp-json\/wp\/v2\/media?parent=12985"}],"curies":[{"name":"wp","href":"https:\/\/api.w.org\/{rel}","templated":true}]}}