{"id":12982,"date":"2021-05-19T08:19:32","date_gmt":"2021-05-19T08:19:32","guid":{"rendered":"https:\/\/shp.al\/?page_id=12982"},"modified":"2021-05-19T08:40:05","modified_gmt":"2021-05-19T08:40:05","slug":"ndryshime-te-rendesishme-ne-kodin-penal","status":"publish","type":"page","link":"https:\/\/shp.al\/sq\/azhurnime-ligjore\/ndryshime-te-rendesishme-ne-kodin-penal\/","title":{"rendered":"Ndryshime t\u00eb r\u00ebnd\u00ebsishme n\u00eb Kodin Penal"},"content":{"rendered":"<ul>\n<li style=\"text-align: justify;\"><strong>Ligji nr. 43\/2021 <\/strong>\u201c<em>P\u00ebr disa shtesa dhe ndryshime n\u00eb ligjin nr. 7895, dat\u00eb 27.1.1995, &#8220;Kodi Penal i Republik\u00ebs s\u00eb Shqip\u00ebris\u00eb&#8221;, t\u00eb ndryshuar<\/em>\u201d.Ligji nr. 45\/2021 \u00ebsht\u00eb botuar n\u00eb Fletoren Zyrtare nr. 71, dat\u00eb 14.05.2021.<strong>Ky ligj hyn n\u00eb fuqi n\u00eb dat\u00ebn 1 qershor 2021.<\/strong>\n<p>Ndryshimet n\u00eb Kodin Penal vijn\u00eb paralelisht me ndryshimet n\u00eb Kodin e Procedur\u00ebs Penale lidhur me kompetenc\u00ebn l\u00ebndore t\u00eb Gjykatave t\u00eb Posa\u00e7me kund\u00ebr Korrupsionit dhe Krimit t\u00eb Organizuar.<\/p>\n<p>Q\u00ebllimi i nd\u00ebrmarrjes s\u00eb nism\u00ebs, lidhet me krijimin e kushteve t\u00eb p\u00ebrshtatshme p\u00ebr ushtrimin e ndjekjes penale nga SPAK dhe Gjykatat e Posa\u00e7me, p\u00ebr ato vepra penale p\u00ebr t\u00eb cilat pasoja jan\u00eb t\u00eb r\u00ebnda. Veprat penale t\u00eb parashikuara n\u00eb nenet 244, 245\/1, 258, dhe 259 t\u00eb Kodit Penal, q\u00eb lidhen me korrupsionin aktiv t\u00eb personave q\u00eb ushtrojn\u00eb funksione publike, ushtrimin e ndikimit t\u00eb paligjsh\u00ebm ndaj personave q\u00eb ushtrojn\u00eb funksione publike, korrupsioni pasiv i personave q\u00eb ushtrojn\u00eb funksione publike, si dhe shkelja e barazis\u00eb n\u00eb tendera, propozohet t\u00eb ndahen dy paragraf\u00eb t\u00eb ndrysh\u00ebm, duke u bazuar n\u00eb vler\u00ebn e p\u00ebrfitimit t\u00eb parregullt. Veprat penale t\u00eb m\u00ebsip\u00ebrme jan\u00eb riformuluar me q\u00ebllim zbatimin e drejt\u00eb nga ana e organeve proceduese, duke vendosur limite monetar\u00eb p\u00ebr cil\u00ebsimin e k\u00ebtyre veprave penale dhe, p\u00ebr rrjedhoj\u00eb, duke p\u00ebrshtatur mas\u00ebn e d\u00ebnimit, n\u00eb var\u00ebsi t\u00eb rrethanave cil\u00ebsuese p\u00ebrkat\u00ebse.<\/p>\n<p>N\u00eb baz\u00eb t\u00eb ligjit t\u00eb m\u00ebsip\u00ebrm jan\u00eb b\u00ebr\u00eb k\u00ebto ndryshime:<\/p>\n<ul>\n<li>&#8220;<strong>Korrupsioni aktiv i personave q\u00eb ushtrojn\u00eb funksione publike&#8221;<\/strong><\/li>\n<\/ul>\n<p>Duke u ndalur konkretisht n\u00eb ndryshimet e k\u00ebtij ligji, neni 244 i Kodit ka p\u00ebsuar ndryshim duke p\u00ebrcaktuar n\u00eb paragrafin e par\u00eb se premtimi, propozimi ose dh\u00ebnia, drejtp\u00ebrdrejt ose t\u00ebrthorazi, i \u00e7far\u00ebdo p\u00ebrfitimi t\u00eb parregullt, <strong>deri n\u00eb vler\u00ebn 500,000 Lek ose ekuivalenc\u00ebn n\u00eb monedh\u00eb t\u00eb huaj,<\/strong> personit q\u00eb ushtron funksionin publik, p\u00ebr vete ose p\u00ebr persona t\u00eb tjer\u00eb p\u00ebr t\u00eb kryer ose mos kryer nj\u00eb veprim, q\u00eb lidhet me detyr\u00ebn ose funksionin e tij, d\u00ebnohen me burgim nga <strong>gjasht\u00eb muaj deri n\u00eb 1 vit.<\/strong><\/p>\n<p>Nga ana tjet\u00ebr, n\u00eb paragrafin e dyt\u00eb \u00ebsht\u00eb parashikuar se <strong>kur p\u00ebrfitimi i parregullt i personit q\u00eb ushtron funksionin publik<\/strong>, p\u00ebr vete ose p\u00ebr persona t\u00eb tjer\u00eb, <strong>\u00ebsht\u00eb mbi vler\u00ebn 50.000 lek\u00eb ose ekuivalenc\u00ebn n\u00eb monedh\u00eb t\u00eb huaj<\/strong>, vepra penale do t\u00eb jet\u00eb e d\u00ebnueshme me burgim nga <strong>1 deri n\u00eb 3 vjet<\/strong>. <strong>Pra, n\u00eb k\u00ebt\u00eb paragraf \u00ebsht\u00eb kryer cil\u00ebsimi i vepr\u00ebs penale, bazuar n\u00eb mas\u00ebn e p\u00ebrfitimit t\u00eb parregullt q\u00eb ushtron funksionin publik, duke parashikuar mas\u00ebn e denimit deri n\u00eb 3 vjet.<\/strong><\/p>\n<ul>\n<li><strong>Cil\u00ebsimi i vepr\u00ebs penale t\u00eb \u201cUshtrimit t\u00eb ndikimit t\u00eb paligjsh\u00ebm\u201d<\/strong><\/li>\n<\/ul>\n<p>Ndryshim ka p\u00ebsuar edhe neni 245\/1 i Kodit q\u00eb parashikon vepr\u00ebn penale <strong>t\u00eb ushtrimit t\u00eb ndikimit t\u00eb paligjshem.<\/strong> Konkretisht, \u00ebsht\u00eb kryer <strong>cil\u00ebsimi i k\u00ebsaj vepre penale<\/strong>, duke p\u00ebrcaktuar se premtimi, propozimi ose dh\u00ebnia, drejtp\u00ebrdrejt ose t\u00ebrthorazi, i cfar\u00ebdo p\u00ebrfitimi t\u00eb parregullt, <strong>deri n\u00eb vler\u00ebn 50,000 Lek ose ekuivalenc\u00ebn n\u00eb monedhe t\u00eb huaj,<\/strong> p\u00ebr vete ose p\u00ebr persona t\u00eb tjer\u00eb, personit\u00a0 q\u00eb premton ose siguron se \u00ebsht\u00eb n\u00eb gjendje t\u00eb ushtroj\u00eb ndikim t\u00eb paligjshem n\u00eb kryerjen e detyres dhe marrjen e vendimeve nga personat q\u00eb ushtrojn\u00eb funksione publike, shqiptare ose t\u00eb huaj, pavar\u00ebsisht n\u00ebse \u00ebsht\u00eb realizuar ushtrimi i ndikimit ose kan\u00eb ardhur apo jo pasojat e d\u00ebshiruara, <strong>d\u00ebnohen me burgim nga gjasht\u00eb muaj deri n\u00eb 1 vit.<\/strong> Nd\u00ebrkohe, <strong>kur p\u00ebrfitimi i parregullt \u00ebsht\u00eb mbi vler\u00ebn 50,000 ose ekuivalencen n\u00eb monedhe t\u00eb huaj, masa e denimit me burgim \u00ebsht\u00eb nga 1 deri n\u00eb 3 vjet.<\/strong><\/p>\n<p>N\u00eb paragrafin e tret\u00eb parashikohet se <strong>k\u00ebrkimi, marrja ose pranimi, drejtp\u00ebrdrejt ose t\u00ebrthorazi<\/strong>, i cfar\u00ebdo p\u00ebrfitimi t\u00eb parregullt, <strong>deri n\u00eb vler\u00ebn deri n\u00eb 50,000 Lek ose ekuivalencen n\u00eb monedhe t\u00eb huaj<\/strong>, p\u00ebr veten e tij ose p\u00ebr persona t\u00eb tjere, duke premtuar ose siguruar aftesin\u00eb p\u00ebr t\u00eb ushtruar ndikim t\u00eb paligjshem n\u00eb kryerjen e detyres nga persona q\u00eb ushtrojne funksione publike, shqiptare ose t\u00eb huaj, pavar\u00ebsisht n\u00ebse \u00ebsht\u00eb kryer ushtrimi i ndikimit ose kan\u00eb ardhur apo jo pasojat e d\u00ebshiruara, <strong>d\u00ebnohen me burgim nga gjashte muaj deri n\u00eb dy vjet<\/strong>. Se fundmi \u00ebsht\u00eb parashikuar se <strong>kur p\u00ebrfitimi i parregullt, \u00ebsht\u00eb mbi vler\u00ebn 50,000 lek, ose ekuivalencen n\u00eb monedh\u00eb t\u00eb huaj, masa e d\u00ebnimit varion nga 2 deri n\u00eb 4 vjet.<\/strong><\/p>\n<ul>\n<li><strong>\u00cbsht\u00eb b\u00ebr\u00eb cil\u00ebsimi juridik i vepr\u00ebs penale t\u00eb shkeljes s\u00eb barazis\u00eb s\u00eb pjes\u00ebmarr\u00ebsve n\u00eb tendera apo ankande publike<\/strong><\/li>\n<\/ul>\n<p><strong>Edhe n\u00eb nenin 258, jan\u00eb vendosur limite n\u00eb vler\u00eb monetare lidhur me tenderin ose ankandin publik p\u00ebr t\u00eb b\u00ebr\u00eb cil\u00ebsimin juridik t\u00eb vepres penale.<\/strong> Me specifikisht, dispozita \u00ebsht\u00eb ndare me dy paragrafe, duke p\u00ebrcaktuar n\u00eb paragrafin e par\u00eb se kryerja nga personi i ngarkuar me funksione shtet\u00ebrore apo n\u00eb sh\u00ebrbim publik i veprimeve n\u00eb kund\u00ebrshtim me ligjet q\u00eb rregullojn\u00eb lirin\u00eb e pjes\u00ebmarrjes dhe barazin\u00eb e shtetasve n\u00eb tendera dhe ankande publike, p\u00ebr t\u00eb krijuar avantazhe ose privilegje t\u00eb padrejta p\u00ebr t\u00eb tret\u00ebt, <strong>kur tenderi ose ankandi publik \u00ebsht\u00eb deri n\u00eb vler\u00ebn 800,000 lek ose ekuivalencen n\u00eb monedhe t\u00eb huaj, d\u00ebnohet me burgim gjer n\u00eb 1 vit.<\/strong> N\u00eb <strong>rast se kjo vep\u00ebr penale kryhet me tender ose ankande publike me vler\u00eb mbi 800,000 ose ekuivalencen n\u00eb monedhe t\u00eb huaj, d\u00ebnohet me burgim nga 1 deri n\u00eb 5 vjet.<\/strong><\/p>\n<ul>\n<li><strong>Vendosen limite me vler\u00eb monetare n\u00eb vepr\u00ebn penale Korrupsioni pasiv i personave q\u00eb ushtrojn\u00eb funksione publike<\/strong><\/li>\n<\/ul>\n<p>Se fundmi, ka p\u00ebsuar ndryshim edhe vepra penale e parashikuar n\u00eb nenin 259 t\u00eb Kodit, lidhur me korrupsionin pasiv t\u00eb personave q\u00eb ushtrojne funksione publike, <strong>duke p\u00ebrcaktuar n\u00eb paragrafin e par\u00eb vler\u00ebn e p\u00ebrfitimit t\u00eb parregullt deri n\u00eb 50,000 lek\u00eb ose ekuivalenc\u00ebn n\u00eb monedh\u00eb t\u00eb huaj. <\/strong>Pra, k\u00ebrkimi ose marrja, drejtp\u00ebrdrejt ose t\u00ebrthorazi, i cdo lloj p\u00ebrfitimi t\u00eb parregullt ose i nje premtimi t\u00eb tille, deri n\u00eb kete vler\u00eb, p\u00ebr vete ose p\u00ebr persona t\u00eb tjer\u00eb, ose pranimi i nj\u00eb oferte a premtimi q\u00eb vjen nga p\u00ebrfitimi i parregullt, nga personi q\u00eb ushtron funksione publike, p\u00ebr t\u00eb kryer ose mos kryer nje veprim, q\u00eb lidhet me detyr\u00ebn a funksionin e tij, <strong>d\u00ebnohet me burgim nga dy deri n\u00eb tre vjet.<\/strong> <strong>Nd\u00ebrkoh\u00eb n\u00eb paragrafin e dyt\u00eb, p\u00ebrcaktohet se kur p\u00ebrfitimi i parregullt, ose premtimi i nj\u00eb p\u00ebrfitimi t\u00eb till\u00eb, \u00ebsht\u00eb mbi vler\u00ebn 50,000 lek, ose ekuivalenc\u00ebn n\u00eb monedhe t\u00eb huaj, kjo vep\u00ebr penale d\u00ebnohet me burgim nga tre deri n\u00eb tet\u00eb vjet. <\/strong><\/p>\n<p>Me amendimet q\u00eb jan\u00eb kryer n\u00eb dispozitat e m\u00ebsip\u00ebrme, ligjv\u00ebn\u00ebsi ka kryer ndryshimet p\u00ebrkat\u00ebse edhe n\u00eb nenin 75\/a t\u00eb Kodit t\u00eb Procedures Penale, duke parashikuar kompetencen l\u00ebndore t\u00eb gjykatave t\u00eb posacme vet\u00ebm p\u00ebr gjykimin e veprave penale n\u00eb nenet 244 paragrafi 2, 245\/1 paragrafet 2 dhe 4, 258 paragrafi 2 dhe 259 paragrafi 2 t\u00eb Kodit Penal.<\/li>\n<\/ul>\n","protected":false},"excerpt":{"rendered":"<p>Ligji nr. 43\/2021 \u201cP\u00ebr disa shtesa dhe ndryshime n\u00eb ligjin nr. 7895, dat\u00eb 27.1.1995, &#8220;Kodi Penal i Republik\u00ebs s\u00eb Shqip\u00ebris\u00eb&#8221;, t\u00eb ndryshuar\u201d.<br \/>\nLigji nr. 45\/2021 \u00ebsht\u00eb botuar n\u00eb Fletoren Zyrtare nr. 71, dat\u00eb 14.05.2021.<br \/>\nKy ligj hyn n\u00eb fuqi n\u00eb dat\u00ebn 1 qershor 2021.<\/p>\n","protected":false},"author":1,"featured_media":0,"parent":12658,"menu_order":0,"comment_status":"closed","ping_status":"closed","template":"","meta":{"editor_plus_copied_stylings":"{}","footnotes":""},"class_list":["post-12982","page","type-page","status-publish","hentry"],"featured_image_src":null,"featured_image_src_square":null,"_links":{"self":[{"href":"https:\/\/shp.al\/sq\/wp-json\/wp\/v2\/pages\/12982","targetHints":{"allow":["GET"]}}],"collection":[{"href":"https:\/\/shp.al\/sq\/wp-json\/wp\/v2\/pages"}],"about":[{"href":"https:\/\/shp.al\/sq\/wp-json\/wp\/v2\/types\/page"}],"author":[{"embeddable":true,"href":"https:\/\/shp.al\/sq\/wp-json\/wp\/v2\/users\/1"}],"replies":[{"embeddable":true,"href":"https:\/\/shp.al\/sq\/wp-json\/wp\/v2\/comments?post=12982"}],"version-history":[{"count":3,"href":"https:\/\/shp.al\/sq\/wp-json\/wp\/v2\/pages\/12982\/revisions"}],"predecessor-version":[{"id":12988,"href":"https:\/\/shp.al\/sq\/wp-json\/wp\/v2\/pages\/12982\/revisions\/12988"}],"up":[{"embeddable":true,"href":"https:\/\/shp.al\/sq\/wp-json\/wp\/v2\/pages\/12658"}],"wp:attachment":[{"href":"https:\/\/shp.al\/sq\/wp-json\/wp\/v2\/media?parent=12982"}],"curies":[{"name":"wp","href":"https:\/\/api.w.org\/{rel}","templated":true}]}}