{"id":12979,"date":"2021-05-19T08:15:07","date_gmt":"2021-05-19T08:15:07","guid":{"rendered":"https:\/\/shp.al\/?page_id=12979"},"modified":"2021-05-19T08:15:35","modified_gmt":"2021-05-19T08:15:35","slug":"ndryshime-te-rendesishme-ne-ligjin-per-organizimin-e-prokurorise-ne-republiken-e-shqiperise","status":"publish","type":"page","link":"https:\/\/shp.al\/sq\/azhurnime-ligjore\/ndryshime-te-rendesishme-ne-ligjin-per-organizimin-e-prokurorise-ne-republiken-e-shqiperise\/","title":{"rendered":"Ndryshime t\u00eb r\u00ebnd\u00ebsishme n\u00eb ligjin p\u00ebr organizimin e Prokuroris\u00eb n\u00eb Republik\u00ebn e Shqip\u00ebris\u00eb"},"content":{"rendered":"<p style=\"text-align: justify;\"><strong>Aksesi i Prokuroris\u00eb n\u00eb baz\u00ebn e t\u00eb dh\u00ebnave shtet\u00ebrore<\/strong><\/p>\n<p style=\"text-align: justify;\"><strong>Ligji Nr. 42\/2021 <\/strong>\u201c<em>P\u00ebr disa shtesa dhe ndryshime ne\u0308 ligjin nr. 97\/2016, \u201cP\u00ebr organizimin dhe funksionimin e Prokuroris\u00eb n\u00eb Republik\u00ebn e Shqip\u00ebris\u00eb<\/em>\u201d.<\/p>\n<p style=\"text-align: justify;\">Ligji nr. 42\/2021 \u00ebsht\u00eb botuar n\u00eb Fletoren Zyrtare nr. 71, dat\u00eb 14.05.2021, dhe hyn n\u00eb fuqi n\u00eb dat\u00ebn 30.05.2021.<\/p>\n<p style=\"text-align: justify;\">Ligji ka p\u00ebrcaktuar rregullime mbi figur\u00ebn e k\u00ebshilltarit ligjor n\u00eb Prokurorin\u00eb e P\u00ebrgjithshme dhe riorganizimin e k\u00ebtij institucioni duke p\u00ebrfshir\u00eb Nj\u00ebsin\u00eb e Sh\u00ebrbimit Ligjor. Gjithashtu ligji ka parashikuar se prokurorit\u00eb e juridiksionit t\u00eb p\u00ebrgjithsh\u00ebm t\u00eb ken\u00eb akses t\u00eb drejtp\u00ebrdrejt\u00eb si subjekte t\u00eb interesuara, n\u00eb sistemet e informacionit apo bazat e t\u00eb dh\u00ebnave t\u00eb administruara nga institucionet shtet\u00ebrore. Ne\u0308 me\u0308nyre\u0308 te\u0308 pe\u0308rmbledhur disa nga ndryshimet jane\u0308 si me\u0308 poshte\u0308:<\/p>\n<ul style=\"text-align: justify;\">\n<li><strong>Nj\u00ebsia e sh\u00ebrbimit ligjor <\/strong><\/li>\n<\/ul>\n<p style=\"text-align: justify;\">Ligji ka parashikuar n\u00eb nenin 69 t\u00eb <strong>tij ngritjen e Nj\u00ebsis\u00eb s\u00eb Sh\u00ebrbimit Ligjor<\/strong> pran\u00eb Prokuroris\u00eb s\u00eb P\u00ebrgjithshme. Nj\u00ebsia e Sh\u00ebrbimit Ligjor p\u00ebrb\u00ebhet nga k\u00ebshilltar\u00ebt ligjor\u00eb, n\u00eb t\u00eb cil\u00ebn m\u00eb shum\u00eb se gjysma e numrit t\u00eb p\u00ebrgjithsh\u00ebm p\u00ebrb\u00ebhet nga ndihm\u00ebsmagjistrat\u00eb t\u00eb komanduar, sipas procedurave t\u00eb p\u00ebrcaktuara n\u00eb ligjin \u201cP\u00ebr statusin e gjyqtar\u00ebve dhe prokuror\u00ebve n\u00eb Republik\u00ebn e Shqip\u00ebris\u00eb\u201d.<\/p>\n<p style=\"text-align: justify;\">Prokuror\u00ebt e komanduar caktohen nga K\u00ebshilli i Lart\u00eb i Prokuroris\u00eb n\u00eb Prokurorin\u00eb e P\u00ebrgjithshme sipas ligjit p\u00ebr statusin e gjyqtar\u00ebve dhe prokuror\u00ebve. Statusi i prokuror\u00ebve t\u00eb komanduar p\u00ebrcaktohet n\u00eb ligjin p\u00ebr statusin e gjyqtar\u00ebve dhe prokuror\u00ebve.<\/p>\n<p style=\"text-align: justify;\">K\u00ebshilltar\u00ebt ligjor\u00eb jomagjistrat\u00eb em\u00ebrohen nga K\u00ebshilli i Lart\u00eb i Prokuroris\u00eb sipas rregullave t\u00eb parashikuara n\u00eb k\u00ebt\u00eb ligj.<\/p>\n<p style=\"text-align: justify;\">K\u00ebshilltari ligjor jomagjistrat duhet t\u00eb plot\u00ebsoj\u00eb kriteret e m\u00ebposhtme:<\/p>\n<ul style=\"text-align: justify;\">\n<li>t\u00eb jet\u00eb diplomuar n\u00eb drejt\u00ebsi n\u00eb nivelin \u201cMaster shkencor\u201d, t\u00eb barasvlersh\u00ebm me t\u00eb, sipas p\u00ebrcaktimeve t\u00eb legjislacionit t\u00eb arsimit t\u00eb lart\u00eb;<\/li>\n<li>p\u00ebrvoj\u00eb profesionale <strong>jo m\u00eb pak se 5 vjet <\/strong>si n\u00ebpun\u00ebs i lart\u00eb n\u00eb sistemin gjyq\u00ebsor ose t\u00eb prokuroris\u00eb, n\u00eb administrat\u00ebn publike, profesionet e lira ligjore, m\u00ebsimdh\u00ebnie n\u00eb fakultetet e drejt\u00ebsis\u00eb, ose n\u00eb \u00e7do pozicion tjet\u00ebr t\u00eb barasvlersh\u00ebm me to, n\u00eb sektorin privat ose n\u00eb organizatat nd\u00ebrkomb\u00ebtare;<\/li>\n<li>njohuri n\u00eb jurisprudenc\u00ebn e gjykatave vendase dhe atyre nd\u00ebrkomb\u00ebtare;<\/li>\n<li>njohuri shum\u00eb t\u00eb mira t\u00eb pakt\u00ebn t\u00eb nj\u00eb gjuhe t\u00eb vendeve t\u00eb Bashkimit Europian;<\/li>\n<li>aft\u00ebsi t\u00eb shkrimit dhe arsyetimit ligjor;<\/li>\n<li>t\u00eb mos ket\u00eb masa disiplinore n\u00eb fuqi n\u00eb pozicionet e m\u00ebparshme;<\/li>\n<\/ul>\n<p style=\"text-align: justify;\">Lidhur me formimin profesional, ligji ka parashikuar se Shkolla e Magjistratur\u00ebs, n\u00eb bashk\u00ebpunim me K\u00ebshillin e Larte t\u00eb Prokuroris\u00eb, Prokurorin\u00eb e P\u00ebrgjithshme dhe Prokurorin\u00eb e Posa\u00e7me, kryen formimin fillestar dhe vazhdues t\u00eb k\u00ebshilltar\u00ebve ligjor\u00eb n\u00eb Prokurorin\u00eb e P\u00ebrgjithshme p\u00ebrve\u00e7 kancelar\u00ebve, si dhe p\u00ebrgatit kurrikul\u00ebn <strong>p\u00ebr formimin fillestar p\u00ebr k\u00ebshilltar\u00ebt ligjor\u00eb p\u00ebr nj\u00eb periudh\u00eb prej t\u00eb pakt\u00ebn n\u00ebnte muajsh<\/strong>. Shkolla e Magjistratur\u00ebs ofron formim fillestar p\u00ebr k\u00ebshilltar\u00eb ligjor\u00eb, t\u00eb pakt\u00ebn \u00e7do tre vjet.<\/p>\n<ul style=\"text-align: justify;\">\n<li><strong>Aksesi i prokuroris\u00eb n\u00eb bazat e t\u00eb dh\u00ebnave t\u00eb administruara nga institucionet shtet\u00ebrore <\/strong><\/li>\n<\/ul>\n<p style=\"text-align: justify;\">Ligji parashikon gjithashtu edhe aksesin e drejtp\u00ebrdrejt\u00eb t\u00eb prokurorve t\u00eb juridiksionit t\u00eb p\u00ebrgjithsh\u00ebm, si subjekte t\u00eb interesuara, n\u00eb sistemet e informacionit apo bazat e t\u00eb dh\u00ebnave t\u00eb administruara nga institucionet shtet\u00ebrore, q\u00eb p\u00ebrmbajn\u00eb informacionin e nevojsh\u00ebm p\u00ebr hetimin e veprave penale q\u00eb p\u00ebrfshihen n\u00eb juridiksionin e tyre sipas nenit 148 t\u00eb Kushtetut\u00ebs.<\/p>\n<p style=\"text-align: justify;\">Referuar legjislacionit n\u00eb fuqi rezulton se, disa institucioneve si, Prokuroria e Posa\u00e7me, Byroja Komb\u00ebtare e Hetimit dhe Policia e Shtetit, iu \u00ebsht\u00eb dh\u00ebn\u00eb e drejta e aksesit n\u00eb sistemet e inf0rmacionit ose bazat e t\u00eb dh\u00ebnave t\u00eb administruara nga institucionet shtet\u00ebrore, por kjo e drejt\u00eb nuk \u00ebsht\u00eb parashikuar p\u00ebr prokurorin\u00eb e juridiksionit t\u00eb p\u00ebrgjithsh\u00ebm.<\/p>\n<p style=\"text-align: justify;\">Siaps k\u00ebtij ndryshimi, prokuror\u00ebt mund t\u00eb aksesojn\u00eb nj\u00eb baz\u00eb t\u00eb dh\u00ebnash shtet\u00ebrore vet\u00ebm n\u00eb rastet kur informacioni q\u00eb ruhet n\u00eb at\u00eb baz\u00eb t\u00eb dh\u00ebnash shtet\u00ebrore \u00ebsht\u00eb i nevojsh\u00ebm p\u00ebr t\u00eb hetuar nj\u00eb vep\u00ebr penale.<\/p>\n<p style=\"text-align: justify;\">Aksesi n\u00eb sistemet e informacionit apo bazat e t\u00eb dh\u00ebnave t\u00eb administruara nga institucionet shtet\u00ebrore, u n\u00ebnshtrohet rregullave p\u00ebr mbrojtjen e t\u00eb dh\u00ebnave personale sipas legjislacionit n\u00eb fuqi.<\/p>\n","protected":false},"excerpt":{"rendered":"<p>Aksesi i Prokuroris\u00eb n\u00eb baz\u00ebn e t\u00eb dh\u00ebnave shtet\u00ebrore<br \/>\nLigji Nr. 42\/2021 \u201cP\u00ebr disa shtesa dhe ndryshime ne\u0308 ligjin nr. 97\/2016, \u201cP\u00ebr organizimin dhe funksionimin e Prokuroris\u00eb n\u00eb Republik\u00ebn e Shqip\u00ebris\u00eb\u201d.<\/p>\n","protected":false},"author":1,"featured_media":0,"parent":12658,"menu_order":0,"comment_status":"closed","ping_status":"closed","template":"","meta":{"editor_plus_copied_stylings":"{}","footnotes":""},"class_list":["post-12979","page","type-page","status-publish","hentry"],"featured_image_src":null,"featured_image_src_square":null,"_links":{"self":[{"href":"https:\/\/shp.al\/sq\/wp-json\/wp\/v2\/pages\/12979","targetHints":{"allow":["GET"]}}],"collection":[{"href":"https:\/\/shp.al\/sq\/wp-json\/wp\/v2\/pages"}],"about":[{"href":"https:\/\/shp.al\/sq\/wp-json\/wp\/v2\/types\/page"}],"author":[{"embeddable":true,"href":"https:\/\/shp.al\/sq\/wp-json\/wp\/v2\/users\/1"}],"replies":[{"embeddable":true,"href":"https:\/\/shp.al\/sq\/wp-json\/wp\/v2\/comments?post=12979"}],"version-history":[{"count":1,"href":"https:\/\/shp.al\/sq\/wp-json\/wp\/v2\/pages\/12979\/revisions"}],"predecessor-version":[{"id":12980,"href":"https:\/\/shp.al\/sq\/wp-json\/wp\/v2\/pages\/12979\/revisions\/12980"}],"up":[{"embeddable":true,"href":"https:\/\/shp.al\/sq\/wp-json\/wp\/v2\/pages\/12658"}],"wp:attachment":[{"href":"https:\/\/shp.al\/sq\/wp-json\/wp\/v2\/media?parent=12979"}],"curies":[{"name":"wp","href":"https:\/\/api.w.org\/{rel}","templated":true}]}}