{"id":12957,"date":"2021-05-07T08:02:36","date_gmt":"2021-05-07T08:02:36","guid":{"rendered":"https:\/\/shp.al\/?page_id=12957"},"modified":"2021-05-07T08:02:36","modified_gmt":"2021-05-07T08:02:36","slug":"shtyhet-afati-i-deklarates-individuale-vjetore-te-te-ardhurave","status":"publish","type":"page","link":"https:\/\/shp.al\/sq\/azhurnime-ligjore\/shtyhet-afati-i-deklarates-individuale-vjetore-te-te-ardhurave\/","title":{"rendered":"Shtyhet afati i deklarat\u00ebs individuale vjetore t\u00eb t\u00eb ardhurave"},"content":{"rendered":"<p style=\"text-align: justify;\"><strong>Akti Normativ p\u00ebr nj\u00eb shtes\u00eb n\u00eb ligjin nr. 8438, dat\u00eb 28.12.1998 \u201c<em>P\u00ebr tatimin mbi t\u00eb ardhurat<\/em>\u201d, i ndryshuar.<\/strong><\/p>\n<p style=\"text-align: justify;\">K\u00ebshilli i Ministrave ka miratuar n\u00eb dat\u00ebn 05.05.2021 shtyrjen e afatit t\u00eb plot\u00ebsimit dhe dor\u00ebzimit t\u00eb deklarat\u00ebs individuale vjetore t\u00eb t\u00eb ardhurave deri n\u00eb dat\u00ebn <strong>30 Qershor 2021<\/strong>. Akti hyn n\u00eb fuqi menj\u00ebher\u00eb dhe botohet n\u00eb Fletoren Zyrtare.<\/p>\n<p style=\"text-align: justify;\">T\u00eb gjith\u00eb individ\u00ebt, t\u00eb cil\u00ebt kan\u00eb realizuar gjat\u00eb vitit 2020 t\u00eb ardhura bruto vjetore nga t\u00eb gjitha burimet n\u00eb shum\u00ebn e p\u00ebrgjithshme m\u00eb shum\u00eb se 2,000,000 (dy milion\u00eb) lek\u00eb dhe t\u00eb gjith\u00eb individ\u00ebt t\u00eb cil\u00ebt jan\u00eb t\u00eb pun\u00ebsuar n\u00eb m\u00eb shum\u00eb s\u00eb nj\u00eb pun\u00ebdh\u00ebn\u00ebs edhe n\u00ebse realizojn\u00eb t\u00eb ardhura bruto vjetore m\u00eb pak se 2,000,000 (dy milion\u00eb) lek\u00eb p\u00ebr vitin 2020, kan\u00eb pasur detyrimin e plot\u00ebsimit dhe dor\u00ebzimit t\u00eb deklarat\u00ebs vjetore individuale t\u00eb t\u00eb ardhurave deri n\u00eb dat\u00ebn 30 Prill 2021.<\/p>\n<p style=\"text-align: justify;\">Me aktin normativ t\u00eb m\u00ebsip\u00ebrm afati \u00ebsht\u00eb shtyr\u00eb deri n\u00eb dat\u00ebn <strong>30 Qershor 2021<\/strong>.<\/p>\n","protected":false},"excerpt":{"rendered":"<p>Akti Normativ p\u00ebr nj\u00eb shtes\u00eb n\u00eb ligjin nr. 8438, dat\u00eb 28.12.1998 \u201cP\u00ebr tatimin mbi t\u00eb ardhurat\u201d, i ndryshuar.<br \/>\nK\u00ebshilli i Ministrave ka miratuar n\u00eb dat\u00ebn 05.05.2021 shtyrjen e afatit t\u00eb plot\u00ebsimit dhe dor\u00ebzimit t\u00eb deklarat\u00ebs individuale vjetore t\u00eb t\u00eb ardhurave deri n\u00eb dat\u00ebn 30 Qershor 2021. Akti hyn n\u00eb fuqi menj\u00ebher\u00eb dhe botohet n\u00eb Fletoren Zyrtare.<\/p>\n","protected":false},"author":1,"featured_media":0,"parent":12658,"menu_order":0,"comment_status":"closed","ping_status":"closed","template":"","meta":{"editor_plus_copied_stylings":"{}","footnotes":""},"class_list":["post-12957","page","type-page","status-publish","hentry"],"featured_image_src":null,"featured_image_src_square":null,"_links":{"self":[{"href":"https:\/\/shp.al\/sq\/wp-json\/wp\/v2\/pages\/12957","targetHints":{"allow":["GET"]}}],"collection":[{"href":"https:\/\/shp.al\/sq\/wp-json\/wp\/v2\/pages"}],"about":[{"href":"https:\/\/shp.al\/sq\/wp-json\/wp\/v2\/types\/page"}],"author":[{"embeddable":true,"href":"https:\/\/shp.al\/sq\/wp-json\/wp\/v2\/users\/1"}],"replies":[{"embeddable":true,"href":"https:\/\/shp.al\/sq\/wp-json\/wp\/v2\/comments?post=12957"}],"version-history":[{"count":1,"href":"https:\/\/shp.al\/sq\/wp-json\/wp\/v2\/pages\/12957\/revisions"}],"predecessor-version":[{"id":12958,"href":"https:\/\/shp.al\/sq\/wp-json\/wp\/v2\/pages\/12957\/revisions\/12958"}],"up":[{"embeddable":true,"href":"https:\/\/shp.al\/sq\/wp-json\/wp\/v2\/pages\/12658"}],"wp:attachment":[{"href":"https:\/\/shp.al\/sq\/wp-json\/wp\/v2\/media?parent=12957"}],"curies":[{"name":"wp","href":"https:\/\/api.w.org\/{rel}","templated":true}]}}