{"id":12948,"date":"2021-05-06T12:25:56","date_gmt":"2021-05-06T12:25:56","guid":{"rendered":"https:\/\/shp.al\/?page_id=12948"},"modified":"2021-05-06T12:36:19","modified_gmt":"2021-05-06T12:36:19","slug":"organizimi-dhe-pjesemarrja-ne-grumbullime-e-manifestime-te-paligjshme-gjykata-kushtetuese-shfuqizon-pjeserisht-nenin-262-te-kodit-penal","status":"publish","type":"page","link":"https:\/\/shp.al\/sq\/azhurnime-ligjore\/organizimi-dhe-pjesemarrja-ne-grumbullime-e-manifestime-te-paligjshme-gjykata-kushtetuese-shfuqizon-pjeserisht-nenin-262-te-kodit-penal\/","title":{"rendered":"Organizimi dhe pjes\u00ebmarrja n\u00eb grumbullime e manifestime t\u00eb paligjshme. Gjykata Kushtetuese shfuqizon pjes\u00ebrisht nenin 262 t\u00eb kodit penal"},"content":{"rendered":"<p style=\"text-align: justify;\"><strong>SHPREHJA \u201cPA MARR\u00cb M\u00cb PAR\u00cb LEJEN NGA ORGANI KOMPETETNT SIPAS DISPOZITAVE T\u00cb VE\u00c7ANTA\u201d, ANTIKUSHTETUESE.<\/strong><\/p>\n<p style=\"text-align: justify;\"><strong>Gjykata Kushtetuese me Vendimin e dat\u00ebs 04.05.2021 ka vendosur:<\/strong><\/p>\n<ul style=\"text-align: justify;\">\n<li>Pranimin e k\u00ebrkes\u00ebs.<\/li>\n<li>Shfuqizimin e shprehjes \u201c<strong>pa marr\u00eb m\u00eb par\u00eb lejen nga organi kompetent sipas dispozitave t\u00eb ve\u00e7anta<\/strong>\u201d n\u00eb paragrafin e par\u00eb t\u00eb nenit 262 t\u00eb Kodit Penal.<\/li>\n<li>Detyrimin e Kuvendit t\u00eb plot\u00ebsoj\u00eb norm\u00ebn ligjore nga data e shpalljes s\u00eb vendimit t\u00eb Gjykat\u00ebs Kushtetuese deri n\u00eb hyrjen n\u00eb fuqi t\u00eb tij.<\/li>\n<li>Ky vendim \u00ebsht\u00eb p\u00ebrfundimtar dhe hyn n\u00eb fuqi 6 muaj pas botimit n\u00eb Fletoren Zyrtare.<\/li>\n<\/ul>\n<p style=\"text-align: justify;\">Gjykata Kushtetuese n\u00eb dat\u00ebn 04.05.2021 ka marr\u00eb n\u00eb shqyrtim n\u00eb seanc\u00eb plenare, mbi baz\u00eb dokumentash, \u00e7\u00ebshtjen me k\u00ebrkues Gjykat\u00ebn e Apelit Shkod\u00ebr, me objekt: \u201cShfuqizimi i togfjal\u00ebshit \u201cpa marr\u00eb m\u00eb par\u00eb lejen nga organi kompetent sipas dispozitave t\u00eb ve\u00e7anta\u201d, n\u00eb paragrafin e par\u00eb t\u00eb nenit 262 t\u00eb Kodit Penal t\u00eb Republik\u00ebs s\u00eb Shqip\u00ebris\u00eb, si i papajtuesh\u00ebm me nenet 17, pika 1 dhe 47 t\u00eb Kushtetut\u00ebs s\u00eb Republik\u00ebs s\u00eb Shqip\u00ebris\u00eb.<\/p>\n<p style=\"text-align: justify;\">Vendimi p\u00ebrfundimtar ende nuk \u00ebsht\u00eb shpallur i arsyetuar. Ky vendim \u00ebsht\u00eb shum\u00eb i r\u00ebnd\u00ebsish\u00ebm p\u00ebrsa i p\u00ebrket kufizimit t\u00eb t\u00eb drejtave dhe lirive t\u00eb parashikuara n\u00eb Kushtetut\u00eb, pasi kufizimi duhet t\u00eb jet\u00eb vet\u00ebm me ligj dhe n\u00eb p\u00ebrpjestim me gj\u00ebndjen q\u00eb e ka diktuar ata. Duke q\u00ebn\u00eb se liria e tubimeve paq\u00ebsore dhe pa arm\u00eb, si dhe e pjes\u00ebmarrjes n\u00eb to \u00ebsht\u00eb e garantuar, \u00e7do kufizim q\u00eb vendos ekzekutivi\u00a0 n\u00eb lidhje me k\u00ebt\u00eb t\u00eb drejt\u00eb kushtetuese duhet t\u00eb jet\u00eb n\u00eb p\u00ebrputhje me kushtetut\u00ebn.<\/p>\n<p style=\"text-align: justify;\"><strong>Shfuqizimi i m\u00ebsip\u00ebrm garanton \u00e7do manifestues t\u00eb organizohet dhe t\u00eb tuboj\u00eb paq\u00ebsisht n\u00ebp\u00ebrmjet njoftimit paraprak tek organet kompetente<\/strong>, p\u00ebr t\u00eb zhvilluar tubimin duke p\u00ebrcaktuar or\u00ebn, vendin dhe m\u00ebnyr\u00ebn se si do t\u00eb zhvillohet tubimi. Leja e policis\u00eb nuk duhet t\u00eb jet\u00eb kusht p\u00ebr zhvillimin e protest\u00ebs paq\u00ebsore, dhe n\u00eb k\u00ebt\u00eb m\u00ebnyr\u00eb mosdh\u00ebnia e lej\u00ebs t\u00eb p\u00ebrb\u00ebj\u00eb shkak p\u00ebr ndjekjen penale t\u00eb organizator\u00ebve t\u00eb protest\u00ebs.<\/p>\n<p style=\"text-align: justify;\">Gjykata, me q\u00ebllim q\u00eb t\u2019i jap\u00eb ligjv\u00ebn\u00ebsit koh\u00ebn e mjaftueshme p\u00ebr t\u00eb miratuar norm\u00ebn e re ligjore n\u00eb p\u00ebrputhje me vendimin e saj, vler\u00ebson se Kuvendi duhet t\u00eb plot\u00ebsoj\u00eb at\u00eb brenda afatit 6-mujor.<\/p>\n","protected":false},"excerpt":{"rendered":"<p>SHPREHJA \u201cPA MARR\u00cb M\u00cb PAR\u00cb LEJEN NGA ORGANI KOMPETETNT SIPAS DISPOZITAVE T\u00cb VE\u00c7ANTA\u201d, ANTIKUSHTETUESE.<br \/>\nGjykata Kushtetuese me Vendimin e dat\u00ebs 04.05.2021 ka vendosur:<br \/>\n\u2022\tPranimin e k\u00ebrkes\u00ebs.<br \/>\n\u2022\tShfuqizimin e shprehjes \u201cpa marr\u00eb m\u00eb par\u00eb lejen nga organi kompetent sipas dispozitave t\u00eb ve\u00e7anta\u201d n\u00eb paragrafin e par\u00eb t\u00eb nenit 262 t\u00eb Kodit Penal.<\/p>\n","protected":false},"author":1,"featured_media":0,"parent":12658,"menu_order":0,"comment_status":"closed","ping_status":"closed","template":"","meta":{"editor_plus_copied_stylings":"{}","footnotes":""},"class_list":["post-12948","page","type-page","status-publish","hentry"],"featured_image_src":null,"featured_image_src_square":null,"_links":{"self":[{"href":"https:\/\/shp.al\/sq\/wp-json\/wp\/v2\/pages\/12948","targetHints":{"allow":["GET"]}}],"collection":[{"href":"https:\/\/shp.al\/sq\/wp-json\/wp\/v2\/pages"}],"about":[{"href":"https:\/\/shp.al\/sq\/wp-json\/wp\/v2\/types\/page"}],"author":[{"embeddable":true,"href":"https:\/\/shp.al\/sq\/wp-json\/wp\/v2\/users\/1"}],"replies":[{"embeddable":true,"href":"https:\/\/shp.al\/sq\/wp-json\/wp\/v2\/comments?post=12948"}],"version-history":[{"count":3,"href":"https:\/\/shp.al\/sq\/wp-json\/wp\/v2\/pages\/12948\/revisions"}],"predecessor-version":[{"id":12953,"href":"https:\/\/shp.al\/sq\/wp-json\/wp\/v2\/pages\/12948\/revisions\/12953"}],"up":[{"embeddable":true,"href":"https:\/\/shp.al\/sq\/wp-json\/wp\/v2\/pages\/12658"}],"wp:attachment":[{"href":"https:\/\/shp.al\/sq\/wp-json\/wp\/v2\/media?parent=12948"}],"curies":[{"name":"wp","href":"https:\/\/api.w.org\/{rel}","templated":true}]}}