{"id":12893,"date":"2021-04-14T09:20:36","date_gmt":"2021-04-14T09:20:36","guid":{"rendered":"https:\/\/shp.al\/?page_id=12893"},"modified":"2021-04-14T09:20:36","modified_gmt":"2021-04-14T09:20:36","slug":"aeroporti-nderkombetar-i-kukesit","status":"publish","type":"page","link":"https:\/\/shp.al\/sq\/azhurnime-ligjore\/aeroporti-nderkombetar-i-kukesit\/","title":{"rendered":"Aeroporti Nd\u00ebrkomb\u00ebtar i Kuk\u00ebsit"},"content":{"rendered":"<p style=\"text-align: justify;\"><strong>Vendimi i K\u00ebshillit t\u00eb Ministrave Nr. 181, dat\u00eb 25.03.2021 <\/strong>\u201c<em>P\u00ebr krijimin, shtrirjen territoriale dhe klasifikimin e zon\u00ebs doganore, Aeoroporti Nd\u00ebrkomb\u00ebtar i Kuk\u00ebsit<\/em>\u201d.<\/p>\n<p style=\"text-align: justify;\">Vendimi i K\u00ebshillit t\u00eb Ministrave Nr. 181, dat\u00eb 25.03.2021 \u00ebsht\u00eb botuar n\u00eb Fletoren Zyrtare nr. 51, dat\u00eb 31.03.2021, dhe ka hyr\u00eb n\u00eb fuqi menj\u00ebher\u00eb.<\/p>\n<p style=\"text-align: justify;\">Sipas vendimit t\u00eb m\u00ebsip\u00ebrm K\u00ebshilli i Ministrave ka vendosur krijimin e zon\u00ebs doganore t\u00eb p\u00ebrhershme, Aeroporti Nd\u00ebrkomb\u00ebtar i Kuk\u00ebsit.<\/p>\n","protected":false},"excerpt":{"rendered":"<p>Vendimi i K\u00ebshillit t\u00eb Ministrave Nr. 181, dat\u00eb 25.03.2021 \u201cP\u00ebr krijimin, shtrirjen territoriale dhe klasifikimin e zon\u00ebs doganore, Aeoroporti Nd\u00ebrkomb\u00ebtar i Kuk\u00ebsit\u201d.<\/p>\n","protected":false},"author":1,"featured_media":0,"parent":12658,"menu_order":0,"comment_status":"closed","ping_status":"closed","template":"","meta":{"editor_plus_copied_stylings":"{}","footnotes":""},"class_list":["post-12893","page","type-page","status-publish","hentry"],"featured_image_src":null,"featured_image_src_square":null,"_links":{"self":[{"href":"https:\/\/shp.al\/sq\/wp-json\/wp\/v2\/pages\/12893","targetHints":{"allow":["GET"]}}],"collection":[{"href":"https:\/\/shp.al\/sq\/wp-json\/wp\/v2\/pages"}],"about":[{"href":"https:\/\/shp.al\/sq\/wp-json\/wp\/v2\/types\/page"}],"author":[{"embeddable":true,"href":"https:\/\/shp.al\/sq\/wp-json\/wp\/v2\/users\/1"}],"replies":[{"embeddable":true,"href":"https:\/\/shp.al\/sq\/wp-json\/wp\/v2\/comments?post=12893"}],"version-history":[{"count":1,"href":"https:\/\/shp.al\/sq\/wp-json\/wp\/v2\/pages\/12893\/revisions"}],"predecessor-version":[{"id":12895,"href":"https:\/\/shp.al\/sq\/wp-json\/wp\/v2\/pages\/12893\/revisions\/12895"}],"up":[{"embeddable":true,"href":"https:\/\/shp.al\/sq\/wp-json\/wp\/v2\/pages\/12658"}],"wp:attachment":[{"href":"https:\/\/shp.al\/sq\/wp-json\/wp\/v2\/media?parent=12893"}],"curies":[{"name":"wp","href":"https:\/\/api.w.org\/{rel}","templated":true}]}}