{"id":12885,"date":"2021-04-14T08:56:20","date_gmt":"2021-04-14T08:56:20","guid":{"rendered":"https:\/\/shp.al\/?page_id=12885"},"modified":"2021-04-14T08:56:20","modified_gmt":"2021-04-14T08:56:20","slug":"afati-i-vlefshmerise-se-leternjoftimit-elektronik-zgjatet-deri-ne-daten-30-prill-2021","status":"publish","type":"page","link":"https:\/\/shp.al\/sq\/azhurnime-ligjore\/afati-i-vlefshmerise-se-leternjoftimit-elektronik-zgjatet-deri-ne-daten-30-prill-2021\/","title":{"rendered":"Afati i vlefshm\u00ebris\u00eb s\u00eb let\u00ebrnjoftimit elektronik zgjatet deri n\u00eb dat\u00ebn 30 prill 2021"},"content":{"rendered":"<p style=\"text-align: justify;\"><strong>Akt Normativ Nr. 11, dat\u00eb 25.03.2021 <\/strong>\u201c<em>P\u00ebr nj\u00eb ndryshim n\u00eb ligjin nr.8952, dat\u00eb 10.10.2002, \u201cP\u00ebr let\u00ebrnjoftimin elektronik t\u00eb shtetasve shqiptar\u00eb\u201d, t\u00eb ndryshuar<\/em>\u201d.<\/p>\n<p style=\"text-align: justify;\">Akti Normati Nr. 11, dat\u00eb 25.03.2021 \u00ebsht\u00eb botuar n\u00eb Fletoren Zyrtare nr. 48, dat\u00eb 26.03.2021, dhe ka hyr\u00eb n\u00eb fuqi menj\u00ebher\u00eb.<\/p>\n<p style=\"text-align: justify;\">N\u00eb ligjin nr. 8952\/2002 \u201cP\u00ebr let\u00ebrnjoftimin elektronik t\u00eb shtetasve shqiptar\u00eb\u201d neni 9\/2 ndryshohet si m\u00eb posht\u00eb:<\/p>\n<p style=\"text-align: justify;\">\u201cAfati i vlefshm\u00ebris\u00eb s\u00eb let\u00ebrnjoftimit elektronik t\u00eb shtetasve shqiptar\u00eb, q\u00eb p\u00ebrfundon deri n\u00eb dat\u00ebn 25 prill 2021, zgjatet deri n\u00eb dat\u00ebn 30 prill 2021.\u201d.<\/p>\n","protected":false},"excerpt":{"rendered":"<p>Akt Normativ Nr. 11, dat\u00eb 25.03.2021 \u201cP\u00ebr nj\u00eb ndryshim n\u00eb ligjin nr.8952, dat\u00eb 10.10.2002, \u201cP\u00ebr let\u00ebrnjoftimin elektronik t\u00eb shtetasve shqiptar\u00eb\u201d, t\u00eb ndryshuar\u201d.<\/p>\n","protected":false},"author":1,"featured_media":0,"parent":12658,"menu_order":0,"comment_status":"closed","ping_status":"closed","template":"","meta":{"editor_plus_copied_stylings":"{}","footnotes":""},"class_list":["post-12885","page","type-page","status-publish","hentry"],"featured_image_src":null,"featured_image_src_square":null,"_links":{"self":[{"href":"https:\/\/shp.al\/sq\/wp-json\/wp\/v2\/pages\/12885","targetHints":{"allow":["GET"]}}],"collection":[{"href":"https:\/\/shp.al\/sq\/wp-json\/wp\/v2\/pages"}],"about":[{"href":"https:\/\/shp.al\/sq\/wp-json\/wp\/v2\/types\/page"}],"author":[{"embeddable":true,"href":"https:\/\/shp.al\/sq\/wp-json\/wp\/v2\/users\/1"}],"replies":[{"embeddable":true,"href":"https:\/\/shp.al\/sq\/wp-json\/wp\/v2\/comments?post=12885"}],"version-history":[{"count":1,"href":"https:\/\/shp.al\/sq\/wp-json\/wp\/v2\/pages\/12885\/revisions"}],"predecessor-version":[{"id":12888,"href":"https:\/\/shp.al\/sq\/wp-json\/wp\/v2\/pages\/12885\/revisions\/12888"}],"up":[{"embeddable":true,"href":"https:\/\/shp.al\/sq\/wp-json\/wp\/v2\/pages\/12658"}],"wp:attachment":[{"href":"https:\/\/shp.al\/sq\/wp-json\/wp\/v2\/media?parent=12885"}],"curies":[{"name":"wp","href":"https:\/\/api.w.org\/{rel}","templated":true}]}}