{"id":12884,"date":"2021-04-14T08:55:12","date_gmt":"2021-04-14T08:55:12","guid":{"rendered":"https:\/\/shp.al\/?page_id=12884"},"modified":"2021-04-14T08:55:12","modified_gmt":"2021-04-14T08:55:12","slug":"shmangia-e-tatimit-te-dyfishte-midis-shqiperise-dhe-kosoves","status":"publish","type":"page","link":"https:\/\/shp.al\/sq\/azhurnime-ligjore\/shmangia-e-tatimit-te-dyfishte-midis-shqiperise-dhe-kosoves\/","title":{"rendered":"Shmangia e tatimit t\u00eb dyfisht\u00eb midis Shqip\u00ebris\u00eb dhe Kosov\u00ebs"},"content":{"rendered":"<p style=\"text-align: justify;\"><strong>Ministria p\u00ebr Evrop\u00ebn dhe Pun\u00ebt e Jashtme me njoftimin nr. 3396, dat\u00eb 19.03.2021 <\/strong>\u201c<em>Mbi hyrjen n\u00eb fuqi t\u00eb nj\u00eb protokolli ndryshues\u201d <\/em>ka njoftuar se:<\/p>\n<p style=\"text-align: justify;\">\u201cProtokolli ndryshues i marr\u00ebveshjes nd\u00ebrmjet K\u00ebshillit t\u00eb Ministrave t\u00eb Republik\u00ebs s\u00eb Shqip\u00ebris\u00eb dhe Qeveris\u00eb s\u00eb Republik\u00ebs s\u00eb Kosov\u00ebs p\u00ebr shmangien e tatimit t\u00eb dyfisht\u00eb lidhur me tatimet mbi t\u00eb ardhurat dhe mbi kapitalin dhe p\u00ebr parandalimin e evazionit fiskal\u201d, n\u00ebnshkruar m\u00eb 2.10.2020, ka hyr\u00eb n\u00eb fuqi m\u00eb 16 mars 2021\u201d.<\/p>\n","protected":false},"excerpt":{"rendered":"<p>Ministria p\u00ebr Evrop\u00ebn dhe Pun\u00ebt e Jashtme me njoftimin nr. 3396, dat\u00eb 19.03.2021 \u201cMbi hyrjen n\u00eb fuqi t\u00eb nj\u00eb protokolli ndryshues\u201d ka njoftuar se:<\/p>\n","protected":false},"author":1,"featured_media":0,"parent":12658,"menu_order":0,"comment_status":"closed","ping_status":"closed","template":"","meta":{"editor_plus_copied_stylings":"{}","footnotes":""},"class_list":["post-12884","page","type-page","status-publish","hentry"],"featured_image_src":null,"featured_image_src_square":null,"_links":{"self":[{"href":"https:\/\/shp.al\/sq\/wp-json\/wp\/v2\/pages\/12884","targetHints":{"allow":["GET"]}}],"collection":[{"href":"https:\/\/shp.al\/sq\/wp-json\/wp\/v2\/pages"}],"about":[{"href":"https:\/\/shp.al\/sq\/wp-json\/wp\/v2\/types\/page"}],"author":[{"embeddable":true,"href":"https:\/\/shp.al\/sq\/wp-json\/wp\/v2\/users\/1"}],"replies":[{"embeddable":true,"href":"https:\/\/shp.al\/sq\/wp-json\/wp\/v2\/comments?post=12884"}],"version-history":[{"count":1,"href":"https:\/\/shp.al\/sq\/wp-json\/wp\/v2\/pages\/12884\/revisions"}],"predecessor-version":[{"id":12887,"href":"https:\/\/shp.al\/sq\/wp-json\/wp\/v2\/pages\/12884\/revisions\/12887"}],"up":[{"embeddable":true,"href":"https:\/\/shp.al\/sq\/wp-json\/wp\/v2\/pages\/12658"}],"wp:attachment":[{"href":"https:\/\/shp.al\/sq\/wp-json\/wp\/v2\/media?parent=12884"}],"curies":[{"name":"wp","href":"https:\/\/api.w.org\/{rel}","templated":true}]}}