{"id":12869,"date":"2021-04-14T08:53:14","date_gmt":"2021-04-14T08:53:14","guid":{"rendered":"https:\/\/shp.al\/?page_id=12869"},"modified":"2021-04-14T08:56:54","modified_gmt":"2021-04-14T08:56:54","slug":"miratimi-i-marreveshjes-ndermjet-shtetit-shqiptar-dhe-distributorit-te-autorizuar-per-furnizimin-e-republikes-se-shqiperise-me-vaksinen-kunder-covid-19-te-prodhuar-ne-kine","status":"publish","type":"page","link":"https:\/\/shp.al\/sq\/azhurnime-ligjore\/miratimi-i-marreveshjes-ndermjet-shtetit-shqiptar-dhe-distributorit-te-autorizuar-per-furnizimin-e-republikes-se-shqiperise-me-vaksinen-kunder-covid-19-te-prodhuar-ne-kine\/","title":{"rendered":"Miratimi i marr\u00ebveshjes nd\u00ebrmjet shtetit Shqiptar dhe distributorit t\u00eb autorizuar p\u00ebr furnizimin e Republik\u00ebs s\u00eb Shqip\u00ebris\u00eb me vaksin\u00ebn kund\u00ebr COVID-19 t\u00eb prodhuar n\u00eb Kin\u00eb"},"content":{"rendered":"<p style=\"text-align: justify;\"><strong>Akt Normativ Nr. 9, dat\u00eb 22.03.2021 <\/strong>\u201c<em>P\u00ebr miratimin e tekstit t\u00eb marr\u00ebveshjes nd\u00ebrmjet Ministris\u00eb s\u00eb Sh\u00ebndet\u00ebsis\u00eb dhe Mbrojtjes Sociale, Ministrit t\u00eb Shtetit p\u00ebr Rind\u00ebrtimin dhe Institutit t\u00eb Sh\u00ebndetit Publik dhe distributorit t\u00eb autorizuar \u201cKEYMEN ILA\u00c7 SANAYI VE TICARET\u201d a.<\/em><em>s\u0327<\/em><em>. p\u00ebr furnizimin e Republik\u00ebs s\u00eb Shqip\u00ebris\u00eb me vaksin\u00ebn e inaktivizuar kund\u00ebr covid-19 (vero cell) coronavac, t\u00eb krijuar nga SINOVAC LIFE SCIENCE CO LTD, dhe t\u00eb prodhuar n\u00eb Republik\u00ebn Popullore t\u00eb Kin\u00ebs<\/em>\u201d.<\/p>\n<p style=\"text-align: justify;\">Akti Normati Nr. 9, dat\u00eb 22.03.2021 \u00ebsht\u00eb botuar n\u00eb Fletoren Zyrtare nr. 45, dat\u00eb 23.03.2021, dhe ka hyr\u00eb n\u00eb fuqi menj\u00ebher\u00eb.<\/p>\n<p style=\"text-align: justify;\">Akti i m\u00ebsip\u00ebrm ka si q\u00ebllim miratimin e tekstit t\u00eb marr\u00ebveshjes nd\u00ebrmjet autoriteteve shqiptare dhe Distributorit t\u00eb Autorizuar p\u00ebr furnizimin e Republik\u00ebs s\u00eb Shqip\u00ebris\u00eb me vaksin\u00ebn kund\u00ebr Covid-19 t\u00eb prodhuar n\u00eb Kin\u00eb. Kjo marr\u00ebveshje p\u00ebr shkak t\u00eb sekretit tregtar dhe k\u00ebrkes\u00ebs s\u00eb shprehur n\u00eb marr\u00ebveshje nga Distributori i Autorizuar nuk do t\u00eb publikohet dhe cdo institucion i p\u00ebrfshir\u00eb n\u00eb k\u00ebt\u00eb marr\u00ebveshje ka detyrimin t\u00eb mos b\u00ebj\u00eb publike marr\u00ebveshjen bashkelidhur.Efektet financiare, q\u00eb rrjedhin nga kjo marr\u00ebveshje, p\u00ebrballohen nga fondi rezerv\u00eb i buxhetit t\u00eb shtetit p\u00ebr vitin 2021.<\/p>\n<p style=\"text-align: justify;\"><strong>Me Aktin Normativ nr. 10, dat\u00eb 24.03.2021<\/strong>, botuar n\u00eb Fletoren Zyrtare nr. 45, dat\u00eb 25.03.2021 \u00ebsht\u00eb miratuar marr\u00ebveshja e n\u00ebnshkruar.<\/p>\n<p style=\"text-align: justify;\"><strong>Me Vendimin e K\u00ebshillit t\u00eb Ministrave Nr. 174, dat\u00eb 24.03.2021<\/strong>, \u00ebsht\u00eb vendosur q\u00eb Instituti i Sh\u00ebndetit Publik t\u00eb paguaj\u00eb dozat e vaksinave anti Covid-19, sipas kushteve t\u00eb p\u00ebrcaktuar n\u00eb marr\u00ebveshje n\u00eb shum\u00ebn 10,000,000 USD (dhjet\u00eb milion\u00eb).<\/p>\n","protected":false},"excerpt":{"rendered":"<p>Akt Normativ Nr. 9, dat\u00eb 22.03.2021 \u201cP\u00ebr miratimin e tekstit t\u00eb marr\u00ebveshjes nd\u00ebrmjet Ministris\u00eb s\u00eb Sh\u00ebndet\u00ebsis\u00eb dhe Mbrojtjes Sociale, Ministrit t\u00eb Shtetit p\u00ebr Rind\u00ebrtimin dhe Institutit t\u00eb Sh\u00ebndetit Publik dhe distributorit t\u00eb autorizuar \u201cKEYMEN ILA\u00c7 SANAYI VE TICARET\u201d a.s\u0327. p\u00ebr furnizimin e Republik\u00ebs s\u00eb Shqip\u00ebris\u00eb me vaksin\u00ebn e inaktivizuar kund\u00ebr covid-19 (vero cell) coronavac, t\u00eb krijuar nga SINOVAC LIFE SCIENCE CO LTD, dhe t\u00eb prodhuar n\u00eb Republik\u00ebn Popullore t\u00eb Kin\u00ebs\u201d.<\/p>\n","protected":false},"author":1,"featured_media":0,"parent":12658,"menu_order":0,"comment_status":"closed","ping_status":"closed","template":"","meta":{"editor_plus_copied_stylings":"{}","footnotes":""},"class_list":["post-12869","page","type-page","status-publish","hentry"],"featured_image_src":null,"featured_image_src_square":null,"_links":{"self":[{"href":"https:\/\/shp.al\/sq\/wp-json\/wp\/v2\/pages\/12869","targetHints":{"allow":["GET"]}}],"collection":[{"href":"https:\/\/shp.al\/sq\/wp-json\/wp\/v2\/pages"}],"about":[{"href":"https:\/\/shp.al\/sq\/wp-json\/wp\/v2\/types\/page"}],"author":[{"embeddable":true,"href":"https:\/\/shp.al\/sq\/wp-json\/wp\/v2\/users\/1"}],"replies":[{"embeddable":true,"href":"https:\/\/shp.al\/sq\/wp-json\/wp\/v2\/comments?post=12869"}],"version-history":[{"count":2,"href":"https:\/\/shp.al\/sq\/wp-json\/wp\/v2\/pages\/12869\/revisions"}],"predecessor-version":[{"id":12889,"href":"https:\/\/shp.al\/sq\/wp-json\/wp\/v2\/pages\/12869\/revisions\/12889"}],"up":[{"embeddable":true,"href":"https:\/\/shp.al\/sq\/wp-json\/wp\/v2\/pages\/12658"}],"wp:attachment":[{"href":"https:\/\/shp.al\/sq\/wp-json\/wp\/v2\/media?parent=12869"}],"curies":[{"name":"wp","href":"https:\/\/api.w.org\/{rel}","templated":true}]}}