{"id":12868,"date":"2021-04-14T08:48:45","date_gmt":"2021-04-14T08:48:45","guid":{"rendered":"https:\/\/shp.al\/?page_id=12868"},"modified":"2021-04-14T08:48:45","modified_gmt":"2021-04-14T08:48:45","slug":"plotesimi-i-gjykates-se-larte-me-4-gjyqtare-te-rinj","status":"publish","type":"page","link":"https:\/\/shp.al\/sq\/azhurnime-ligjore\/plotesimi-i-gjykates-se-larte-me-4-gjyqtare-te-rinj\/","title":{"rendered":"Plot\u00ebsimi i Gjykat\u00ebs s\u00eb Lart\u00eb me 4 gjyqtar\u00eb t\u00eb rinj"},"content":{"rendered":"<p style=\"text-align: justify;\"><strong>Presidenti i Republik\u00ebs me Dekretet nr. 12030, nr. 12031, nr. 12032 dhe nr. 12033, dat\u00eb 19.03.2021 <\/strong>\u201c<em>P\u00ebr em\u00ebrimin e Gjyqtarit t\u00eb Gjykat\u00ebs s\u00eb Lart\u00eb\u201d <\/em>ka dekretuar em\u00ebrimin e 4 gjyqtar\u00ebve n\u00eb Gjykat\u00ebn e Lart\u00eb, dhe konkretisht, z. Sokol Binaj, znj. Albana Boksi, z. Sand\u00ebr Simoni dhe z. Klodian Kurushi.<\/p>\n<p style=\"text-align: justify;\">Dekretet e Presidentit jan\u00eb botuar n\u00eb Fletoren Zyrtare nr. 45, dat\u00eb 23.03.2021.<\/p>\n<p style=\"text-align: justify;\">Gjykata e Lart\u00eb me k\u00ebto em\u00ebrime b\u00ebhet n\u00eb total me 7 an\u00ebtar\u00eb dhe funksionale dhe eficente p\u00ebr shyqrtimin e shum\u00eb c\u00ebshtjeve q\u00eb jan\u00eb n\u00eb pritje t\u00eb shqyrtohen prej saj.<\/p>\n","protected":false},"excerpt":{"rendered":"<p>Presidenti i Republik\u00ebs me Dekretet nr. 12030, nr. 12031, nr. 12032 dhe nr. 12033, dat\u00eb 19.03.2021 \u201cP\u00ebr em\u00ebrimin e Gjyqtarit t\u00eb Gjykat\u00ebs s\u00eb Lart\u00eb\u201d ka dekretuar em\u00ebrimin e 4 gjyqtar\u00ebve n\u00eb Gjykat\u00ebn e Lart\u00eb, dhe konkretisht, z. Sokol Binaj, znj. Albana Boksi, z. Sand\u00ebr Simoni dhe z. Klodian Kurushi. <\/p>\n","protected":false},"author":1,"featured_media":0,"parent":12658,"menu_order":0,"comment_status":"closed","ping_status":"closed","template":"","meta":{"editor_plus_copied_stylings":"{}","footnotes":""},"class_list":["post-12868","page","type-page","status-publish","hentry"],"featured_image_src":null,"featured_image_src_square":null,"_links":{"self":[{"href":"https:\/\/shp.al\/sq\/wp-json\/wp\/v2\/pages\/12868","targetHints":{"allow":["GET"]}}],"collection":[{"href":"https:\/\/shp.al\/sq\/wp-json\/wp\/v2\/pages"}],"about":[{"href":"https:\/\/shp.al\/sq\/wp-json\/wp\/v2\/types\/page"}],"author":[{"embeddable":true,"href":"https:\/\/shp.al\/sq\/wp-json\/wp\/v2\/users\/1"}],"replies":[{"embeddable":true,"href":"https:\/\/shp.al\/sq\/wp-json\/wp\/v2\/comments?post=12868"}],"version-history":[{"count":1,"href":"https:\/\/shp.al\/sq\/wp-json\/wp\/v2\/pages\/12868\/revisions"}],"predecessor-version":[{"id":12882,"href":"https:\/\/shp.al\/sq\/wp-json\/wp\/v2\/pages\/12868\/revisions\/12882"}],"up":[{"embeddable":true,"href":"https:\/\/shp.al\/sq\/wp-json\/wp\/v2\/pages\/12658"}],"wp:attachment":[{"href":"https:\/\/shp.al\/sq\/wp-json\/wp\/v2\/media?parent=12868"}],"curies":[{"name":"wp","href":"https:\/\/api.w.org\/{rel}","templated":true}]}}