{"id":12867,"date":"2021-04-14T08:44:16","date_gmt":"2021-04-14T08:44:16","guid":{"rendered":"https:\/\/shp.al\/?page_id=12867"},"modified":"2021-04-14T08:44:16","modified_gmt":"2021-04-14T08:44:16","slug":"ndertimi-i-banesave-sociale-nga-njesite-e-qeverisjes-vendore-dhe-privatet","status":"publish","type":"page","link":"https:\/\/shp.al\/sq\/azhurnime-ligjore\/ndertimi-i-banesave-sociale-nga-njesite-e-qeverisjes-vendore-dhe-privatet\/","title":{"rendered":"Nd\u00ebrtimi i banesave sociale nga nj\u00ebsit\u00eb e qeverisjes vendore dhe privat\u00ebt"},"content":{"rendered":"<p style=\"text-align: justify;\"><strong>Vendimi i K\u00ebshillit t\u00eb Ministrave Nr. 142, dat\u00eb 10.03.2021 <\/strong>\u201c<em>P\u00ebr p\u00ebrcaktimin e kritereve p\u00ebr p\u00ebrfituesit nga programi p\u00ebr zhvillimin e zon\u00ebs, me q\u00ebllim strehimin, m\u00ebnyr\u00ebn e sigurimit t\u00eb strehimit t\u00eb tyre, form\u00ebn e kalimit t\u00eb pron\u00ebsis\u00eb p\u00ebr kuota t\u00eb p\u00ebrcaktuara p\u00ebr banesa sociale nga nd\u00ebrtuesit ose pronar\u00ebt, p\u00ebr strehimin e p\u00ebrfituesve q\u00eb jan\u00eb zhvendosur prej tyre<\/em>\u201d.<\/p>\n<p style=\"text-align: justify;\">VKM Nr. 142, dat\u00eb 10.03.2021 \u00ebsht\u00eb botuar n\u00eb Fletoren Zyrtare nr. 43, dat\u00eb 18.03.2021, dhe ka hyr\u00eb n\u00eb fuqi menj\u00ebher\u00eb.<\/p>\n<p style=\"text-align: justify;\">Vendimi i m\u00ebsip\u00ebrm ka si q\u00ebllim p\u00ebrcaktimin e:<\/p>\n<ol style=\"text-align: justify;\">\n<li>kritereve p\u00ebr p\u00ebrfituesit e programit p\u00ebr zhvillimin e zon\u00ebs, me q\u00ebllim strehimin;<\/li>\n<li>m\u00ebnyr\u00ebs s\u00eb sigurimit t\u00eb strehimit t\u00eb p\u00ebrfituesve gjat\u00eb periudh\u00ebs s\u00eb nd\u00ebrtimit t\u00eb banesave sociale;<\/li>\n<li>form\u00ebs s\u00eb kalimit t\u00eb pron\u00ebsis\u00eb p\u00ebr kuotat e banimit t\u00eb p\u00ebrcaktuara p\u00ebr banesat sociale ose pronar\u00ebt, me q\u00ebllim strehimin e p\u00ebrfituesve q\u00eb jan\u00eb zhvendosur prej tyre.<\/li>\n<\/ol>\n<p style=\"text-align: justify;\">Ky vendim ka p\u00ebrcaktuar rastet kur b\u00ebhet zhvillimi i nj\u00eb zone me q\u00ebllim strehimin duke i dh\u00ebn\u00eb mund\u00ebsi Nj\u00ebsive t\u00eb Qeverisjes Vendore si pronare e truallit por edhe pronar\u00ebve privat\u00eb t\u00eb lidhin marr\u00ebveshje bashk\u00ebpunimi me investitor\u00eb privat\u00eb, me q\u00ebllim nd\u00ebrtimin e banesave sociale.<\/p>\n","protected":false},"excerpt":{"rendered":"<p>Vendimi i K\u00ebshillit t\u00eb Ministrave Nr. 142, dat\u00eb 10.03.2021 \u201cP\u00ebr p\u00ebrcaktimin e kritereve p\u00ebr p\u00ebrfituesit nga programi p\u00ebr zhvillimin e zon\u00ebs, me q\u00ebllim strehimin, m\u00ebnyr\u00ebn e sigurimit t\u00eb strehimit t\u00eb tyre, form\u00ebn e kalimit t\u00eb pron\u00ebsis\u00eb p\u00ebr kuota t\u00eb p\u00ebrcaktuara p\u00ebr banesa sociale nga nd\u00ebrtuesit ose pronar\u00ebt, p\u00ebr strehimin e p\u00ebrfituesve q\u00eb jan\u00eb zhvendosur prej tyre\u201d.<\/p>\n","protected":false},"author":1,"featured_media":0,"parent":12658,"menu_order":0,"comment_status":"closed","ping_status":"closed","template":"","meta":{"editor_plus_copied_stylings":"{}","footnotes":""},"class_list":["post-12867","page","type-page","status-publish","hentry"],"featured_image_src":null,"featured_image_src_square":null,"_links":{"self":[{"href":"https:\/\/shp.al\/sq\/wp-json\/wp\/v2\/pages\/12867","targetHints":{"allow":["GET"]}}],"collection":[{"href":"https:\/\/shp.al\/sq\/wp-json\/wp\/v2\/pages"}],"about":[{"href":"https:\/\/shp.al\/sq\/wp-json\/wp\/v2\/types\/page"}],"author":[{"embeddable":true,"href":"https:\/\/shp.al\/sq\/wp-json\/wp\/v2\/users\/1"}],"replies":[{"embeddable":true,"href":"https:\/\/shp.al\/sq\/wp-json\/wp\/v2\/comments?post=12867"}],"version-history":[{"count":1,"href":"https:\/\/shp.al\/sq\/wp-json\/wp\/v2\/pages\/12867\/revisions"}],"predecessor-version":[{"id":12878,"href":"https:\/\/shp.al\/sq\/wp-json\/wp\/v2\/pages\/12867\/revisions\/12878"}],"up":[{"embeddable":true,"href":"https:\/\/shp.al\/sq\/wp-json\/wp\/v2\/pages\/12658"}],"wp:attachment":[{"href":"https:\/\/shp.al\/sq\/wp-json\/wp\/v2\/media?parent=12867"}],"curies":[{"name":"wp","href":"https:\/\/api.w.org\/{rel}","templated":true}]}}