{"id":12866,"date":"2021-04-14T08:42:23","date_gmt":"2021-04-14T08:42:23","guid":{"rendered":"https:\/\/shp.al\/?page_id=12866"},"modified":"2021-04-14T20:30:55","modified_gmt":"2021-04-14T20:30:55","slug":"marreveshje-partneriteti-tregtie-dhe-bashkepunimi-ndermjet-republikes-se-shqiperise-dhe-britanise-se-madhe-marredheniet-tregtare-midis-paleve-vazhdojne-me-te-njejtat-kushte-edhe-pas-daljes-se-britan","status":"publish","type":"page","link":"https:\/\/shp.al\/sq\/azhurnime-ligjore\/marreveshje-partneriteti-tregtie-dhe-bashkepunimi-ndermjet-republikes-se-shqiperise-dhe-britanise-se-madhe-marredheniet-tregtare-midis-paleve-vazhdojne-me-te-njejtat-kushte-edhe-pas-daljes-se-britan\/","title":{"rendered":"Marr\u00ebveshje partneriteti, tregtie dhe bashk\u00ebpunimi nd\u00ebrmjet Republik\u00ebs s\u00eb Shqip\u00ebris\u00eb dhe Britanis\u00eb s\u00eb Madhe. Marr\u00ebdh\u00ebniet tregtare midis pal\u00ebve vazhdojn\u00eb me t\u00eb nj\u00ebjtat kushte edhe pas daljes s\u00eb Britanis\u00eb s\u00eb Madhe nga BE-ja."},"content":{"rendered":"<p style=\"text-align: justify;\"><strong>Ligji Nr. 31\/2021 <\/strong>\u201c<em>P\u00ebr ratifikimin e marr\u00ebveshjes s\u00eb partneritetit, treg\u00ebtis\u00eb dhe bashk\u00ebpunimit nd\u00ebrmjet Republik\u00ebs s\u00eb Shqip\u00ebris\u00eb, Mbret\u00ebris\u00eb s\u00eb Bashkuar t\u00eb Britanis\u00eb s\u00eb Madhe dhe Irland\u00ebs s\u00eb Veriut<\/em>\u201d.<\/p>\n<p style=\"text-align: justify;\">Ligji Nr.31\/2021 \u00ebsht\u00eb botuar n\u00eb Fletoren Zyrtare nr. 43, dat\u00eb 18.03.2021, dhe ka hyr\u00eb n\u00eb fuqi n\u00eb dat\u00ebn 03.04.2021.<\/p>\n<p style=\"text-align: justify;\">Duke q\u00ebn\u00eb se Marr\u00ebveshja e Stabilizim \u2013Asocimit midis Komuniteteve Evropiane dhe Shteteve An\u00ebtare t\u00eb tyre, nga nj\u00ebra ana, dhe Republik\u00ebs s\u00eb Shqip\u00ebris\u00eb, nga ana tjet\u00ebr e n\u00ebnshkruar n\u00eb Luksemburg, m\u00eb 12 qershor 2006 do t\u00eb pushoj\u00eb s\u00eb zbatuari p\u00ebr Mbret\u00ebrin\u00eb e Bashkuar, pal\u00ebt kan\u00eb ratifikuar k\u00ebt\u00eb Marr\u00ebveshje q\u00eb ka si synim t\u00eb ruaj\u00eb marr\u00ebdh\u00ebniet midis pal\u00ebve t\u00eb krijuara nga Marr\u00ebveshja BE-Shqip\u00ebri.<\/p>\n<p style=\"text-align: justify;\">N\u00eb vecanti, pal\u00ebt kan\u00eb r\u00ebn\u00eb dakord t\u00eb ruajn\u00eb kushtet preferenciale n\u00eb lidhje me tregtin\u00eb midis Pal\u00ebve, q\u00eb rrjedh nga Marr\u00ebveshja BE-Shqip\u00ebri dhe t\u00eb sigurojn\u00eb nj\u00eb platform\u00eb p\u00ebr liberalizimin e m\u00ebtejsh\u00ebm t\u00eb tregtis\u00eb nd\u00ebrmjet Pal\u00ebve. Pal\u00ebt kan\u00eb krijuar nj\u00eb bashk\u00ebpunim dhe nj\u00eb zon\u00eb t\u00eb tregtis\u00eb t\u00eb lir\u00eb t\u00eb mallrave dhe rregullave shoq\u00ebruese, n\u00eb p\u00ebrputhje me k\u00ebt\u00eb marr\u00ebveshje dhe afirmojn\u00eb objektivate e Marr\u00ebveshjes BE-Shqip\u00ebri.<\/p>\n","protected":false},"excerpt":{"rendered":"<p>Ligji Nr. 31\/2021 \u201cP\u00ebr ratifikimin e marr\u00ebveshjes s\u00eb partneritetit, treg\u00ebtis\u00eb dhe bashk\u00ebpunimit nd\u00ebrmjet Republik\u00ebs s\u00eb Shqip\u00ebris\u00eb, Mbret\u00ebris\u00eb s\u00eb Bashkuar t\u00eb Britanis\u00eb s\u00eb Madhe dhe Irland\u00ebs s\u00eb Veriut\u201d.<\/p>\n","protected":false},"author":1,"featured_media":0,"parent":12658,"menu_order":0,"comment_status":"closed","ping_status":"closed","template":"","meta":{"editor_plus_copied_stylings":"{}","footnotes":""},"class_list":["post-12866","page","type-page","status-publish","hentry"],"featured_image_src":null,"featured_image_src_square":null,"_links":{"self":[{"href":"https:\/\/shp.al\/sq\/wp-json\/wp\/v2\/pages\/12866","targetHints":{"allow":["GET"]}}],"collection":[{"href":"https:\/\/shp.al\/sq\/wp-json\/wp\/v2\/pages"}],"about":[{"href":"https:\/\/shp.al\/sq\/wp-json\/wp\/v2\/types\/page"}],"author":[{"embeddable":true,"href":"https:\/\/shp.al\/sq\/wp-json\/wp\/v2\/users\/1"}],"replies":[{"embeddable":true,"href":"https:\/\/shp.al\/sq\/wp-json\/wp\/v2\/comments?post=12866"}],"version-history":[{"count":5,"href":"https:\/\/shp.al\/sq\/wp-json\/wp\/v2\/pages\/12866\/revisions"}],"predecessor-version":[{"id":12917,"href":"https:\/\/shp.al\/sq\/wp-json\/wp\/v2\/pages\/12866\/revisions\/12917"}],"up":[{"embeddable":true,"href":"https:\/\/shp.al\/sq\/wp-json\/wp\/v2\/pages\/12658"}],"wp:attachment":[{"href":"https:\/\/shp.al\/sq\/wp-json\/wp\/v2\/media?parent=12866"}],"curies":[{"name":"wp","href":"https:\/\/api.w.org\/{rel}","templated":true}]}}