{"id":12865,"date":"2021-04-14T08:34:19","date_gmt":"2021-04-14T08:34:19","guid":{"rendered":"https:\/\/shp.al\/?page_id=12865"},"modified":"2021-04-14T08:46:54","modified_gmt":"2021-04-14T08:46:54","slug":"skema-kombetare-e-mbeshtetjes-per-bujqesine-dhe-zhvillimin-rural-2021","status":"publish","type":"page","link":"https:\/\/shp.al\/sq\/azhurnime-ligjore\/skema-kombetare-e-mbeshtetjes-per-bujqesine-dhe-zhvillimin-rural-2021\/","title":{"rendered":"Skema komb\u00ebtare e mb\u00ebshtetjes p\u00ebr bujq\u00ebsin\u00eb dhe zhvillimin rural 2021"},"content":{"rendered":"<p style=\"text-align: justify;\"><strong>Udh\u00ebzimi Nr. 9, dat\u00eb 26.02.2021 <\/strong>i Ministris\u00eb s\u00eb Bujq\u00ebsis\u00eb dhe Zhvillimit Rural dhe Ministris\u00eb s\u00eb Financave dhe Ekonomis\u00eb \u201c<em>P\u00ebr kriteret, procedurat dhe m\u00ebnyr\u00ebn e administrimit t\u00eb fondit t\u00eb programit p\u00ebr Bujq\u00ebsin\u00eb dhe Zhvillimit Rural<\/em>\u201d.<\/p>\n<p style=\"text-align: justify;\">Udh\u00ebzimi nr. 9, dat\u00eb 26.02.2021 \u00ebsht\u00eb botuar n\u00eb Fletoren Zyrtare nr. 42, dat\u00eb 17.03.2021, dhe hyn n\u00eb fuqi menj\u00ebher\u00eb.<\/p>\n<p style=\"text-align: justify;\">N\u00eb baz\u00eb t\u00eb udh\u00ebzimit t\u00eb m\u00ebsip\u00ebrm p\u00ebrcaktohen procedurat dhe kriteret q\u00eb ju mund\u00ebson t\u00eb gjith\u00eb fermer\u00ebve n\u00eb Republik\u00ebn e Shqip\u00ebris\u00eb, t\u00eb aplikojn\u00eb <em>online<\/em> p\u00ebr fondet e Skem\u00ebs Mb\u00ebshtet\u00ebse Komb\u00ebtare, si nj\u00eb m\u00ebnyr\u00eb p\u00ebr t\u00eb p\u00ebrfituar mb\u00ebshtetje financiare.<\/p>\n<p style=\"text-align: justify;\">Procesi <em>online<\/em> i aplikimit t\u00eb fermer\u00ebve nga portali <em>e-Albania<\/em>, p\u00ebr p\u00ebrfitim nga skema mb\u00ebshtet\u00ebse me 0 dokumente, do t\u00eb realizohet mbi baz\u00ebn e vet\u00ebdeklarimit nga ana e aplikantit p\u00ebr t\u00eb dh\u00ebnat e k\u00ebrkuara nga \u201c<em>Formulari i aplikimit<\/em>\u201d.<\/p>\n<p style=\"text-align: justify;\">Aplikimi p\u00ebr skemat mb\u00ebshtet\u00ebse do t\u00eb b\u00ebhet <em>on-line<\/em> p\u00ebr masat si m\u00eb posht\u00eb:<\/p>\n<ol style=\"text-align: justify;\">\n<li>P\u00ebr tuf\u00ebn baz\u00eb t\u00eb matrikulluar;<\/li>\n<li>Mbar\u00ebshtimi i bletaris\u00eb;<\/li>\n<li>Z\u00ebvend\u00ebsimi i plastmas\u00ebs termike p\u00ebr serrrat;<\/li>\n<li>Mbjellje bim\u00ebsh mjek\u00ebsore e aromatike;<\/li>\n<li>Fermat organike;<\/li>\n<li>Implementimi dhe certifikimi Global GAP;<\/li>\n<li>Mb\u00ebshtetje p\u00ebr linja\/makineri\/pajisje p\u00ebr p\u00ebrpunimin, standartizimin dhe etiketimin e ullirit;<\/li>\n<li>Mb\u00ebshtetje p\u00ebr ngritje ose rikonstruksionin e ambienteve p\u00ebr veprimtari t\u00eb turizmit rural;<\/li>\n<li>Mb\u00ebshtejte p\u00ebr investime n\u00eb agroturiz\u00ebm.<\/li>\n<\/ol>\n<p style=\"text-align: justify;\">Aplikimet mund t\u00eb kryhen nga data 24 Mars 2021, ora 08:00 deri n\u00eb 15 Prill 2021<\/p>\n","protected":false},"excerpt":{"rendered":"<p>Udh\u00ebzimi Nr. 9, dat\u00eb 26.02.2021 i Ministris\u00eb s\u00eb Bujq\u00ebsis\u00eb dhe Zhvillimit Rural dhe Ministris\u00eb s\u00eb Financave dhe Ekonomis\u00eb \u201cP\u00ebr kriteret, procedurat dhe m\u00ebnyr\u00ebn e administrimit t\u00eb fondit t\u00eb programit p\u00ebr Bujq\u00ebsin\u00eb dhe Zhvillimit Rural\u201d.<\/p>\n","protected":false},"author":1,"featured_media":0,"parent":12658,"menu_order":0,"comment_status":"closed","ping_status":"closed","template":"","meta":{"editor_plus_copied_stylings":"{}","footnotes":""},"class_list":["post-12865","page","type-page","status-publish","hentry"],"featured_image_src":null,"featured_image_src_square":null,"_links":{"self":[{"href":"https:\/\/shp.al\/sq\/wp-json\/wp\/v2\/pages\/12865","targetHints":{"allow":["GET"]}}],"collection":[{"href":"https:\/\/shp.al\/sq\/wp-json\/wp\/v2\/pages"}],"about":[{"href":"https:\/\/shp.al\/sq\/wp-json\/wp\/v2\/types\/page"}],"author":[{"embeddable":true,"href":"https:\/\/shp.al\/sq\/wp-json\/wp\/v2\/users\/1"}],"replies":[{"embeddable":true,"href":"https:\/\/shp.al\/sq\/wp-json\/wp\/v2\/comments?post=12865"}],"version-history":[{"count":2,"href":"https:\/\/shp.al\/sq\/wp-json\/wp\/v2\/pages\/12865\/revisions"}],"predecessor-version":[{"id":12881,"href":"https:\/\/shp.al\/sq\/wp-json\/wp\/v2\/pages\/12865\/revisions\/12881"}],"up":[{"embeddable":true,"href":"https:\/\/shp.al\/sq\/wp-json\/wp\/v2\/pages\/12658"}],"wp:attachment":[{"href":"https:\/\/shp.al\/sq\/wp-json\/wp\/v2\/media?parent=12865"}],"curies":[{"name":"wp","href":"https:\/\/api.w.org\/{rel}","templated":true}]}}