{"id":12863,"date":"2021-04-14T08:21:25","date_gmt":"2021-04-14T08:21:25","guid":{"rendered":"https:\/\/shp.al\/?page_id=12863"},"modified":"2021-04-14T08:21:25","modified_gmt":"2021-04-14T08:21:25","slug":"afati-i-vlefshmerise-se-kartes-se-identitetit-per-personat-qe-mbushin-moshen-75-vjec","status":"publish","type":"page","link":"https:\/\/shp.al\/sq\/azhurnime-ligjore\/afati-i-vlefshmerise-se-kartes-se-identitetit-per-personat-qe-mbushin-moshen-75-vjec\/","title":{"rendered":"Afati i vlefshm\u00ebris\u00eb s\u00eb kart\u00ebs s\u00eb identitetit p\u00ebr personat q\u00eb mbushin mosh\u00ebn 75 vje\u00e7"},"content":{"rendered":"<p style=\"text-align: justify;\"><strong>Ligji Nr. 22\/2021 <\/strong>\u201c<em>P\u00ebr miratimin e shtes\u00ebs s\u00eb Kontrat\u00ebs\u00a0 \u201cP\u00ebr prodhimin dhe shp\u00ebrndarjen e kartave t\u00eb identitetit dhe t\u00eb pasaportave elektronike\u201d nd\u00ebrmjet Ministris\u00eb s\u00eb Brendshme t\u00eb Republik\u00ebs s\u00eb Shqip\u00ebris\u00eb dhe Grupimit Morpho dhe Fondit Shqiptaro-Amerikan t\u00eb Nd\u00ebrmarrjeve<\/em>\u201d.<\/p>\n<p style=\"text-align: justify;\">Ligji nr. 22\/2021 \u00ebsht\u00eb botuar n\u00eb Fletoren Zyrtare nr. 37, dat\u00eb 11.03.2021, dhe hyn n\u00eb fuqi n\u00eb dat\u00ebn 27 Mars 2021.<\/p>\n<p style=\"text-align: justify;\">N\u00eb baz\u00eb t\u00eb ligjit t\u00eb m\u00ebsip\u00ebrm \u00ebsht\u00eb b\u00ebr\u00eb nj\u00eb shtes\u00eb e Kontrat\u00ebs s\u00eb Koncesionit \u201c<em>P\u00ebr prodhimin dhe shp\u00ebrndarjen e kartave t\u00eb identitetit dhe t\u00eb pasaportave elektronike\u201d, <\/em>me q\u00ebllim p\u00ebrmir\u00ebsimin e procesit t\u00eb aplikimit n\u00ebp\u00ebrmjet Sh\u00ebrbimeve Digjitale t\u00eb Verifikimit t\u00eb Identitetit <em>e-Aleat, <\/em>dhe l\u00ebshimin pa afat t\u00eb kart\u00ebs s\u00eb identitetit p\u00ebr shtetasit q\u00eb mbushin mosh\u00ebn 75 vje\u00e7.<\/p>\n<p style=\"text-align: justify;\">Duke q\u00ebn\u00eb se Parlamenti shqiptar ka miratuar ligjin nr. 89\/2020, dat\u00eb 9.7.2020, \u201cP\u00ebr nj\u00eb shtes\u00eb n\u00eb ligjin nr. 8952, dat\u00eb 10.10.2002, \u201cP\u00ebr let\u00ebrnjoftimin elektronik t\u00eb shtetasve shqiptar\u00eb\u201d, i ndryshuar, i cili parashikon se <strong>karta e identitetit l\u00ebshohet pa afat p\u00ebr shtetasit q\u00eb mbushin mosh\u00ebn 75 vje\u00e7, <\/strong>shteti shqiptar i ka k\u00ebrkuar Shoq\u00ebris\u00eb Kon\u00e7esionare t\u00eb zbatoj\u00eb ligjin e m\u00ebsip\u00ebrm.<\/p>\n<p style=\"text-align: justify;\">N\u00eb k\u00ebto kushte pal\u00ebt kan\u00eb r\u00ebn\u00eb dakord t\u00eb zbatojn\u00eb nj\u00eb zgjidhje q\u00eb konsiston vet\u00ebm n\u00eb nj\u00eb ndryshim vizual t\u00eb vlefshm\u00ebris\u00eb s\u00eb kartave t\u00eb identitetit q\u00eb do t\u00eb l\u00ebshohen p\u00ebr shtetasit q\u00eb mbushin mosh\u00ebn 75 vje\u00e7. Shtetasit q\u00eb mbushin mosh\u00ebn 75 vje\u00e7 dhe q\u00eb do t\u00eb rinovojn\u00eb kart\u00ebn e tyre t\u00eb identitetit apo q\u00eb do t\u00eb aplikojn\u00eb p\u00ebr nj\u00eb kart\u00eb t\u00eb re identiteti do t\u00eb pajisen me nj\u00eb kart\u00eb identiteti q\u00eb do t\u00eb ket\u00eb nj\u00eb afat vlefshm\u00ebrie prej 50 vjet\u00ebsh, megjith\u00ebse <em>E-\u00c7ertifikatat<\/em> e vendosura n\u00eb \u00e7ipin e kart\u00ebs s\u00eb identitetit do t\u00eb ken\u00eb nj\u00eb afat vlefshm\u00ebrie prej 10 vjet\u00ebsh dhe \u00e7do <em>e-Sh\u00ebrbim, <\/em>q\u00eb do t\u00eb ofrohet \u00ebsht\u00eb i kusht\u00ebzuar me vlefshm\u00ebrin\u00eb prej 10 vjet\u00ebsh.<\/p>\n","protected":false},"excerpt":{"rendered":"<p>Ligji Nr. 22\/2021 \u201cP\u00ebr miratimin e shtes\u00ebs s\u00eb Kontrat\u00ebs  \u201cP\u00ebr prodhimin dhe shp\u00ebrndarjen e kartave t\u00eb identitetit dhe t\u00eb pasaportave elektronike\u201d nd\u00ebrmjet Ministris\u00eb s\u00eb Brendshme t\u00eb Republik\u00ebs s\u00eb Shqip\u00ebris\u00eb dhe Grupimit Morpho dhe Fondit Shqiptaro-Amerikan t\u00eb Nd\u00ebrmarrjeve\u201d.<\/p>\n","protected":false},"author":1,"featured_media":0,"parent":12658,"menu_order":0,"comment_status":"closed","ping_status":"closed","template":"","meta":{"editor_plus_copied_stylings":"{}","footnotes":""},"class_list":["post-12863","page","type-page","status-publish","hentry"],"featured_image_src":null,"featured_image_src_square":null,"_links":{"self":[{"href":"https:\/\/shp.al\/sq\/wp-json\/wp\/v2\/pages\/12863","targetHints":{"allow":["GET"]}}],"collection":[{"href":"https:\/\/shp.al\/sq\/wp-json\/wp\/v2\/pages"}],"about":[{"href":"https:\/\/shp.al\/sq\/wp-json\/wp\/v2\/types\/page"}],"author":[{"embeddable":true,"href":"https:\/\/shp.al\/sq\/wp-json\/wp\/v2\/users\/1"}],"replies":[{"embeddable":true,"href":"https:\/\/shp.al\/sq\/wp-json\/wp\/v2\/comments?post=12863"}],"version-history":[{"count":1,"href":"https:\/\/shp.al\/sq\/wp-json\/wp\/v2\/pages\/12863\/revisions"}],"predecessor-version":[{"id":12870,"href":"https:\/\/shp.al\/sq\/wp-json\/wp\/v2\/pages\/12863\/revisions\/12870"}],"up":[{"embeddable":true,"href":"https:\/\/shp.al\/sq\/wp-json\/wp\/v2\/pages\/12658"}],"wp:attachment":[{"href":"https:\/\/shp.al\/sq\/wp-json\/wp\/v2\/media?parent=12863"}],"curies":[{"name":"wp","href":"https:\/\/api.w.org\/{rel}","templated":true}]}}