{"id":12723,"date":"2021-01-21T18:56:33","date_gmt":"2021-01-21T18:56:33","guid":{"rendered":"https:\/\/shp.al\/?page_id=12723"},"modified":"2021-01-22T08:34:37","modified_gmt":"2021-01-22T08:34:37","slug":"ndryshim-i-pages-minimale-ne-republiken-e-shqiperise","status":"publish","type":"page","link":"https:\/\/shp.al\/sq\/azhurnime-ligjore\/ndryshim-i-pages-minimale-ne-republiken-e-shqiperise\/","title":{"rendered":"Ndryshimi i Pages Minimale ne Republiken e Shqip\u00ebris\u00eb"},"content":{"rendered":"<p>[vc_row][vc_column][vc_column_text]<\/p>\r\n<p class=\"eplus-aV3EiO\" style=\"text-align: justify;\"><strong>Vendim i K\u00ebshillit t\u00eb Ministrave Nr. 1025, dat\u00eb 16.12.2020 \u201c<\/strong><strong><em>P\u00ebr caktimin e pag\u00ebs minimale n\u00eb shkall\u00eb vendi<\/em><\/strong><strong>\u201d.<\/strong><\/p>\r\n\r\n<p>&nbsp;<\/p>\r\n\r\n<p class=\"eplus-18TpKA\" style=\"text-align: justify;\">K\u00ebshilli i Ministrave ka miratuar s\u00eb fundmi Vendimin nr. 1025, dat\u00eb 16.12.2020 <em>\u201cP\u00ebr caktimin e pag\u00ebs minimale n\u00eb shkall\u00eb vendi\u201d<\/em>. Ky vendim \u00ebsht\u00eb botuar n\u00eb Fletoren Zyrtare nr. 223, dat\u00eb 21.12.2020, dhe ka hyr\u00eb n\u00eb fuqi n\u00eb po k\u00ebt\u00eb dat\u00eb, nd\u00ebrkoh\u00eb q\u00eb i shtrin efektet nga data 1 Janar 2021.<\/p>\r\n\r\n<p>&nbsp;<\/p>\r\n\r\n<p class=\"eplus-A1LKM6\" style=\"text-align: justify;\">Ky vendim ka shfuqizuar vendimin e m\u00ebparsh\u00ebm t\u00eb K\u00ebshillit t\u00eb Ministrave nr. 809, dat\u00eb 26.12.2018, sipas t\u00eb cilit paga baz\u00eb minimale mujore e detyrueshme p\u00ebr cdo person ishte 26,000 lek\u00eb.\u00a0<\/p>\r\n\r\n<p>&nbsp;<\/p>\r\n\r\n<p class=\"eplus-1QMc7H\" style=\"text-align: justify;\">N\u00eb k\u00ebto kushte nga data 01.01.2021 paga minimale mujore, p\u00ebr punonj\u00ebsit, n\u00eb shkall\u00eb vendi, q\u00eb \u00ebsht\u00eb e detyueshme t\u00eb zbatohet p\u00ebr cdo person, juridik a fizik, vendas ose i huaj do t\u00eb jet\u00eb 30,000 (tridhjet mij\u00eb) lek\u00eb.<\/p>\r\n\r\n<p>[\/vc_column_text][\/vc_column][\/vc_row]<\/p>","protected":false},"excerpt":{"rendered":"<p>Vendim i K\u00ebshillit t\u00eb Ministrave Nr. 1025, dat\u00eb 16.12.2020 \u201cP\u00ebr caktimin e pag\u00ebs minimale n\u00eb shkall\u00eb vendi\u201d.<\/p>\n","protected":false},"author":1,"featured_media":0,"parent":12658,"menu_order":0,"comment_status":"closed","ping_status":"closed","template":"","meta":{"editor_plus_copied_stylings":"{}","footnotes":""},"class_list":["post-12723","page","type-page","status-publish","hentry"],"featured_image_src":null,"featured_image_src_square":null,"_links":{"self":[{"href":"https:\/\/shp.al\/sq\/wp-json\/wp\/v2\/pages\/12723","targetHints":{"allow":["GET"]}}],"collection":[{"href":"https:\/\/shp.al\/sq\/wp-json\/wp\/v2\/pages"}],"about":[{"href":"https:\/\/shp.al\/sq\/wp-json\/wp\/v2\/types\/page"}],"author":[{"embeddable":true,"href":"https:\/\/shp.al\/sq\/wp-json\/wp\/v2\/users\/1"}],"replies":[{"embeddable":true,"href":"https:\/\/shp.al\/sq\/wp-json\/wp\/v2\/comments?post=12723"}],"version-history":[{"count":4,"href":"https:\/\/shp.al\/sq\/wp-json\/wp\/v2\/pages\/12723\/revisions"}],"predecessor-version":[{"id":12733,"href":"https:\/\/shp.al\/sq\/wp-json\/wp\/v2\/pages\/12723\/revisions\/12733"}],"up":[{"embeddable":true,"href":"https:\/\/shp.al\/sq\/wp-json\/wp\/v2\/pages\/12658"}],"wp:attachment":[{"href":"https:\/\/shp.al\/sq\/wp-json\/wp\/v2\/media?parent=12723"}],"curies":[{"name":"wp","href":"https:\/\/api.w.org\/{rel}","templated":true}]}}