{"id":12695,"date":"2021-01-15T09:49:28","date_gmt":"2021-01-15T09:49:28","guid":{"rendered":"https:\/\/shp.al\/azhurnime-ligjore\/the-deadline-for-immovable-property-revaluation-is-postponed\/"},"modified":"2021-01-15T09:56:25","modified_gmt":"2021-01-15T09:56:25","slug":"shtyhet-afati-i-rivleresimit-te-pasurive-te-paluajtshme","status":"publish","type":"page","link":"https:\/\/shp.al\/sq\/azhurnime-ligjore\/shtyhet-afati-i-rivleresimit-te-pasurive-te-paluajtshme\/","title":{"rendered":"Shtyhet Afati i Rivler\u00ebsimit t\u00eb Pasurive t\u00eb Paluajtshme"},"content":{"rendered":"<p>[vc_row][vc_column][vc_column_text]<strong>Ligji Nr. 164\/2020 p\u00ebr disa ndryshime n\u00eb ligjin nr. 90\/2019 \u201c<em>P\u00ebr rivler\u00ebsimin e pasuris\u00eb s\u00eb paluajtshme<\/em>\u201d, i ndryshuar.<\/strong><\/p>\n<p>Kuvendi ka miratuar s\u00eb fundmi shtyrjen e afatit t\u00eb rivler\u00ebsimit t\u00eb pasurive t\u00eb paluajtshme me 1 vit. Ligji nr. 164\/2020 \u00ebsht\u00eb botuar n\u00eb Fletoren Zyrtare nr. 3, dat\u00eb 08.01.2021, dhe hyn n\u00eb fuqi n\u00eb dat\u00ebn 23 Janar 2021, nd\u00ebrkoh\u00eb q\u00eb i shtrin efektet deri n\u00eb dat\u00ebn 31 Dhjetor 2021.<\/p>\n<p>T\u00eb gjith\u00eb individ\u00ebt, t\u00eb cil\u00ebt kan\u00eb n\u00eb pron\u00ebsi, pasuri t\u00eb paluajtshme (tok\u00eb dhe\/ose nd\u00ebrtes\u00eb) t\u00eb regjistruar, ose q\u00eb fitojn\u00eb pron\u00ebsin\u00eb dhe e regjistrojn\u00eb at\u00eb deri n\u00eb dat\u00ebn <strong>31 Dhjetor 2021<\/strong>, kan\u00eb t\u00eb drejt\u00eb q\u00eb brenda k\u00ebtij afati t\u00eb b\u00ebjn\u00eb rivler\u00ebsimin e k\u00ebsaj pasurie me vler\u00ebn e tregut.<\/p>\n<p>K\u00ebtu p\u00ebrfshihen dhe rastet kur p\u00ebr pasurin\u00eb e paluajtshme \u00ebsht\u00eb b\u00ebr\u00eb edhe m\u00eb par\u00eb rivler\u00ebsimi. Individi mund t\u00eb zgjedh\u00eb vullnetarisht n\u00ebse rivler\u00ebsimin e pasuris\u00eb do ta b\u00ebj\u00eb ASHK, apo nj\u00eb ekspert i vler\u00ebsimit t\u00eb pasurive, i licencuar nga institucionet p\u00ebrkat\u00ebse.<\/p>\n<p>P\u00ebr t\u00eb p\u00ebrfituar nga rivler\u00ebsimi, n\u00ebp\u00ebrmjet pasqyrimit t\u00eb tij n\u00eb regjistrin e pasurive t\u00eb paluajtshme, individi duhet t\u00eb paguaj\u00eb m\u00eb par\u00eb tatimin e rivler\u00ebsimit (<strong>3% e baz\u00ebs s\u00eb tatueshme<\/strong>) dhe tarif\u00ebn e sh\u00ebrbimit, sipas ligjit nr. 90\/2019. N\u00eb rast se individi ka n\u00eb pron\u00ebsi m\u00eb shum\u00eb se nj\u00eb pasuri t\u00eb paluajtshme dhe do t\u00eb b\u00ebj\u00eb rivler\u00ebsimin e secil\u00ebs prej tyre, procedura e rivler\u00ebsimit \u00ebsht\u00eb individuale p\u00ebr secil\u00ebn prej k\u00ebtyre pasurive.[\/vc_column_text][\/vc_column][\/vc_row]<\/p>\n","protected":false},"excerpt":{"rendered":"<p>Ligji Nr. 164\/2020 p\u00ebr disa ndryshime n\u00eb ligjin nr. 90\/2019 \u201cP\u00ebr rivler\u00ebsimin e pasuris\u00eb s\u00eb paluajtshme\u201d, i ndryshuar.<\/p>\n","protected":false},"author":1,"featured_media":0,"parent":12658,"menu_order":0,"comment_status":"closed","ping_status":"closed","template":"","meta":{"editor_plus_copied_stylings":"{}","footnotes":""},"class_list":["post-12695","page","type-page","status-publish","hentry"],"featured_image_src":null,"featured_image_src_square":null,"_links":{"self":[{"href":"https:\/\/shp.al\/sq\/wp-json\/wp\/v2\/pages\/12695","targetHints":{"allow":["GET"]}}],"collection":[{"href":"https:\/\/shp.al\/sq\/wp-json\/wp\/v2\/pages"}],"about":[{"href":"https:\/\/shp.al\/sq\/wp-json\/wp\/v2\/types\/page"}],"author":[{"embeddable":true,"href":"https:\/\/shp.al\/sq\/wp-json\/wp\/v2\/users\/1"}],"replies":[{"embeddable":true,"href":"https:\/\/shp.al\/sq\/wp-json\/wp\/v2\/comments?post=12695"}],"version-history":[{"count":3,"href":"https:\/\/shp.al\/sq\/wp-json\/wp\/v2\/pages\/12695\/revisions"}],"predecessor-version":[{"id":12701,"href":"https:\/\/shp.al\/sq\/wp-json\/wp\/v2\/pages\/12695\/revisions\/12701"}],"up":[{"embeddable":true,"href":"https:\/\/shp.al\/sq\/wp-json\/wp\/v2\/pages\/12658"}],"wp:attachment":[{"href":"https:\/\/shp.al\/sq\/wp-json\/wp\/v2\/media?parent=12695"}],"curies":[{"name":"wp","href":"https:\/\/api.w.org\/{rel}","templated":true}]}}