{"id":12615,"date":"2020-12-28T09:43:15","date_gmt":"2020-12-28T09:43:15","guid":{"rendered":"https:\/\/shp.al\/?page_id=12615"},"modified":"2020-12-28T15:49:51","modified_gmt":"2020-12-28T15:49:51","slug":"rastet-e-vecanta-te-fitimit-te-shtetesise-shqiptare-nga-te-huajt","status":"publish","type":"page","link":"https:\/\/shp.al\/sq\/azhurnime-ligjore\/rastet-e-vecanta-te-fitimit-te-shtetesise-shqiptare-nga-te-huajt\/","title":{"rendered":"Rastet e Ve\u00e7anta t\u00eb Fitimit t\u00eb Shtet\u00ebsis\u00eb Shqiptare nga t\u00eb Huajt"},"content":{"rendered":"\r\n<p class=\"eplus-vKwouF\"><strong>Fitimi i shtet\u00ebsis\u00eb nga t\u00eb huajt kur Republika e Shqip\u00ebris\u00eb ka interes komb\u00ebtar, interes n\u00eb fush\u00ebn e arsimit, shkenc\u00ebs, artit, kultur\u00ebs, ekonomis\u00eb e sportit.<\/strong><\/p>\r\n\r\n\r\n\r\n<p class=\"eplus-C2CIMY\">M\u00ebnyrat e fitimit t\u00eb shtet\u00ebsis\u00eb shqiptare jan\u00eb p\u00ebrcaktuar n\u00eb ligjin nr. 113\/2020 \u201c<em>P\u00ebr shtet\u00ebsin\u00eb<\/em>\u201d i cili ka hyr\u00eb n\u00eb fuqi n\u00eb dat\u00eb 14 Shtator 2020. Sipas k\u00ebtij ligji shtet\u00ebsia shqiptare fitohet: &#8211; me lindje; &#8211; origjin\u00eb; &#8211; lindje n\u00eb territorin e Republik\u00ebs s\u00eb Shqip\u00ebris\u00eb; &#8211; natyralizim; &#8211; bir\u00ebsim.<\/p>\r\n\r\n\r\n\r\n<p class=\"eplus-O5Pj4O\">Ky ligj, p\u00ebrvec sa m\u00eb sip\u00ebr ka p\u00ebrcaktuar n\u00eb nenin 9 t\u00eb tij rastet e vecanta t\u00eb fitimit t\u00eb shtet\u00ebsis\u00eb shqiptare nga shtetasit e huaj q\u00eb kan\u00eb mbushur mosh\u00ebn 18 vjec. N\u00eb zbatim t\u00eb k\u00ebtij ligji rastet e vecanta t\u00eb fitimit t\u00eb shtet\u00ebsis\u00eb shqiptare nga t\u00eb huajt q\u00eb kan\u00eb mbushur mosh\u00ebn 18 vjec jan\u00eb rastet kur nuk p\u00ebrb\u00ebjn\u00eb k\u00ebrc\u00ebnim p\u00ebr rendin publik dhe sigurin\u00eb komb\u00ebtare t\u00eb Republik\u00ebs s\u00eb Shqip\u00ebris\u00eb, rastet kur Republika e Shqip\u00ebris\u00eb ka interes komb\u00ebtar apo interes n\u00eb fush\u00ebn e arsimit dhe shkenc\u00ebs, artit, kultur\u00ebs, ekonomis\u00eb dhe sportit.<\/p>\r\n\r\n\r\n\r\n<p class=\"eplus-Owcjgr\">Pik\u00ebrisht n\u00eb zbatim t\u00eb ligjit t\u00eb m\u00ebsip\u00ebrm, K\u00ebshilli i Ministrave ka miratuar s\u00eb fundimi Vendimin nr. 1008, dat\u00eb 25.11.2020 <em>\u201cP\u00ebr krijimin, organizimin dhe funksionimin e Agjencis\u00eb s\u00eb Hartimit t\u00eb Programeve t\u00eb Vecanta t\u00eb Shtet\u00ebsis\u00eb\u201d<\/em>. Ky vendim \u00ebsht\u00eb botuar n\u00eb Fletoren Zyrtare nr. 221, dat\u00eb 17.12.2020, dhe ka hyr\u00eb n\u00eb fuqi n\u00eb po k\u00ebt\u00eb dat\u00eb, 17.12.2020.<\/p>\r\n\r\n\r\n\r\n<p class=\"eplus-Ps90MS\">P\u00ebr hartimin e programeve t\u00eb vecanta, p\u00ebrcaktimin e rregullave specifike t\u00eb kontrollit t\u00eb vecant\u00eb t\u00eb siguris\u00eb dhe past\u00ebrtis\u00eb s\u00eb figur\u00ebs n\u00eb standartet m\u00eb t\u00eb larta, krijohet kjo agjenci shtet\u00ebrore e posacme n\u00eb var\u00ebsi t\u00eb Ministrit t\u00eb Brendsh\u00ebm\u00a0 e quajtur Agjencia e Hartimit t\u00eb Programeve t\u00eb Vecanta t\u00eb Shtet\u00ebsis\u00eb (AHPVSH). Kjo agjenci krijohet si nj\u00eb person juridik publik buxhetor, me seli n\u00eb Tiran\u00eb, me veprimtari n\u00eb t\u00eb gjith\u00eb territorin e Republik\u00ebs s\u00eb Shqip\u00ebris\u00eb, e cila drejtohet nga Drejtori i P\u00ebrgjithsh\u00ebm, i cili p\u00ebrgjigjet para ministrit.<\/p>\r\n\r\n\r\n\r\n<p class=\"eplus-GzRnSZ\">Detyrat kryesore t\u00eb AHPVSH jan\u00eb:<\/p>\r\n\r\n\r\n\r\n<p class=\"eplus-YNhygg\"><em>a<\/em>-P\u00ebrgatitja e kritereve teknike t\u00eb programeve t\u00eb vecanta me interes komb\u00ebtar, apo me interes n\u00eb fush\u00ebn e arsimit, shkenc\u00ebs, artit, kultur\u00ebs, ekonomis\u00eb e sportit p\u00ebr fitimin e shtet\u00ebsis\u00eb shqiptare nga shtetas t\u00eb huaj q\u00eb investojn\u00eb n\u00eb Shqip\u00ebri ose kontribuojn\u00eb n\u00eb zhvillimin arsimor, shkencor, artisitiko-kulturor, ekonomik e sportiv t\u00eb vendit;<\/p>\r\n\r\n\r\n\r\n<p class=\"eplus-T3AZAb\"><em>b<\/em>&#8211; P\u00ebrgatitja e kritereve teknik\u00eb p\u00ebr fitimin e shtet\u00ebsis\u00eb, procedurat e aplikimit, rregullat e kryerjes s\u00eb verifikimeve dhe kontrolleve t\u00eb nevojshme;<\/p>\r\n\r\n\r\n\r\n<p class=\"eplus-bJ0Ws8\"><em>c<\/em>&#8211; P\u00ebrgatitja e rregullave specifike t\u00eb kontrollit t\u00eb vecant\u00eb dhe t\u00eb past\u00ebrtis\u00eb s\u00eb figur\u00ebs n\u00eb standartet m\u00eb t\u00eb larta t\u00eb kontrollit;<\/p>\r\n\r\n\r\n\r\n<p class=\"eplus-DxtSYh\"><em>d<\/em>&#8211; Harton, implementon dhe administron programet e vecanta;<\/p>\r\n\r\n\r\n\r\n<p class=\"eplus-F1pm1C\"><em>dh<\/em>-Shqyrton aplikimet p\u00ebr p\u00ebrputhsm\u00ebrin\u00eb e kritereve p\u00ebr fitimin e shtet\u00ebsis\u00eb, realizon verifikimet e kontrollet n\u00eb lidhje me past\u00ebrtin\u00eb e figur\u00ebs;<\/p>\r\n\r\n\r\n\r\n<p class=\"eplus-0nv64Q\"><em>e<\/em>&#8211; Bashk\u00ebpunon me institucionet p\u00ebrgjegj\u00ebse t\u00eb fush\u00ebs s\u00eb arsimit, shkenc\u00ebs, artit, kultur\u00ebs, ekonomis\u00eb e sportit p\u00ebr hartimin e programeve t\u00eb vecanta me interes komb\u00ebtar etj..<\/p>\r\n\r\n\r\n\r\n<p class=\"eplus-vO5mqA\">N\u00eb zbatim t\u00eb k\u00ebtij vendimi Drejtori i P\u00ebrgjithsh\u00ebm i paraqet ministrit p\u00ebrgjeg\u00ebs p\u00ebr c\u00ebshtjet e shtet\u00ebsis\u00eb dhe azilit, rregulloret, projektaktet me karakter individuale dhe normativ, t\u00eb cilat pritet t\u00eb dalin n\u00eb vijim, p\u00ebr t\u00eb gjitha rastet e vecanta t\u00eb fitimit t\u00eb shtet\u00ebsis\u00eb shqiptare nga t\u00eb huajt.<\/p>\r\n","protected":false},"excerpt":{"rendered":"<p>Fitimi i shtet\u00ebsis\u00eb nga t\u00eb huajt kur Republika e Shqip\u00ebris\u00eb ka interes komb\u00ebtar, interes n\u00eb fush\u00ebn e arsimit, shkenc\u00ebs, artit, kultur\u00ebs, ekonomis\u00eb e sportit.<\/p>\n","protected":false},"author":1,"featured_media":0,"parent":12658,"menu_order":0,"comment_status":"closed","ping_status":"closed","template":"","meta":{"editor_plus_copied_stylings":"{}","footnotes":""},"class_list":["post-12615","page","type-page","status-publish","hentry"],"featured_image_src":null,"featured_image_src_square":null,"_links":{"self":[{"href":"https:\/\/shp.al\/sq\/wp-json\/wp\/v2\/pages\/12615","targetHints":{"allow":["GET"]}}],"collection":[{"href":"https:\/\/shp.al\/sq\/wp-json\/wp\/v2\/pages"}],"about":[{"href":"https:\/\/shp.al\/sq\/wp-json\/wp\/v2\/types\/page"}],"author":[{"embeddable":true,"href":"https:\/\/shp.al\/sq\/wp-json\/wp\/v2\/users\/1"}],"replies":[{"embeddable":true,"href":"https:\/\/shp.al\/sq\/wp-json\/wp\/v2\/comments?post=12615"}],"version-history":[{"count":5,"href":"https:\/\/shp.al\/sq\/wp-json\/wp\/v2\/pages\/12615\/revisions"}],"predecessor-version":[{"id":12673,"href":"https:\/\/shp.al\/sq\/wp-json\/wp\/v2\/pages\/12615\/revisions\/12673"}],"up":[{"embeddable":true,"href":"https:\/\/shp.al\/sq\/wp-json\/wp\/v2\/pages\/12658"}],"wp:attachment":[{"href":"https:\/\/shp.al\/sq\/wp-json\/wp\/v2\/media?parent=12615"}],"curies":[{"name":"wp","href":"https:\/\/api.w.org\/{rel}","templated":true}]}}