{"id":12462,"date":"2020-11-23T14:14:16","date_gmt":"2020-11-23T14:14:16","guid":{"rendered":"https:\/\/shp.al\/sherbime-dhe-produkte\/public-procurement\/"},"modified":"2020-12-28T09:01:31","modified_gmt":"2020-12-28T09:01:31","slug":"prokurimet-publike","status":"publish","type":"page","link":"https:\/\/shp.al\/sq\/sherbime-dhe-produkte\/prokurimet-publike\/","title":{"rendered":"Prokurimet Publike"},"content":{"rendered":"<p>[vc_row][vc_column][vc_tta_accordion style=&#8221;flat&#8221; shape=&#8221;square&#8221; color=&#8221;black&#8221; gap=&#8221;3&#8243; c_icon=&#8221;triangle&#8221; c_position=&#8221;right&#8221; active_section=&#8221;0&#8243; no_fill=&#8221;true&#8221; collapsible_all=&#8221;true&#8221;][vc_tta_section i_icon_fontawesome=&#8221;far fa-file-alt&#8221; add_icon=&#8221;true&#8221; title=&#8221;Evidentimi i procedurave t\u00eb prokurimit publik t\u00eb shpallura n\u00eb Sistemin e Prokurimit Elektronik t\u00eb Agjencis\u00eb s\u00eb Prokurimit Publik (APP)&#8221; tab_id=&#8221;1606133150008-da4d9c97-6334&#8243;][vc_column_text css_animation=&#8221;fadeInDown&#8221;]<\/p>\n<p style=\"text-align: justify;\">Agjencia e Prokurimit Publik \u00ebsht\u00eb institucioni qendror p\u00ebrgjegj\u00ebs p\u00ebr mbar\u00ebvajtjen e sistemit t\u00eb prokurimit publik, verifikimin e zbatimit t\u00eb procedurave t\u00eb prokurimit publik, ankandeve publike, koncesioneve\/partneriteti publik privat. \u00c7do procedur\u00eb prokurimi n\u00eb Sistemin Elektronik t\u00eb Agjencis\u00eb s\u00eb Prokurimit Publik, dhe \u00e7do operator ekonomik q\u00eb k\u00ebrkon t\u00eb marr\u00eb pjes\u00eb n\u00eb nj\u00eb procedur\u00eb prokurimi duhet t\u00eb marr\u00eb pjes\u00eb n\u00eb baz\u00eb t\u00eb k\u00ebtij sistemi.<br \/>\nShehu &amp; Partners merr p\u00ebrsip\u00ebr kontrollin dhe evidentimin e p\u00ebrditsh\u00ebm n\u00eb sistemin elektronik t\u00eb APP-s\u00eb, n\u00eb t\u00eb cilin shpallen procedurat e prokurimit nga Autoritetet Kontraktore.<\/p>\n<div class=\"position\" style=\"text-align: center;\"><span class=\"pricing-price\">\u00c7mimi: \u20ac150\/muaj <\/span><\/div>\n<div class=\"position\" style=\"text-align: center;\"><a class=\"pricing-button\" href=\"https:\/\/shp.al\/sq\/takimet\/evidentimi-i-procedurave-te-prokurimit-publik-te-shpallura-ne-sistemin-e-prokurimit-elektronik-te-agjencise-se-prokurimit-publik\/\">REZERVO NJ\u00cb TAKIM<\/a><\/div>\n<p>[\/vc_column_text][\/vc_tta_section][vc_tta_section i_icon_fontawesome=&#8221;far fa-file-alt&#8221; add_icon=&#8221;true&#8221; title=&#8221;Studimi dhe p\u00ebrgatitja e dokumentacionit p\u00ebr aplikim n\u00eb \u00e7do procedur\u00eb prokurimi&#8221; tab_id=&#8221;1606133293648-7b036fc5-9247&#8243;][vc_column_text css_animation=&#8221;fadeInDown&#8221;]<\/p>\n<p style=\"text-align: justify;\">P\u00ebrqendrimi n\u00eb procedur\u00ebn e prokurimit n\u00eb t\u00eb cil\u00ebn Operatori Ekonomik (p.sh kompani nd\u00ebrtimi, shoq\u00ebri private e sigurimit fizik etj) ka interes p\u00ebr aplikim. Studimi dhe p\u00ebrgatitja e dokumenteve t\u00eb k\u00ebrkuara nga Autoriteti Kontraktor p\u00ebr pjes\u00ebmarrje n\u00eb tender. Ky proces kryhet nga stafi i Shehu &amp; Partners n\u00eb bashk\u00ebpunim me Operatorin Ekonomik t\u00eb interesuar.<\/p>\n<div class=\"position\" style=\"text-align: center;\"><span class=\"pricing-price\">\u00c7mimi: \u20ac200 <\/span><\/div>\n<div class=\"position\" style=\"text-align: center;\"><a class=\"pricing-button\" href=\"https:\/\/shp.al\/sq\/takimet\/studimi-dhe-pergatitja-e-dokumentacionit-per-aplikim-ne-cdo-procedure-prokurimi\/\">REZERVO NJ\u00cb TAKIM<\/a><\/div>\n<p>[\/vc_column_text][\/vc_tta_section][vc_tta_section i_icon_fontawesome=&#8221;far fa-file-alt&#8221; add_icon=&#8221;true&#8221; title=&#8221;Ngarkimi (dor\u00ebzimi elektronik) i dokumentacionit t\u00eb k\u00ebrkuar nga Autoriteti Kontraktor p\u00ebr pjes\u00ebmarrje n\u00eb procedur\u00ebn e prokurimit&#8221; tab_id=&#8221;1606133293476-0bd6a3e8-a5ef&#8221;][vc_column_text css_animation=&#8221;fadeInDown&#8221;]<\/p>\n<p style=\"text-align: justify;\">P\u00ebr t\u00eb p\u00ebrdorur Sistemin e Prokurimit Elektronik (SPE) Operatori Ekonomik duhet t\u00eb jet\u00eb i regjistruar me nj\u00eb llogari p\u00ebrdoruesi, p\u00ebr t\u00eb aksesuar sistemin. Dor\u00ebzimi i ofert\u00ebs dhe i dokumenteve t\u00eb p\u00ebrgatitura n\u00eb sistemin e APP-se me q\u00ebllimin pjes\u00ebmarrje n\u00eb tenderin e caktuar, realizohet nga stafi i Shehu &amp; Partners.<\/p>\n<div class=\"position\" style=\"text-align: center;\"><span class=\"pricing-price\">\u00c7mimi: \u20ac80 <\/span><\/div>\n<div class=\"position\" style=\"text-align: center;\"><a class=\"pricing-button\" href=\"https:\/\/shp.al\/sq\/takimet\/ngarkimi-dorezimi-elektronik-i-dokumentacionit-te-kerkuar-na-autoriteti-kontraktor-per-pjesemarrje-ne-proceduren-e-prokurimit\/\">REZERVO NJ\u00cb TAKIM<\/a><\/div>\n<p>[\/vc_column_text][\/vc_tta_section][vc_tta_section i_icon_fontawesome=&#8221;far fa-file-alt&#8221; add_icon=&#8221;true&#8221; title=&#8221;Ndjekja (kontrolli) i vazhduesh\u00ebm i procesit dhe shpalljes s\u00eb rezultateve t\u00eb aplikimit n\u00eb Sistemin e Prokurimit Elektronik (SPE)&#8221; tab_id=&#8221;1606133293292-07030c6d-a683&#8243;][vc_column_text css_animation=&#8221;fadeInDown&#8221;]<\/p>\n<p style=\"text-align: justify;\">Kontrolli i vazhduesh\u00ebm i procedur\u00ebs s\u00eb prokurimit n\u00eb t\u00eb cil\u00ebn kemi marr\u00eb pjes\u00eb, pasi mund t\u00eb pezullohet, anulohet dhe rihidhet ose t\u00eb vazhdoj\u00eb n\u00eb rrjedh\u00ebn e saj normale duke u shpallur klasifikimi i operator\u00ebve ekonomik\u00eb. Kjo faz\u00eb duhet t\u00eb ndiqet me shum\u00eb v\u00ebmendje pasi duhet t\u00eb respektohen afatet e ankimit. Mosrespektimi i t\u00eb cilave sjell p\u00ebrfundim t\u00eb vazhdimit t\u00eb pun\u00ebs p\u00ebr t\u00eb fituar tenderin p\u00ebrkat\u00ebs. Kjo pro\u00e7edur\u00eb ndiqet me p\u00ebrgjegj\u00ebsi t\u00eb plot\u00eb nga stafi i Shehu &amp; Partners.<\/p>\n<div class=\"position\" style=\"text-align: center;\"><span class=\"pricing-price\">\u00c7mimi: \u20ac50 <\/span><\/div>\n<div class=\"position\" style=\"text-align: center;\"><a class=\"pricing-button\" href=\"https:\/\/shp.al\/sq\/takimet\/ndjekja-kontrolli-i-vazhdueshem-i-procesit-dhe-shpalljes-se-rezultateve-te-aplikimit-ne-sistemin-e-prokurimit-elektronik\/\">REZERVO NJ\u00cb TAKIM<\/a><\/div>\n<p>[\/vc_column_text][\/vc_tta_section][vc_tta_section i_icon_fontawesome=&#8221;far fa-file-alt&#8221; add_icon=&#8221;true&#8221; title=&#8221;Ankimi pran\u00eb Autoritetit Kontraktor&#8221; tab_id=&#8221;1606133293121-c29804a6-d191&#8243;][vc_column_text css_animation=&#8221;fadeInDown&#8221;]<\/p>\n<p style=\"text-align: justify;\">Ankimi pran\u00eb Autoritetit Kontraktor konsiston n\u00eb dy momente:<br \/>\nS\u00eb pari- pas shpalljes s\u00eb procedur\u00ebs s\u00eb prokurimit dhe pasi jemi njohur me kriteret p\u00ebr aplikim mund t\u00eb ankimojm\u00eb kriteret t\u00eb cilat i vler\u00ebsojm\u00eb diskriminuese dhe jo n\u00eb p\u00ebrputhje me legjislacionin p\u00ebrkat\u00ebs.<br \/>\nS\u00eb dyti- pas shpalljes s\u00eb klasifikimit t\u00eb pjes\u00ebmarr\u00ebsve n\u00eb tender mund t\u00eb ankimojm\u00eb skualifikimin ton\u00eb pa t\u00eb drejt\u00eb apo kualifikimin e operator\u00ebve t\u00eb tjer\u00eb n\u00ebse vler\u00ebsojm\u00eb se kualifikimi i tyre nuk \u00ebsht\u00eb n\u00eb p\u00ebrputhje me ligjin.<\/p>\n<div class=\"position\" style=\"text-align: center;\"><span class=\"pricing-price\">\u00c7mimi: \u20ac200 <\/span><\/div>\n<div class=\"position\" style=\"text-align: center;\"><a class=\"pricing-button\" href=\"https:\/\/shp.al\/sq\/takimet\/ankimi-prane-autoritetit-kontraktor\/\">REZERVO NJ\u00cb TAKIM<\/a><\/div>\n<p>[\/vc_column_text][\/vc_tta_section][vc_tta_section i_icon_fontawesome=&#8221;far fa-file-alt&#8221; add_icon=&#8221;true&#8221; title=&#8221;Ankimi n\u00eb Komisionin e Prokurimit Publik&#8221; tab_id=&#8221;1606133292872-c6fbaad4-9068&#8243;][vc_column_text css_animation=&#8221;fadeInDown&#8221;]<\/p>\n<p style=\"text-align: justify;\">\u00c7do Operator Ekonomik, ka t\u00eb drejt\u00eb t\u00eb paraqes\u00eb ankesa, n\u00eb lidhje me procedurat e prokurimit, t\u00eb cilat jan\u00eb n\u00eb proces nga Autoritetet Kontraktore, p\u00ebrsa i takon kritereve t\u00eb kualifikimit t\u00eb dokumenteve t\u00eb tenderit apo procesit t\u00eb vler\u00ebsimit t\u00eb ofertave nga Komisioni i Vler\u00ebsimit t\u00eb Ofertave. Ligji p\u00ebrcakton si organin kompetent t\u00eb shqyrtimit t\u00eb ankesave Komisionin e Prokurimit Publik. P\u00ebrgatitja e ankimit dhe ndjekja e procedur\u00ebs s\u00eb ankimit deri n\u00eb vendimmarrjen e KPP, b\u00ebhet nga Shehu &amp; Partners.<\/p>\n<div class=\"position\" style=\"text-align: center;\"><span class=\"pricing-price\">\u00c7mimi: \u20ac400 <\/span><\/div>\n<div class=\"position\" style=\"text-align: center;\"><a class=\"pricing-button\" href=\"https:\/\/shp.al\/sq\/takimet\/ankimi-ne-komisionin-e-prokurimit-publik\/\">REZERVO NJ\u00cb TAKIM<\/a><\/div>\n<p>[\/vc_column_text][\/vc_tta_section][vc_tta_section i_icon_fontawesome=&#8221;far fa-file-alt&#8221; add_icon=&#8221;true&#8221; title=&#8221;Ankimi n\u00eb Gjykat\u00ebn Administrative n\u00eb lidhje me procedurat e prokurimit&#8221; tab_id=&#8221;1606133292344-e5c51772-014f&#8221;][vc_column_text css_animation=&#8221;fadeInDown&#8221;]<\/p>\n<p style=\"text-align: justify;\">\u00c7do vendim i Agjencis\u00eb s\u00eb Prokurimit Publik dhe Komisionit t\u00eb Prokurimit Publik, mund t\u00eb kund\u00ebrshtohet gjyq\u00ebsisht, pran\u00eb Gjykat\u00ebs Administrative kompetente.<br \/>\nShehu &amp; Partners ka nj\u00eb eksperienc\u00eb t\u00eb gjat\u00eb dhe t\u00eb konsoliduar n\u00eb p\u00ebrfaq\u00ebsimin gjyq\u00ebsor kund\u00ebr APP dhe KPP, dhe merr p\u00ebrsip\u00ebr ndjekjen dhe p\u00ebrfaq\u00ebsimin n\u00eb t\u00eb gjitha shkall\u00ebt e sistemit gjyq\u00ebsor.<\/p>\n<div class=\"position\" style=\"text-align: center;\"><span class=\"pricing-price\">\u00c7mimi: &#8211; <\/span><\/div>\n<div class=\"position\" style=\"text-align: center;\"><a class=\"pricing-button\" href=\"https:\/\/shp.al\/sq\/takimet\/ankimi-ne-gjykaten-administrative-ne-lidhje-me-procedurat-e-prokurimit\/\">REZERVO NJ\u00cb TAKIM<\/a><\/div>\n<p>[\/vc_column_text][\/vc_tta_section][\/vc_tta_accordion][\/vc_column][\/vc_row]<\/p>\n","protected":false},"excerpt":{"rendered":"<p>[vc_row][vc_column][vc_tta_accordion style=&#8221;flat&#8221; shape=&#8221;square&#8221; color=&#8221;black&#8221; gap=&#8221;3&#8243; c_icon=&#8221;triangle&#8221; c_position=&#8221;right&#8221; active_section=&#8221;0&#8243; no_fill=&#8221;true&#8221; collapsible_all=&#8221;true&#8221;][vc_tta_section i_icon_fontawesome=&#8221;far fa-file-alt&#8221; add_icon=&#8221;true&#8221; title=&#8221;Evidentimi i procedurave t\u00eb prokurimit publik t\u00eb shpallura n\u00eb Sistemin e Prokurimit Elektronik t\u00eb Agjencis\u00eb s\u00eb Prokurimit Publik (APP)&#8221; tab_id=&#8221;1606133150008-da4d9c97-6334&#8243;][vc_column_text css_animation=&#8221;fadeInDown&#8221;] Agjencia e Prokurimit Publik \u00ebsht\u00eb institucioni qendror p\u00ebrgjegj\u00ebs p\u00ebr mbar\u00ebvajtjen e sistemit t\u00eb prokurimit publik, verifikimin e zbatimit t\u00eb procedurave t\u00eb [&hellip;]<\/p>\n","protected":false},"author":1,"featured_media":0,"parent":11912,"menu_order":0,"comment_status":"closed","ping_status":"closed","template":"","meta":{"editor_plus_copied_stylings":"{}","footnotes":""},"class_list":["post-12462","page","type-page","status-publish","hentry"],"featured_image_src":null,"featured_image_src_square":null,"_links":{"self":[{"href":"https:\/\/shp.al\/sq\/wp-json\/wp\/v2\/pages\/12462","targetHints":{"allow":["GET"]}}],"collection":[{"href":"https:\/\/shp.al\/sq\/wp-json\/wp\/v2\/pages"}],"about":[{"href":"https:\/\/shp.al\/sq\/wp-json\/wp\/v2\/types\/page"}],"author":[{"embeddable":true,"href":"https:\/\/shp.al\/sq\/wp-json\/wp\/v2\/users\/1"}],"replies":[{"embeddable":true,"href":"https:\/\/shp.al\/sq\/wp-json\/wp\/v2\/comments?post=12462"}],"version-history":[{"count":4,"href":"https:\/\/shp.al\/sq\/wp-json\/wp\/v2\/pages\/12462\/revisions"}],"predecessor-version":[{"id":12596,"href":"https:\/\/shp.al\/sq\/wp-json\/wp\/v2\/pages\/12462\/revisions\/12596"}],"up":[{"embeddable":true,"href":"https:\/\/shp.al\/sq\/wp-json\/wp\/v2\/pages\/11912"}],"wp:attachment":[{"href":"https:\/\/shp.al\/sq\/wp-json\/wp\/v2\/media?parent=12462"}],"curies":[{"name":"wp","href":"https:\/\/api.w.org\/{rel}","templated":true}]}}