{"id":12075,"date":"2020-10-27T14:35:54","date_gmt":"2020-10-27T14:35:54","guid":{"rendered":"https:\/\/shp.al\/?page_id=12075"},"modified":"2020-12-28T08:42:39","modified_gmt":"2020-12-28T08:42:39","slug":"biznesi-dhe-korporata","status":"publish","type":"page","link":"https:\/\/shp.al\/sq\/sherbime-dhe-produkte\/biznesi-dhe-korporata\/","title":{"rendered":"Biznesi dhe Korporata"},"content":{"rendered":"<p>[vc_row][vc_column][vc_tta_accordion style=&#8221;flat&#8221; shape=&#8221;square&#8221; color=&#8221;black&#8221; gap=&#8221;3&#8243; c_icon=&#8221;triangle&#8221; c_position=&#8221;right&#8221; active_section=&#8221;0&#8243; no_fill=&#8221;true&#8221; collapsible_all=&#8221;true&#8221;][vc_tta_section i_icon_fontawesome=&#8221;far fa-file-alt&#8221; add_icon=&#8221;true&#8221; tab_id=&#8221;1603809333669-3e893d0a-036f&#8221; title=&#8221;Aplikim p\u00ebr regjistrim fillestar te\u0308 subjekteve tregtare&#8221;][vc_column_text css_animation=&#8221;fadeInDown&#8221;]<\/p>\n<p style=\"text-align: justify;\">Te\u0308 gjith\u00eb subjektet te\u0308 cil\u00ebt ushtrojn\u00eb veprimtari ekonomike\/tregtare ne\u0308 Republik\u00ebn e Shqip\u00ebris\u00eb dhe mbartin detyrimin p\u00ebr regjistrim, sipas ligjit, duhet te\u0308 regjistrohen ne\u0308 regjistrin tregtar.<br \/>\nLegjislacioni p\u00ebrcakton detyrimin e regjistrimit p\u00ebr subjektet e m\u00ebposhtme:<br \/>\n\u2022 personat fizike\u0308, te\u0308 cil\u00ebt ushtrojn\u00eb veprimtari ekonomike apo profesion te\u0308 pavarur;<br \/>\n\u2022 shoq\u00ebrit\u00eb e thjeshta;<br \/>\n\u2022 shoq\u00ebrit\u00eb tregtare;<br \/>\n1. shoq\u00ebri kolektive<br \/>\n2. shoq\u00ebri komandite<br \/>\n3. shoq\u00ebri me p\u00ebrgjegj\u00ebsi te\u0308 kufizuar<br \/>\n4. shoq\u00ebri aksionare<br \/>\n\u2022 deg\u00ebt e shoq\u00ebrive te\u0308 huaja;<br \/>\n\u2022 zyrat e p\u00ebrfaq\u00ebsimit te\u0308 shoq\u00ebrive shqiptare dhe te\u0308 huaja;<br \/>\n\u2022 shoq\u00ebrit\u00eb dhe unionet e kursim-kreditit;<br \/>\n\u2022 shoq\u00ebrit\u00eb e bashk\u00ebpunimit te\u0308 nd\u00ebrsjell\u00ebt;<br \/>\n\u2022 shoq\u00ebrit\u00eb e bashk\u00ebpunimit bujq\u00ebsor.<br \/>\nShehu &amp; Partners merr p\u00ebrsip\u00ebr, p\u00ebrpilimin e akteve (Statut, Akt Themelimi, Vendim Ortaku, Prokure\u0308 etj), kryerjen e Aplikimit pran\u00eb Qendr\u00ebs Komb\u00ebtare te\u0308 Biznesit dhe regjistrimin p\u00ebrfundimtar te\u0308 subjektit tregtar.<\/p>\n<div class=\"position\" style=\"text-align: center;\"><span class=\"pricing-price\">\u00c7mimi: \u20ac150 <\/span><\/div>\n<div class=\"position\" style=\"text-align: center;\"><a class=\"pricing-button\" href=\"https:\/\/shp.al\/sq\/takimet\/aplikim-per-regjistrim-fillestar-te-subjekteve-tregtare\/\">REZERVO NJ\u00cb TAKIM<\/a><\/div>\n<p>[\/vc_column_text][\/vc_tta_section][vc_tta_section i_icon_fontawesome=&#8221;far fa-file-alt&#8221; add_icon=&#8221;true&#8221; tab_id=&#8221;1603811908735-a0ca7c4a-a92d&#8221; title=&#8221;Aplikim dhe regjistrim i subjekteve tregtare te\u0308 sapokrijuara pran\u00eb Drejtoris\u00eb se\u0308 Taksave dhe Tarifave Vendore&#8221;][vc_column_text css_animation=&#8221;fadeInDown&#8221;]<\/p>\n<p style=\"text-align: justify;\">\u00c7do subjekt tregtar i ri, 15 dite\u0308 nga momenti i regjistrimit pran\u00eb\u0308 QKB, pasi pajiset me NUIS- ka detyrimin ligjor te\u0308 regjistrimit te\u0308 aktivitetit te\u0308 tij si biznes pran\u00eb Bashkis\u00eb p\u00ebrkat\u00ebse, Drejtoris\u00eb p\u00ebrkat\u00ebse te\u0308 Taksave dhe Tarifave Vendore.<\/p>\n<div class=\"position\" style=\"text-align: center;\"><span class=\"pricing-price\">\u00c7mimi: \u20ac100 <\/span><\/div>\n<div class=\"position\" style=\"text-align: center;\"><a class=\"pricing-button\" href=\"https:\/\/shp.al\/sq\/takimet\/aplikim-dhe-regjistrim-i-subjekteve-tregtare-te-sapokrijuara-prane-drejtorise-se-taksave-dhe-tarifave-vendore\/\">REZERVO NJ\u00cb TAKIM<\/a><\/div>\n<p>[\/vc_column_text][\/vc_tta_section][vc_tta_section i_icon_fontawesome=&#8221;far fa-file-alt&#8221; add_icon=&#8221;true&#8221; tab_id=&#8221;1603811908608-2e9f19ee-aefe&#8221; title=&#8221;Regjistrimi i subjekteve tregtare te\u0308 reja pran\u00eb Administrat\u00ebs Tatimore&#8221;][vc_column_text css_animation=&#8221;fadeInDown&#8221;]<\/p>\n<p style=\"text-align: justify;\">Subjektet e regjistruara sipas Ligjit Nr. 9723, dat\u00eb 3.5.2007 \u201cP\u00ebr Qendr\u00ebn Komb\u00ebtare te\u0308 Regjistrimit\u201d, pajisen me num\u00ebr unik identifikimi (NUIS) t\u00eb gjeneruar elektronikisht. Regjistrimi n\u00eb regjistrin tregtar p\u00ebrb\u00ebn, gjithashtu, regjistrim t\u00eb nj\u00ebkohsh\u00ebm t\u00eb tyre pran\u00eb administrat\u00ebs tatimore, qendrore dhe vendore, n\u00eb skem\u00ebn e sigurimeve shoq\u00ebrore e sh\u00ebndet\u00ebsore dhe pran\u00eb inspektoratit t\u00eb pun\u00ebs.<br \/>\nMenj\u00ebher\u00eb pas regjistrimit fillestar ne\u0308 QKB:<br \/>\na. Hapet dhe regjistrohet llogaria ne\u0308 faqen elektronike te\u0308 Drejtoris\u00eb se\u0308 P\u00ebrgjithshme te\u0308 Tatimeve;<br \/>\nb. Regjistrohet administratori ne\u0308 seksionin e liste\u0308-pagesave te\u0308 llogaris\u00eb personale elektronike tek faqja elektronike e DPT;<br \/>\nc. Pajisja me bllokun e faturave tatimore me TVSH, d\u00ebftesat tatimore dhe faturat e shoq\u00ebrimit te\u0308 mallit;<br \/>\nd. Brenda 15 dit\u00ebve nga data e regjistrimit duhet te\u0308 pajiseni me kas\u00ebn fiskale, pran\u00eb\u0308 shoq\u00ebrive te\u0308 autorizuara.<br \/>\nProcedurat e m\u00ebsip\u00ebrme kryhen nga Ekonomiste\u0308\/Studio kontabiliteti dhe ket\u00eb sh\u00ebrbim Shehu &amp; Partners e realizon ne\u0308 bashk\u00ebpunim me to.<\/p>\n<div class=\"position\" style=\"text-align: center;\"><span class=\"pricing-price\">\u00c7mimi: \u20ac150 <\/span><\/div>\n<div class=\"position\" style=\"text-align: center;\"><a class=\"pricing-button\" href=\"https:\/\/shp.al\/sq\/takimet\/regjistrimi-i-subjekteve-tregtare-te-reja-prane-administrates-tatimore\/\">REZERVO NJ\u00cb TAKIM<\/a><\/div>\n<p>[\/vc_column_text][\/vc_tta_section][vc_tta_section i_icon_fontawesome=&#8221;far fa-file-alt&#8221; add_icon=&#8221;true&#8221; tab_id=&#8221;1603811908463-69bda495-0e7e&#8221; title=&#8221;Aplikim p\u00ebr ndryshimin e adresave te\u0308 ushtrimit te\u0308 aktivitetit te\u0308 shoq\u00ebris\u00eb, hapja e vendeve te\u0308 tjera te\u0308 ushtrimit te\u0308 veprimtaris\u00eb&#8221;][vc_column_text css_animation=&#8221;fadeInDown&#8221;]<\/p>\n<p style=\"text-align: justify;\">Subjektet tregtare ne\u0308 \u00e7do kohe\u0308 te\u0308 ushtrimit te\u0308 aktivitetit te\u0308 tyre tregtar mund te\u0308 ndryshojn\u00eb adres\u00ebn e selis\u00eb se\u0308 tyre apo mund te\u0308 shtojn\u00eb vende te\u0308 tjera te\u0308 ushtrimit te\u0308 aktivitetit ne\u0308 p\u00ebrputhje me interesat dhe objektivat e shoq\u00ebris\u00eb. Ne\u0308 ket\u00eb rast \u00ebsht\u00eb e nevojshme qe\u0308 subjekti tregtar te\u0308 pasqyroje\u0308 k\u00ebto ndryshime ne\u0308 QKB. Vendimi i organeve drejtuese dhe aplikimi p\u00ebr ndryshimi\/shtim adrese realizohet nga Shehu &amp; Partners.<\/p>\n<div class=\"position\" style=\"text-align: center;\"><span class=\"pricing-price\">\u00c7mimi: \u20ac100 <\/span><\/div>\n<div class=\"position\" style=\"text-align: center;\"><a class=\"pricing-button\" href=\"https:\/\/shp.al\/sq\/takimet\/aplikim-per-ndryshimin-e-adresave-te-ushtrimit-te-aktivitetit-te-shoqerise-hapja-e-vendeve-te-tjera-te-ushtrimit-te-veprimtarise\/\">REZERVO NJ\u00cb TAKIM<\/a><\/div>\n<p>[\/vc_column_text][\/vc_tta_section][vc_tta_section i_icon_fontawesome=&#8221;far fa-file-alt&#8221; add_icon=&#8221;true&#8221; tab_id=&#8221;1603811908295-486cad41-00ee&#8221; title=&#8221;Aplikim p\u00ebr ndryshimin e administratorit&#8221;][vc_column_text css_animation=&#8221;fadeInDown&#8221;]<\/p>\n<p style=\"text-align: justify;\">Ne\u0308 zbatim te\u0308 dispozitave te\u0308 ligjit nr. 9901\/2008 \u201cP\u00ebr tregtar\u00ebt dhe shoq\u00ebrit\u00eb tregtare\u201d, dhe statutit te\u0308 shoq\u00ebrive tregtare em\u00ebrimi dhe ndryshimi i administratorit, \u00ebsht\u00eb e drejte\u0308 dhe tag\u00ebr ligjor i Ortakut\/ Asambles\u00eb se\u0308 Ortak\u00ebve\/Aksionar\u00ebve te\u0308 subjektit tregtar. Ndryshimi\/em\u00ebrimi i administratorit te\u0308 ri duhet te\u0308 b\u00ebhet me Vendim te\u0308 Ortakut\/Ortak\u00ebve dhe duhet te\u0308 regjistrohet ne\u0308 QKB.<\/p>\n<div class=\"position\" style=\"text-align: center;\"><span class=\"pricing-price\">\u00c7mimi: \u20ac100 <\/span><\/div>\n<div class=\"position\" style=\"text-align: center;\"><a class=\"pricing-button\" href=\"https:\/\/shp.al\/sq\/takimet\/aplikim-per-ndryshimin-e-administratorit\/\">REZERVO NJ\u00cb TAKIM<\/a><\/div>\n<p>[\/vc_column_text][\/vc_tta_section][vc_tta_section i_icon_fontawesome=&#8221;far fa-file-alt&#8221; add_icon=&#8221;true&#8221; tab_id=&#8221;1603811908152-c760823f-2ef8&#8243; title=&#8221;Aplikim p\u00ebr regjistrimin e kontratave te\u0308 transferimit\/dhurimit\/shitjes se\u0308 kuotave&#8221;][vc_column_text css_animation=&#8221;fadeInDown&#8221;]<\/p>\n<p style=\"text-align: justify;\">Kuotat e kapitalit te\u0308 nj\u00eb shoq\u00ebrie me p\u00ebrgjegj\u00ebsi te\u0308 kufizuar dhe te\u0308 drejtat qe\u0308 rrjedhin prej tyre mund te\u0308 fitohen apo kalohen n\u00ebp\u00ebrmjet: a)kontributit ne\u0308 kapitalin e shoq\u00ebris\u00eb; b) shitblerjes; c) trash\u00ebgimis\u00eb; \u00e7) dhurimit etj., Ne\u0308 rastin e kalimit te\u0308 kuotave me kontrate\u0308, kontrata duhet te\u0308 b\u00ebhet me shkrim dhe duhet te\u0308 regjistrohet ne\u0308 Qendr\u00ebn Komb\u00ebtare te\u0308 Biznesit.<\/p>\n<div class=\"position\" style=\"text-align: center;\"><span class=\"pricing-price\">\u00c7mimi: \u20ac300 <\/span><\/div>\n<div class=\"position\" style=\"text-align: center;\"><a class=\"pricing-button\" href=\"https:\/\/shp.al\/sq\/takimet\/aplikim-per-regjistrimin-e-kontratave-te-transferimit-dhurimit-shitjes-se-kuotave\/\">REZERVO NJ\u00cb TAKIM<\/a><\/div>\n<p>[\/vc_column_text][\/vc_tta_section][vc_tta_section i_icon_fontawesome=&#8221;far fa-file-alt&#8221; add_icon=&#8221;true&#8221; tab_id=&#8221;1603811907991-a547c829-a5cf&#8221; title=&#8221;Aplikim p\u00ebr regjistrimin e ndryshimeve ne\u0308 Statut\/Akt Themelimi\/Kontrat\u00ebn e Shoq\u00ebris\u00eb se\u0308 Thjeshte\u0308&#8221;][vc_column_text css_animation=&#8221;fadeInDown&#8221;]<\/p>\n<p style=\"text-align: justify;\">\u00c7do subjekt qe\u0308 \u00ebsht\u00eb regjistruar ne\u0308 Qendr\u00ebn Komb\u00ebtare te\u0308 Biznesit, duhet te\u0308 regjistroje\u0308 \u00e7do ndryshim, te\u0308 te\u0308 dh\u00ebnave, objektit, organeve etj. P\u00ebr Deg\u00ebt dhe Zyrat e P\u00ebrfaq\u00ebsimit te\u0308 shoq\u00ebrive te\u0308 huaja, depozitohet statuti dhe akti i themelimit te\u0308 shoq\u00ebris\u00eb\u0308 se\u0308 huaj apo dokumenti ekuivalent i krijimit sipas legjislacionit te\u0308 huaj, me tekstin e plote\u0308 qe\u0308 pasqyron ndryshimet e b\u00ebra.<\/p>\n<div class=\"position\" style=\"text-align: center;\"><span class=\"pricing-price\">\u00c7mimi: \u20ac300 <\/span><\/div>\n<div class=\"position\" style=\"text-align: center;\"><a class=\"pricing-button\" href=\"https:\/\/shp.al\/sq\/takimet\/aplikim-per-regjistrimin-e-ndryshimeve-ne-statut-akt-themelimi-kontraten-e-shoqerise-se-thjeshte\/\">REZERVO NJ\u00cb TAKIM<\/a><\/div>\n<p>[\/vc_column_text][\/vc_tta_section][vc_tta_section i_icon_fontawesome=&#8221;far fa-file-alt&#8221; add_icon=&#8221;true&#8221; tab_id=&#8221;1603811907839-52ba92ed-d1ff&#8221; title=&#8221;Aplikim p\u00ebr regjistrimin e akteve te\u0308 detyrueshme te\u0308 subjekteve tregtare&#8221;][vc_column_text css_animation=&#8221;fadeInDown&#8221;]<\/p>\n<p style=\"text-align: justify;\">Te\u0308 gjitha subjektet tregtare duhet te\u0308 regjistrojn\u00eb ne\u0308 m\u00ebnyr\u00eb te\u0308 detyrueshme dokumentacionin dhe informacionin si me\u0308 posht\u00eb:<br \/>\na. Pasqyrat financiare vjetore, raportin e ecuris\u00eb se\u0308 veprimtaris\u00eb dhe raportin e auditimit ne\u0308 rastet kur mbajtja e k\u00ebtyre dokumenteve \u00ebsht\u00eb e detyrueshme. Deg\u00ebt dhe zyrat e p\u00ebrfaq\u00ebsimit te\u0308 shoq\u00ebrive te\u0308 huaja, duhet te\u0308 depozitojn\u00eb edhe bilancin vjetor te\u0308 shoq\u00ebris\u00eb se\u0308 huaj, te\u0308 mbajtur sipas standardeve te\u0308 k\u00ebrkuara ne\u0308 shtetin e huaj;<br \/>\nb. Em\u00ebrimi ose shkarkimi i nj\u00eb eksperti kontab\u00ebl te\u0308 autorizuar, kur em\u00ebrimi i tij k\u00ebrkohet shprehimisht nga ligji;<br \/>\nc. Em\u00ebrimi i likuiduesve;<br \/>\nd. P\u00ebrpilimi, aplikimi dhe regjistrimi i dokumenteve qe\u0308 v\u00ebrtetojn\u00eb se kapitali ose pjese\u0308 te\u0308 kapitalit te\u0308 shoq\u00ebris\u00eb jan\u00eb v\u00ebn\u00eb si peng ose garanci;<br \/>\ne. \u00c7do regjistrim tjet\u00ebr, te\u0308 detyruesh\u00ebm sipas ligjit ne\u0308 fuqi.<\/p>\n<div class=\"position\" style=\"text-align: center;\"><span class=\"pricing-price\">\u00c7mimi: \u20ac200 <\/span><\/div>\n<div class=\"position\" style=\"text-align: center;\"><a class=\"pricing-button\" href=\"https:\/\/shp.al\/sq\/takimet\/aplikim-per-regjistrimin-e-akteve-te-detyrueshme-te-subjekteve-tregtare\/\">REZERVO NJ\u00cb TAKIM<\/a><\/div>\n<p>[\/vc_column_text][\/vc_tta_section][vc_tta_section i_icon_fontawesome=&#8221;far fa-file-alt&#8221; add_icon=&#8221;true&#8221; tab_id=&#8221;1603811907687-c86af203-04d3&#8243; title=&#8221;Aplikim p\u00ebr pezullimin e p\u00ebrkohsh\u00ebm te\u0308 veprimtaris\u00eb se\u0308 nj\u00eb Shoq\u00ebrie Tregtare&#8221;][vc_column_text css_animation=&#8221;fadeInDown&#8221;]<\/p>\n<p style=\"text-align: justify;\">Ne\u0308 rast te\u0308 pushimit te\u0308 p\u00ebrkohsh\u00ebm te\u0308 veprimtaris\u00eb tregtare \u00e7do subjekt duhet te\u0308 plot\u00ebsoj\u00eb, aplikoje\u0308 dhe regjistroje\u0308 ne\u0308 QKB vendimet p\u00ebr Pezullimin e Aktivitetit.<\/p>\n<div class=\"position\" style=\"text-align: center;\"><span class=\"pricing-price\">\u00c7mimi: \u20ac150 <\/span><\/div>\n<div class=\"position\" style=\"text-align: center;\"><a class=\"pricing-button\" href=\"https:\/\/shp.al\/sq\/takimet\/aplikim-per-pezullimin-e-perkohshem-te-veprimtarise-se-nje-shoqerie-tregtare\/\">REZERVO NJ\u00cb TAKIM<\/a><\/div>\n<p>[\/vc_column_text][\/vc_tta_section][vc_tta_section i_icon_fontawesome=&#8221;far fa-file-alt&#8221; add_icon=&#8221;true&#8221; tab_id=&#8221;1603811907544-6296a230-15b0&#8243; title=&#8221;Aplikim p\u00ebr \u00c7\u2019regjistrimin e nj\u00eb Personi Fizik&#8221;][vc_column_text css_animation=&#8221;fadeInDown&#8221;]<\/p>\n<p style=\"text-align: justify;\">P\u00ebr personat fizike\u0308, \u00e7\u2019regjistrimi ne\u0308 m\u00ebnyr\u00eb vullnetare kryhet n\u00ebp\u00ebrmjet aplikimit p\u00ebr \u00e7\u2019regjistrim. Ky aplikim mund te\u0308 b\u00ebhet se\u0308 bashku me njoftimin e pushimit te\u0308 aktivitetit ekonomik ose ne\u0308 nj\u00eb moment te\u0308 dyte\u0308.<\/p>\n<div class=\"position\" style=\"text-align: center;\"><span class=\"pricing-price\">\u00c7mimi: \u20ac50 <\/span><\/div>\n<div class=\"position\" style=\"text-align: center;\"><a class=\"pricing-button\" href=\"https:\/\/shp.al\/sq\/takimet\/aplikim-per-cregjistrimin-e-nje-personi-fizik\/\">REZERVO NJ\u00cb TAKIM<\/a><\/div>\n<p>[\/vc_column_text][\/vc_tta_section][vc_tta_section i_icon_fontawesome=&#8221;far fa-file-alt&#8221; add_icon=&#8221;true&#8221; tab_id=&#8221;1603811907383-4d2fc864-35a2&#8243; title=&#8221;Aplikim p\u00ebr \u00c7\u2019regjistrimin e nj\u00eb Personi Juridik&#8221;][vc_column_text css_animation=&#8221;fadeInDown&#8221;]<\/p>\n<p style=\"text-align: justify;\">P\u00ebr personat juridike\u0308, p\u00ebr deg\u00ebt dhe zyrat e p\u00ebrfaq\u00ebsimit te\u0308 shoq\u00ebrive te\u0308 huaja dhe shoq\u00ebrit\u00eb e thjeshta, \u00e7\u2019regjistrimi ne\u0308 m\u00ebnyr\u00eb vullnetare kryhet n\u00ebp\u00ebrmjet aplikimit p\u00ebr \u00e7\u2019regjistrim dhe depozitimit te\u0308 akteve p\u00ebrkat\u00ebse, qe\u0308 v\u00ebrtetojn\u00eb kryerjen dhe mbylljen e procedurave te\u0308 likuidimit, sipas legjislacionit ne\u0308 fuqi.<\/p>\n<div class=\"position\" style=\"text-align: center;\"><span class=\"pricing-price\">\u00c7mimi: \u20ac300 <\/span><\/div>\n<div class=\"position\" style=\"text-align: center;\"><a class=\"pricing-button\" href=\"https:\/\/shp.al\/sq\/takimet\/aplikim-per-cregjistrimin-e-nje-personi-juridik\/\">REZERVO NJ\u00cb TAKIM<\/a><\/div>\n<p>[\/vc_column_text][\/vc_tta_section][vc_tta_section i_icon_fontawesome=&#8221;far fa-file-alt&#8221; add_icon=&#8221;true&#8221; tab_id=&#8221;1603811907231-39a747d2-d0d9&#8243; title=&#8221;Ndjekja e procedur\u00ebs se\u0308 likuidimit te\u0308 nj\u00eb Personi Juridik&#8221;][vc_column_text css_animation=&#8221;fadeInDown&#8221;]<\/p>\n<p style=\"text-align: justify;\">Pasi \u00ebsht\u00eb\u0308 regjistruar fillimi i procedurave te\u0308 likuidimit, p\u00ebrpara se te\u0308 kryeje\u0308 \u00e7\u2019regjistrimin e subjektit institucioni (Qendra Komb\u00ebtare e Biznesit) detyrohet te\u0308 njoftoje\u0308 organet tatimore dhe te\u0308 prese\u0308 brenda afatit ligjor, konfirmimin ne\u0308 lidhje me situat\u00ebn tatimore te\u0308 subjektit.<br \/>\nFillimi i procedurave te\u0308 likuidimit (likuidim ne\u0308 gjendjen e aft\u00ebsis\u00eb paguese), kryhet ne\u0308 dy forma:<br \/>\n&#8211; Likuidim i zakonsh\u00ebm, nis me prishjen e shoq\u00ebris\u00eb p\u00ebr pasoja te\u0308 ndryshme dhe me em\u00ebrimin e likuiduesit;<br \/>\n&#8211; Likuidim i thjesht\u00ebzuar, Shoq\u00ebrit\u00eb Tregtare, mund te\u0308 likuidohen n\u00ebp\u00ebrmjet nj\u00eb\u0308 procedure te\u0308 p\u00ebrshpejtuar, n\u00ebse kjo vendoset nga te\u0308 gjith\u00eb ortak\u00ebt apo aksionar\u00ebt dhe kur k\u00ebta deklarojn\u00eb p\u00ebrpara gjykat\u00ebs p\u00ebrkat\u00ebse se te\u0308 gjitha detyrimet e shoq\u00ebris\u00eb ndaj kreditor\u00ebve jan\u00eb shlyer e jan\u00eb rregulluar te\u0308 gjitha marr\u00ebdh\u00ebniet me pun\u00ebmarr\u00ebsit. Ne\u0308 rastin e likuidimit te\u0308 thjesht\u00ebzuar, duhet te\u0308 paraqitet pran\u00eb Qendr\u00ebs Komb\u00ebtare te\u0308 Biznesit, vendimi i gjykat\u00ebs p\u00ebr likuidimin e shoq\u00ebris\u00eb, n\u00ebp\u00ebrmjet procedur\u00ebs se\u0308 thjesht\u00ebzuar.<\/p>\n<div class=\"position\" style=\"text-align: center;\"><span class=\"pricing-price\">\u00c7mimi: \u20ac1500 <\/span><\/div>\n<div class=\"position\" style=\"text-align: center;\"><a class=\"pricing-button\" href=\"https:\/\/shp.al\/sq\/takimet\/ndjekja-e-procedures-se-likuidimit-te-nje-personi-juridik\/\">REZERVO NJ\u00cb TAKIM<\/a><\/div>\n<p>[\/vc_column_text][\/vc_tta_section][vc_tta_section i_icon_fontawesome=&#8221;far fa-file-alt&#8221; add_icon=&#8221;true&#8221; tab_id=&#8221;1603811907063-dc668523-1507&#8243; title=&#8221;Bashkimi i Shoq\u00ebrive Tregtare&#8221;][vc_column_text css_animation=&#8221;fadeInDown&#8221;]<\/p>\n<p style=\"text-align: justify;\">Dy ose me\u0308 shume\u0308 shoq\u00ebri mund te\u0308 bashkohen n\u00ebp\u00ebrmjet:<br \/>\n1. Kalimit te\u0308 te\u0308 gjitha aktiveve e pasiveve te\u0308 nj\u00ebr\u00ebs ose me\u0308 shume\u0308 prej shoq\u00ebrive, qe\u0308 quhen shoq\u00ebrit\u00eb e p\u00ebrthithura, te\u0308 nj\u00eb shoq\u00ebrie tjet\u00ebr ekzistuese, e quajtur shoq\u00ebria pe\u0308rpthithe\u0308se, ne\u0308 k\u00ebmbim te\u0308 aksioneve apo kuotave te\u0308 k\u00ebsaj shoq\u00ebrie. Ky proces quhet Bashkim me P\u00ebrthithje.<br \/>\n2. Themelimit te\u0308 nj\u00eb shoq\u00ebrie te\u0308 re, tek e cila kalohen te\u0308 gjitha aktivet dhe pasivet e shoq\u00ebrive ekzistuese, qe\u0308 bashkohen ne\u0308 k\u00ebmbim te\u0308 aksioneve apo kuotave te\u0308 shoq\u00ebris\u00eb se\u0308 re. Ky proces quhet Bashkim me Krijimin e nj\u00eb Shoq\u00ebrie te\u0308 Re.<\/p>\n<div class=\"position\" style=\"text-align: center;\"><span class=\"pricing-price\">\u00c7mimi: &#8211; <\/span><\/div>\n<div class=\"position\" style=\"text-align: center;\"><a class=\"pricing-button\" href=\"https:\/\/shp.al\/sq\/takimet\/bashkimi-i-shoqerive-tregtare\/\">REZERVO NJ\u00cb TAKIM<\/a><\/div>\n<p>[\/vc_column_text][\/vc_tta_section][vc_tta_section i_icon_fontawesome=&#8221;far fa-file-alt&#8221; add_icon=&#8221;true&#8221; tab_id=&#8221;1603811906840-2ab474f2-26a9&#8243; title=&#8221;Ndarja e Shoq\u00ebrive Tregtare&#8221;][vc_column_text css_animation=&#8221;fadeInDown&#8221;]<\/p>\n<p style=\"text-align: justify;\">Nj\u00eb shoq\u00ebri mund te\u0308 ndahet me vendim te\u0308 Asambles\u00eb se\u0308 P\u00ebrgjithshme, duke transferuar te\u0308 gjitha aktivet e pasivet e veta ne\u0308 favor te\u0308 dy ose me\u0308 shume\u0308 shoq\u00ebrive ekzistuese apo te\u0308 themeluara rishtazi. Shoq\u00ebria qe\u0308 ndahet vler\u00ebsohet e prishur.<br \/>\nRegjistrimi i ndarjes se\u0308 shoq\u00ebris\u00eb pran\u00eb Qendr\u00ebs Komb\u00ebtare te\u0308 Biznesit ka si pasoje\u0308:<br \/>\na) kalimin te shoq\u00ebrit\u00eb prit\u00ebse te\u0308 te\u0308 gjitha aktiveve e pasiveve te\u0308 shoq\u00ebris\u00eb qe\u0308 ndahet, ne\u0308 p\u00ebrputhje me raportin e ndarjes, te\u0308 p\u00ebrcaktuar ne\u0308 marr\u00ebveshjen e ndarjes.<br \/>\nb) b\u00ebrjen e aksionar\u00ebve\/ortak\u00ebve te\u0308 shoq\u00ebris\u00eb qe\u0308 ndahet aksionare\u0308 apo ortake\u0308 te\u0308 nj\u00eb ose me\u0308 shume\u0308 shoq\u00ebrive prit\u00ebse, ne\u0308 p\u00ebrputhje me raportin e ndarjes, p\u00ebrcaktuar ne\u0308 marr\u00ebveshjen e ndarjes;<br \/>\nc) vler\u00ebsimin e shoq\u00ebris\u00eb qe\u0308 ndahet si e prishur dhe \u00e7\u2019regjistrimin e saj nga Qendra Komb\u00ebtare e Regjistrimit, pa kryerjen e likuidimit.<\/p>\n<div class=\"position\" style=\"text-align: center;\"><span class=\"pricing-price\">\u00c7mimi: &#8211; <\/span><\/div>\n<div class=\"position\" style=\"text-align: center;\"><a class=\"pricing-button\" href=\"https:\/\/shp.al\/sq\/takimet\/ndarja-e-shoqerive-tregtare\/\">REZERVO NJ\u00cb TAKIM<\/a><\/div>\n<p>[\/vc_column_text][\/vc_tta_section][vc_tta_section i_icon_fontawesome=&#8221;far fa-file-alt&#8221; add_icon=&#8221;true&#8221; tab_id=&#8221;1603811906389-89f0e36f-85be&#8221; title=&#8221;Shnd\u00ebrrimi i Shoq\u00ebrive Tregtare&#8221;][vc_column_text css_animation=&#8221;fadeInDown&#8221;]<\/p>\n<p style=\"text-align: justify;\">Nj\u00eb shoq\u00ebri tregtare mund te\u0308 ndryshoje\u0308 form\u00ebn e vet ligjore, n\u00ebp\u00ebrmjet shnd\u00ebrrimit, si me\u0308 posht\u00eb:<br \/>\n1. Shoq\u00ebria me P\u00ebrgjegj\u00ebsi te\u0308 Kufizuar mund te\u0308 shnd\u00ebrrohet ne\u0308 shoq\u00ebri aksionare dhe anasjelltas;<br \/>\n2. Nja shoq\u00ebri aksionare me oferte\u0308 private mund te\u0308 shnd\u00ebrrohet ne\u0308 nj\u00eb shoq\u00ebri aksionare me oferte\u0308 publike dhe anasjelltas, n\u00ebse p\u00ebrmbushen k\u00ebrkesat e ligjit p\u00ebr titujt.<\/p>\n<div class=\"position\" style=\"text-align: center;\"><span class=\"pricing-price\">\u00c7mimi: &#8211; <\/span><\/div>\n<div class=\"position\" style=\"text-align: center;\"><a class=\"pricing-button\" href=\"https:\/\/shp.al\/sq\/takimet\/shnderrimi-i-shoqerive-tregtare\/\">REZERVO NJ\u00cb TAKIM<\/a><\/div>\n<p>[\/vc_column_text][\/vc_tta_section][\/vc_tta_accordion][\/vc_column][\/vc_row]<\/p>\n","protected":false},"excerpt":{"rendered":"<p>[vc_row][vc_column][vc_tta_accordion style=&#8221;flat&#8221; shape=&#8221;square&#8221; color=&#8221;black&#8221; gap=&#8221;3&#8243; c_icon=&#8221;triangle&#8221; c_position=&#8221;right&#8221; active_section=&#8221;0&#8243; no_fill=&#8221;true&#8221; collapsible_all=&#8221;true&#8221;][vc_tta_section i_icon_fontawesome=&#8221;far fa-file-alt&#8221; add_icon=&#8221;true&#8221; tab_id=&#8221;1603809333669-3e893d0a-036f&#8221; title=&#8221;Aplikim p\u00ebr regjistrim fillestar te\u0308 subjekteve tregtare&#8221;][vc_column_text css_animation=&#8221;fadeInDown&#8221;] Te\u0308 gjith\u00eb subjektet te\u0308 cil\u00ebt ushtrojn\u00eb veprimtari ekonomike\/tregtare ne\u0308 Republik\u00ebn e Shqip\u00ebris\u00eb dhe mbartin detyrimin p\u00ebr regjistrim, sipas ligjit, duhet te\u0308 regjistrohen ne\u0308 regjistrin tregtar. Legjislacioni p\u00ebrcakton detyrimin e regjistrimit p\u00ebr subjektet e [&hellip;]<\/p>\n","protected":false},"author":1,"featured_media":0,"parent":11912,"menu_order":0,"comment_status":"closed","ping_status":"closed","template":"","meta":{"editor_plus_copied_stylings":"{}","footnotes":""},"class_list":["post-12075","page","type-page","status-publish","hentry"],"featured_image_src":null,"featured_image_src_square":null,"_links":{"self":[{"href":"https:\/\/shp.al\/sq\/wp-json\/wp\/v2\/pages\/12075","targetHints":{"allow":["GET"]}}],"collection":[{"href":"https:\/\/shp.al\/sq\/wp-json\/wp\/v2\/pages"}],"about":[{"href":"https:\/\/shp.al\/sq\/wp-json\/wp\/v2\/types\/page"}],"author":[{"embeddable":true,"href":"https:\/\/shp.al\/sq\/wp-json\/wp\/v2\/users\/1"}],"replies":[{"embeddable":true,"href":"https:\/\/shp.al\/sq\/wp-json\/wp\/v2\/comments?post=12075"}],"version-history":[{"count":8,"href":"https:\/\/shp.al\/sq\/wp-json\/wp\/v2\/pages\/12075\/revisions"}],"predecessor-version":[{"id":12589,"href":"https:\/\/shp.al\/sq\/wp-json\/wp\/v2\/pages\/12075\/revisions\/12589"}],"up":[{"embeddable":true,"href":"https:\/\/shp.al\/sq\/wp-json\/wp\/v2\/pages\/11912"}],"wp:attachment":[{"href":"https:\/\/shp.al\/sq\/wp-json\/wp\/v2\/media?parent=12075"}],"curies":[{"name":"wp","href":"https:\/\/api.w.org\/{rel}","templated":true}]}}