{"id":12069,"date":"2020-10-23T13:47:11","date_gmt":"2020-10-23T13:47:11","guid":{"rendered":"https:\/\/shp.al\/sherbime-dhe-produkte\/environment\/"},"modified":"2020-11-03T14:09:22","modified_gmt":"2020-11-03T14:09:22","slug":"mjedisi","status":"publish","type":"page","link":"https:\/\/shp.al\/sq\/sherbime-dhe-produkte\/mjedisi\/","title":{"rendered":"Mjedisi"},"content":{"rendered":"<p>[vc_row][vc_column][vc_tta_accordion style=&#8221;flat&#8221; shape=&#8221;square&#8221; color=&#8221;black&#8221; gap=&#8221;3&#8243; c_icon=&#8221;triangle&#8221; c_position=&#8221;right&#8221; active_section=&#8221;0&#8243; no_fill=&#8221;true&#8221; collapsible_all=&#8221;true&#8221;][vc_tta_section i_icon_fontawesome=&#8221;far fa-file-alt&#8221; add_icon=&#8221;true&#8221; title=&#8221;Aplikimi p\u00ebr pajisjen me Leje Mjedisore&#8221; tab_id=&#8221;1603460728839-a6351ced-ea0b&#8221;][vc_column_text css_animation=&#8221;fadeInDown&#8221;]<\/p>\n<p style=\"text-align: justify;\">Operatori Biznesit, veprimtaria e t\u00eb cil\u00ebve shkaktojn\u00eb ndotje n\u00eb mjedis, pajisen me lejen p\u00ebrkat\u00ebse t\u00eb mjedisit, ku p\u00ebrcaktohen, kushtet e nevojshme p\u00ebr t\u00eb garantuar se veprimtaria\/instalimi do t\u00eb p\u00ebrmbush\u00eb k\u00ebrkesat e legjislacionit mjedisore n\u00eb fuqi. Dh\u00ebnia e lejeve t\u00eb mjedisit p\u00ebrcaktohet sipas nj\u00eb sistemi t\u00eb p\u00ebrb\u00ebr\u00eb prej dy nivelesh (leje te tipit A dhe leje te tipit B), mb\u00ebshtetur n\u00eb madh\u00ebsin\u00eb dhe llojin e veprimtaris\u00eb q\u00eb ka nevoj\u00eb t\u00eb pajiset me leje, si dhe n\u00eb mund\u00ebsin\u00eb q\u00eb ka veprimtaria t\u00eb shkaktoj\u00eb ndotje n\u00eb at\u00eb mas\u00eb q\u00eb mund t\u00eb sjell\u00eb d\u00ebm n\u00eb mjedis dhe t\u00eb rrezikoj\u00eb sh\u00ebndetin e njeriut, kafsh\u00ebve dhe bim\u00ebve.<\/p>\n<div class=\"position\" style=\"text-align: center;\"><span class=\"pricing-price\">\u00c7mimi: $400 <\/span><\/div>\n<div class=\"position\" style=\"text-align: center;\"><a class=\"pricing-button\" href=\"https:\/\/shp.al\/sq\/takimet\/aplikim-per-pajisjen-me-leje-mjedisore\/\">REZERVO NJ\u00cb TAKIM<\/a><\/div>\n<p>[\/vc_column_text][\/vc_tta_section][vc_tta_section i_icon_fontawesome=&#8221;far fa-file-alt&#8221; add_icon=&#8221;true&#8221; title=&#8221;Paraqitja dhe kryerja e Vler\u00ebsimit t\u00eb Ndikimit n\u00eb Mjedis&#8221; tab_id=&#8221;1603460728851-3cd1b031-b9bf&#8221;][vc_column_text css_animation=&#8221;fadeInDown&#8221;]<\/p>\n<p style=\"text-align: justify;\">Vler\u00ebsimi i ndikimit n\u00eb mjedis \u00ebsht\u00eb nj\u00eb proces vler\u00ebsimi i cili k\u00ebrkohet p\u00ebr aktivitete t\u00eb ndryshme nd\u00ebrtimore dhe prodhuese. Vler\u00ebsimi i ndikimit n\u00eb mjedis zbaton parimin e parandalimit q\u00eb n\u00eb faz\u00ebn e hershme t\u00eb planifikimit t\u00eb projektit, me q\u00ebllim shmangien apo minimizimin e efekteve negative n\u00eb mjedis t\u00eb projektit t\u00eb propozuar, p\u00ebrmes harmonizimit dhe p\u00ebrshtatjes s\u00eb saj me kapacitetin bart\u00ebs t\u00eb mjedisit. K\u00ebt\u00eb Sh\u00ebrbim Shehu &amp; Partners e realizon n\u00eb bashk\u00ebpunim me Qendr\u00ebn e Monitorimit t\u00eb Mjedisit. Vler\u00ebsimet e k\u00ebrkuara dhe te urdh\u00ebruara jan\u00eb:<br \/>\n\u2022 Vler\u00ebsimi i ndikimit n\u00eb mjedis paraprak;<br \/>\n\u2022 Vler\u00ebsimi i ndikimit n\u00eb mjedis e thelluar.<\/p>\n<div class=\"position\" style=\"text-align: center;\"><span class=\"pricing-price\">\u00c7mimi: $400 <\/span><\/div>\n<div class=\"position\" style=\"text-align: center;\"><a class=\"pricing-button\" href=\"https:\/\/shp.al\/sq\/takimet\/paraqitja-dhe-kryerja-e-vleresimit-te-ndikimit-ne-mjedis\/\">REZERVO NJ\u00cb TAKIM<\/a><\/div>\n<p>[\/vc_column_text][\/vc_tta_section][vc_tta_section i_icon_fontawesome=&#8221;far fa-file-alt&#8221; add_icon=&#8221;true&#8221; title=&#8221;Aplikim p\u00ebr pajisjen me Licenc\u00eb III.2.B&#8221; tab_id=&#8221;1603460795654-cf794792-5b0c&#8221;][vc_column_text css_animation=&#8221;fadeInDown&#8221;]<\/p>\n<p style=\"text-align: justify;\">P\u00ebr t\u00eb siguruar q\u00eb t\u00eb gjitha mbetjet jan\u00eb hequr\/zhvendosur n\u00eb p\u00ebrputhje me legjislacionin p\u00ebrkat\u00ebs dhe politikat aktuale dhe p\u00ebr t\u00eb minimizuar rrezikun e ndotjes Operator\u00ebt e Biznesit t\u00eb cil\u00ebt jan\u00eb t\u00eb pajisur me leje mjedisore t\u00eb tipit A ose t\u00eb tipit B duhet t\u00eb pajisen me Licenc\u00eb III.2.B p\u00ebr transportin e mbetjeve q\u00eb gjenerojn\u00eb.<\/p>\n<div class=\"position\" style=\"text-align: center;\"><span class=\"pricing-price\">\u00c7mimi: $400 <\/span><\/div>\n<div class=\"position\" style=\"text-align: center;\"><a class=\"pricing-button\" href=\"https:\/\/shp.al\/sq\/takimet\/aplikim-per-pajisjen-me-licence-iii-2-b\/\">REZERVO NJ\u00cb TAKIM<\/a><\/div>\n<p>[\/vc_column_text][\/vc_tta_section][vc_tta_section i_icon_fontawesome=&#8221;far fa-file-alt&#8221; add_icon=&#8221;true&#8221; title=&#8221;Aplikim \/ k\u00ebrkes\u00eb p\u00ebr transferim e Lejes Mjedisore&#8221; tab_id=&#8221;1603460824679-f5700aa4-a372&#8243;][vc_column_text css_animation=&#8221;fadeInDown&#8221;]<\/p>\n<p style=\"text-align: justify;\">Bazuar ne legjislacionin n\u00eb fuqi, p\u00ebr transferimin e aktit t\u00eb miratimit t\u00eb lejes s\u00eb mjedisit p\u00ebr nj\u00eb instalim q\u00eb k\u00ebrkon leje t\u00eb tipit A ose B, Operatori Biznesit, duhet t\u00eb paraqes\u00eb k\u00ebrkes\u00eb pran\u00eb Agjencis\u00eb Komb\u00ebtare t\u00eb Mjedisit.<\/p>\n<div class=\"position\" style=\"text-align: center;\"><span class=\"pricing-price\">\u00c7mimi: $400 <\/span><\/div>\n<div class=\"position\" style=\"text-align: center;\"><a class=\"pricing-button\" href=\"https:\/\/shp.al\/sq\/takimet\/aplikim-kerkese-per-transferim-te-lejes-mjedisore\/\">REZERVO NJ\u00cb TAKIM<\/a><\/div>\n<p>[\/vc_column_text][\/vc_tta_section][vc_tta_section i_icon_fontawesome=&#8221;far fa-file-alt&#8221; add_icon=&#8221;true&#8221; title=&#8221;Aplikim p\u00ebr Rishikim t\u00eb kushteve t\u00eb Lejes Mjedisore&#8221; tab_id=&#8221;1603475530314-f5137b9a-c861&#8243;][vc_column_text css_animation=&#8221;fadeInDown&#8221;]<\/p>\n<p style=\"text-align: justify;\">Operatori Biznesit i nj\u00eb instalimi ekzistues, sipas p\u00ebrcaktimeve t\u00eb legjislacionit n\u00eb fuqi, aplikon p\u00ebr ndryshim t\u00eb kushteve t\u00eb lejes mjedisore n\u00eb momentin q\u00eb ka p\u00ebsuar nj\u00eb ndryshim n\u00eb instalim p\u00ebr k\u00ebt\u00eb arsye paraqet k\u00ebrkes\u00eb p\u00ebr rishikim t\u00eb kushteve t\u00eb lejes ekzistuese t\u00eb mjedisit t\u00eb tipit A dhe B.<\/p>\n<div class=\"position\" style=\"text-align: center;\"><span class=\"pricing-price\">\u00c7mimi: $400 <\/span><\/div>\n<div class=\"position\" style=\"text-align: center;\"><a class=\"pricing-button\" href=\"https:\/\/shp.al\/sq\/takimet\/aplikim-per-rishikim-te-kushteve-te-lejes-mjedisore\/\">REZERVO NJ\u00cb TAKIM<\/a><\/div>\n<p>[\/vc_column_text][\/vc_tta_section][vc_tta_section i_icon_fontawesome=&#8221;far fa-file-alt&#8221; add_icon=&#8221;true&#8221; title=&#8221;Paraqitja dhe hartimi i Raportit Vjetor t\u00eb Mjedisit&#8221; tab_id=&#8221;1603475545221-7a0a61c7-be80&#8243;][vc_column_text css_animation=&#8221;fadeInDown&#8221;]<\/p>\n<p style=\"text-align: justify;\">Bazuar n\u00eb ligjin Ligj Nr. 10448\/2011 t\u00eb ndryshuar Operator\u00ebt e Biznesit nevojiten t\u00eb plot\u00ebsojn\u00eb dhe t\u00eb dor\u00ebzojn\u00eb Raportin Vjetor t\u00eb Mjedisit i cili \u00ebsht\u00eb kusht i lejes s\u00eb mjedisit dhe dor\u00ebzohet nj\u00eb her\u00eb n\u00eb vit pran\u00eb Agjencis\u00eb Komb\u00ebtare t\u00eb Mjedisit n\u00eb m\u00ebnyr\u00eb periodike.<\/p>\n<div class=\"position\" style=\"text-align: center;\"><span class=\"pricing-price\">\u00c7mimi: $400 <\/span><\/div>\n<div class=\"position\" style=\"text-align: center;\"><a class=\"pricing-button\" href=\"https:\/\/shp.al\/sq\/takimet\/paraqitja-dhe-hartimi-i-raportit-vjetor-te-mjedisit\/\">REZERVO NJ\u00cb TAKIM<\/a><\/div>\n<p>[\/vc_column_text][\/vc_tta_section][vc_tta_section i_icon_fontawesome=&#8221;far fa-file-alt&#8221; add_icon=&#8221;true&#8221; title=&#8221;Paraqitja dhe hartimi i Planit t\u00eb Menaxhimit t\u00eb Mbetjeve&#8221; tab_id=&#8221;1603475633740-fd4ceb31-18f3&#8243;][vc_column_text css_animation=&#8221;fadeInDown&#8221;]<\/p>\n<p style=\"text-align: justify;\">Bazuar n\u00eb ligjin Ligj Nr. 10448\/2011 t\u00eb ndryshuar Operator\u00ebt e Biznesit nevojiten t\u00eb plot\u00ebsojn\u00eb dhe t\u00eb dor\u00ebzojn\u00eb Planin e Menaxhimit t\u00eb Mbetjeve, i cili \u00ebsht\u00eb kusht i lejes s\u00eb mjedisit i cili dor\u00ebzohet pran\u00eb Agjencis\u00eb Komb\u00ebtare t\u00eb Mjedisit n\u00eb m\u00ebnyr\u00eb periodike<\/p>\n<div class=\"position\" style=\"text-align: center;\"><span class=\"pricing-price\">\u00c7mimi: $400 <\/span><\/div>\n<div class=\"position\" style=\"text-align: center;\"><a class=\"pricing-button\" href=\"https:\/\/shp.al\/sq\/takimet\/paraqitja-dhe-hartimi-i-planit-te-menaxhimit-te-mbetjeve\/\">REZERVO NJ\u00cb TAKIM<\/a><\/div>\n<p>[\/vc_column_text][\/vc_tta_section][vc_tta_section i_icon_fontawesome=&#8221;far fa-file-alt&#8221; add_icon=&#8221;true&#8221; title=&#8221;Paraqitja dhe hartimi i Planit t\u00eb Menaxhimit Mjedisor&#8221; tab_id=&#8221;1603475714093-549b2bc1-7ee2&#8243;][vc_column_text css_animation=&#8221;fadeInDown&#8221;]<\/p>\n<p style=\"text-align: justify;\">Bazuar n\u00eb ligjin Ligj Nr. 10448\/2011 Operator\u00ebt e Biznesit nevojiten t\u00eb plot\u00ebsojn\u00eb dhe dor\u00ebzojn\u00eb Planin e Menaxhimit Mjedisor i cili \u00ebsht\u00eb kusht i lejes s\u00eb mjedisit i cili dor\u00ebzohet 1 her\u00eb n\u00eb vit pran\u00eb Agjencis\u00eb Komb\u00ebtare t\u00eb Mjedisit n\u00eb m\u00ebnyr\u00eb periodike<\/p>\n<div class=\"position\" style=\"text-align: center;\"><span class=\"pricing-price\">\u00c7mimi: $400 <\/span><\/div>\n<div class=\"position\" style=\"text-align: center;\"><a class=\"pricing-button\" href=\"https:\/\/shp.al\/sq\/takimet\/paraqitja-dhe-hartimi-i-planit-te-menaxhimit-mjedisor\/\">REZERVO NJ\u00cb TAKIM<\/a><\/div>\n<p>[\/vc_column_text][\/vc_tta_section][vc_tta_section i_icon_fontawesome=&#8221;far fa-file-alt&#8221; add_icon=&#8221;true&#8221; title=&#8221;Paraqitja dhe hartimi Regjistrit p\u00ebr Transferimin e Ndot\u00ebsve&#8221; tab_id=&#8221;1603475723728-811d3c8f-f9af&#8221;][vc_column_text css_animation=&#8221;fadeInDown&#8221;]<\/p>\n<p style=\"text-align: justify;\">Operator\u00ebt e Biznesit duhet t\u00eb plot\u00ebsojn\u00eb Regjistrin e Transferimit t\u00eb Ndot\u00ebsve dhe t\u00eb dor\u00ebzojn\u00eb pran\u00eb Agjencis\u00eb Komb\u00ebtare t\u00eb Mjedisit n\u00eb m\u00ebnyr\u00eb periodike \u00e7do vit<\/p>\n<div class=\"position\" style=\"text-align: center;\"><span class=\"pricing-price\">\u00c7mimi: $400 <\/span><\/div>\n<div class=\"position\" style=\"text-align: center;\"><a class=\"pricing-button\" href=\"https:\/\/shp.al\/sq\/takimet\/paraqitja-dhe-hartimi-rregjistrit-per-transferimin-e-ndotesve\/\">REZERVO NJ\u00cb TAKIM<\/a><\/div>\n<p>[\/vc_column_text][\/vc_tta_section][\/vc_tta_accordion][\/vc_column][\/vc_row]<\/p>\n","protected":false},"excerpt":{"rendered":"<p>[vc_row][vc_column][vc_tta_accordion style=&#8221;flat&#8221; shape=&#8221;square&#8221; color=&#8221;black&#8221; gap=&#8221;3&#8243; c_icon=&#8221;triangle&#8221; c_position=&#8221;right&#8221; active_section=&#8221;0&#8243; no_fill=&#8221;true&#8221; collapsible_all=&#8221;true&#8221;][vc_tta_section i_icon_fontawesome=&#8221;far fa-file-alt&#8221; add_icon=&#8221;true&#8221; title=&#8221;Aplikimi p\u00ebr pajisjen me Leje Mjedisore&#8221; tab_id=&#8221;1603460728839-a6351ced-ea0b&#8221;][vc_column_text css_animation=&#8221;fadeInDown&#8221;] Operatori Biznesit, veprimtaria e t\u00eb cil\u00ebve shkaktojn\u00eb ndotje n\u00eb mjedis, pajisen me lejen p\u00ebrkat\u00ebse t\u00eb mjedisit, ku p\u00ebrcaktohen, kushtet e nevojshme p\u00ebr t\u00eb garantuar se veprimtaria\/instalimi do t\u00eb p\u00ebrmbush\u00eb k\u00ebrkesat e legjislacionit mjedisore n\u00eb [&hellip;]<\/p>\n","protected":false},"author":1,"featured_media":0,"parent":11912,"menu_order":0,"comment_status":"closed","ping_status":"closed","template":"","meta":{"editor_plus_copied_stylings":"{}","footnotes":""},"class_list":["post-12069","page","type-page","status-publish","hentry"],"featured_image_src":null,"featured_image_src_square":null,"_links":{"self":[{"href":"https:\/\/shp.al\/sq\/wp-json\/wp\/v2\/pages\/12069","targetHints":{"allow":["GET"]}}],"collection":[{"href":"https:\/\/shp.al\/sq\/wp-json\/wp\/v2\/pages"}],"about":[{"href":"https:\/\/shp.al\/sq\/wp-json\/wp\/v2\/types\/page"}],"author":[{"embeddable":true,"href":"https:\/\/shp.al\/sq\/wp-json\/wp\/v2\/users\/1"}],"replies":[{"embeddable":true,"href":"https:\/\/shp.al\/sq\/wp-json\/wp\/v2\/comments?post=12069"}],"version-history":[{"count":6,"href":"https:\/\/shp.al\/sq\/wp-json\/wp\/v2\/pages\/12069\/revisions"}],"predecessor-version":[{"id":12414,"href":"https:\/\/shp.al\/sq\/wp-json\/wp\/v2\/pages\/12069\/revisions\/12414"}],"up":[{"embeddable":true,"href":"https:\/\/shp.al\/sq\/wp-json\/wp\/v2\/pages\/11912"}],"wp:attachment":[{"href":"https:\/\/shp.al\/sq\/wp-json\/wp\/v2\/media?parent=12069"}],"curies":[{"name":"wp","href":"https:\/\/api.w.org\/{rel}","templated":true}]}}