{"id":12061,"date":"2020-10-15T11:11:36","date_gmt":"2020-10-15T11:11:36","guid":{"rendered":"https:\/\/shp.al\/sherbime-dhe-produkte\/free-movement-and-migration\/"},"modified":"2022-07-25T14:45:04","modified_gmt":"2022-07-25T14:45:04","slug":"levizja-e-lire-dhe-migracioni","status":"publish","type":"page","link":"https:\/\/shp.al\/sq\/sherbime-dhe-produkte\/levizja-e-lire-dhe-migracioni\/","title":{"rendered":"L\u00ebvizja e lir\u00eb dhe Migracioni"},"content":{"rendered":"<p>[vc_row][vc_column][vc_tta_accordion style=&#8221;flat&#8221; shape=&#8221;square&#8221; color=&#8221;black&#8221; gap=&#8221;3&#8243; c_icon=&#8221;triangle&#8221; c_position=&#8221;right&#8221; active_section=&#8221;0&#8243; no_fill=&#8221;true&#8221; collapsible_all=&#8221;true&#8221;][vc_tta_section i_icon_fontawesome=&#8221;far fa-file-alt&#8221; add_icon=&#8221;true&#8221; title=&#8221;Aplikim p\u00ebr leje q\u00ebndrimi, p\u00ebr arsye studimi, pun\u00ebsimi, familjare dhe arsye t\u00eb tjera t\u00eb parashikuara n\u00eb legjislacionin shqiptar&#8221; tab_id=&#8221;1602759098271-fb5a2b7c-bb76&#8243;][vc_column_text css_animation=&#8221;fadeInDown&#8221;]<\/p>\n<p style=\"text-align: justify;\">Shtetasit e huaj t\u00eb cil\u00ebt synojn\u00eb q\u00eb p\u00ebr arsye studimi, pune, familjare apo p\u00ebr arsye t\u00eb tjera t\u00eb parashikuara n\u00eb ligj t\u00eb q\u00ebndrojn\u00eb n\u00eb territorin Shqiptar, pas p\u00ebrfundimit t\u00eb afatit t\u00eb viz\u00ebs, duhet q\u00eb t\u00eb aplikojn\u00eb p\u00ebr leje q\u00ebndrimi t\u00eb cilat jan\u00eb leje me afat t\u00eb p\u00ebrcaktuar dhe leje t\u00eb rinovueshme. Ky lloj aplikimi p\u00ebrve\u00e7 plot\u00ebsimit t\u00eb formular\u00ebve t\u00eb p\u00ebrcaktuar k\u00ebrkon edhe depozitimin e nj\u00eb s\u00ebr\u00eb dokumentash ligjor\u00eb, p\u00ebr t\u00eb cilat Shehu &amp; Partners angazhohet q\u00eb t\u00eb asistoj\u00eb personat e interesuar.<\/p>\n<div class=\"position\" style=\"text-align: center;\"><span class=\"pricing-price\">\u00c7mimi: \u20ac250 <\/span><\/div>\n<div class=\"position\" style=\"text-align: center;\"><a class=\"pricing-button\" href=\"https:\/\/shp.al\/sq\/takimet\/aplikim-per-leje-qendrimi-per-arsye-studimi-punesimi-familjare-dhe-arsye-te-tjera-te-parashikuara-ne-legjislacionin-shqiptar\/\">REZERVO NJ\u00cb TAKIM<\/a><\/div>\n<p>[\/vc_column_text][\/vc_tta_section][vc_tta_section i_icon_fontawesome=&#8221;far fa-file-alt&#8221; add_icon=&#8221;true&#8221; title=&#8221;Aplikim dhe p\u00ebrfaq\u00ebsim p\u00ebr marrjen e shtet\u00ebsis\u00eb me origjin\u00eb&#8221; tab_id=&#8221;1602759098279-43f34bb8-7a6b&#8221;][vc_column_text css_animation=&#8221;fadeInDown&#8221;]<\/p>\n<p style=\"text-align: justify;\">E drejta p\u00ebr t\u00eb fituar shtet\u00ebsin\u00eb shqiptare me origjin\u00eb parashikohet ne nenin 6 te Ligjit \u201cP\u00ebr Shtet\u00ebsin\u00eb\u201d. Kjo \u00ebsht\u00eb nj\u00eb drejt\u00eb, si\u00e7 parashikohet n\u00eb ligj, q\u00eb i takon t\u00eb gjitha individ\u00ebve q\u00eb t\u00eb paralindurit e tyre n\u00eb vij\u00eb t\u00eb drejt\u00eb deri n\u00eb shkall\u00eb t\u00eb tret\u00eb i kane pasur ose i kan\u00eb me shtet\u00ebsi shqiptare. Legjislacioni Shqiptar i jep mund\u00ebsin\u00eb k\u00ebtyre shtetasve t\u00eb huaj q\u00eb origjin\u00ebn e tyre ta provojn\u00eb jo vet\u00ebm n\u00ebp\u00ebrmjet akteve t\u00eb gjendjes civile, por edhe gjyq\u00ebsisht, n\u00ebp\u00ebrmjet vendimeve gjyq\u00ebsore.<\/p>\n<div class=\"position\" style=\"text-align: center;\"><span class=\"pricing-price\">\u00c7mimi: \u20ac1000 <\/span><\/div>\n<div class=\"position\" style=\"text-align: center;\"><a class=\"pricing-button\" href=\"https:\/\/shp.al\/sq\/takimet\/aplikim-dhe-perfaqesim-per-marrjen-e-shtetesise-me-origjine\/\">REZERVO NJ\u00cb TAKIM<\/a><\/div>\n<p>[\/vc_column_text][\/vc_tta_section][vc_tta_section i_icon_fontawesome=&#8221;far fa-file-alt&#8221; add_icon=&#8221;true&#8221; title=&#8221;Aplikimi dhe p\u00ebrfaq\u00ebsimi p\u00ebr marrjen e shtet\u00ebsis\u00eb me natyralizim&#8221; tab_id=&#8221;1602759368739-13af8153-5a01&#8243;][vc_column_text css_animation=&#8221;fadeInDown&#8221;]<\/p>\n<p style=\"text-align: justify;\">T\u00eb gjith\u00eb shtetasit e huaj kan\u00eb t\u00eb drejt\u00eb t\u00eb p\u00ebrfitojn\u00eb shtet\u00ebsin\u00eb shqiptare, n\u00ebse paraqesin k\u00ebrkes\u00eb, kan\u00eb banuar p\u00ebr nj\u00eb afat t\u00eb pand\u00ebrprer\u00eb prej 7 vitesh, dhe plot\u00ebsojn\u00eb t\u00eb gjitha k\u00ebrkesat ligjore. Kjo e drejt\u00eb u njihet edhe t\u00eb huajve q\u00eb jan\u00eb martuar me shtetas\/e shqiptar\/e p\u00ebr nj\u00eb periudh\u00eb jo m\u00eb pak se 3 vjet.<\/p>\n<div class=\"position\" style=\"text-align: center;\"><span class=\"pricing-price\">\u00c7mimi: \u20ac500 <\/span><\/div>\n<div class=\"position\" style=\"text-align: center;\"><a class=\"pricing-button\" href=\"https:\/\/shp.al\/sq\/takimet\/aplikim-dhe-perfaqesim-per-marrjen-e-shtetesise-me-natyralizim\/\">REZERVO NJ\u00cb TAKIM<\/a><\/div>\n<p>[\/vc_column_text][\/vc_tta_section][vc_tta_section i_icon_fontawesome=&#8221;far fa-file-alt&#8221; add_icon=&#8221;true&#8221; title=&#8221;Aplikim p\u00ebr verifikimin dhe heqjen e espulseve dhe ndalesave nga shtetet t\u00eb Bashkimit Evropian dhe an\u00ebtare t\u00eb marr\u00ebveshjes Schengen&#8221; tab_id=&#8221;1602759557180-160b8699-ad52&#8243;][vc_column_text css_animation=&#8221;fadeInDown&#8221;]<\/p>\n<p style=\"text-align: justify;\">Fal\u00eb njohjes s\u00eb praktikave dhe procedurave t\u00eb juridiksioneve t\u00eb vendeve t\u00eb ndryshme t\u00eb Bashkimit Evropian, Shehu &amp; Partners ka krijuar nj\u00eb memorie suksesi n\u00eb ndjekjen e praktikave te ndalimeve ne hyrje, deportimeve, dhe d\u00ebbimeve nga vendet evropiane an\u00ebtare t\u00eb Marr\u00ebveshjes Schengen<\/p>\n<div class=\"position\" style=\"text-align: center;\"><span class=\"pricing-price\">\u00c7mimi: \u20ac80 <\/span><\/div>\n<div class=\"position\" style=\"text-align: center;\"><a class=\"pricing-button\" href=\"https:\/\/shp.al\/sq\/takimet\/aplikim-per-verifikimin-dhe-heqjen-e-espulseve-dhe-ndalesave-nga-shtetet-te-bashkimit-evropian-dhe-anetare-te-marreveshjes-schengen\/\">REZERVO NJ\u00cb TAKIM<\/a><\/div>\n<p>[\/vc_column_text][\/vc_tta_section][vc_tta_section i_icon_fontawesome=&#8221;far fa-file-alt&#8221; add_icon=&#8221;true&#8221; title=&#8221;Aplikim p\u00ebr viza, p\u00ebr arsye studimi, pun\u00ebsimi, familjare dhe arsye t\u00eb tjera t\u00eb parashikuara n\u00eb legjislacionin shqiptar pran\u00eb Autoriteteve Konsullore Shqiptare&#8221; tab_id=&#8221;1603285784118-73518629-886a&#8221;][vc_column_text css_animation=&#8221;fadeInDown&#8221;]<\/p>\n<p style=\"text-align: justify;\">T\u00eb gjith\u00eb t\u00eb huajt p\u00ebr t\u00eb mund\u00ebsuar q\u00ebndrimin e tyre n\u00eb Republik\u00ebn e Shqip\u00ebris\u00eb duhet t\u00eb aplikojn\u00eb dhe pajisen me viza, p\u00ebr t\u00eb b\u00ebr\u00eb t\u00eb mundur, q\u00ebndrimin dhe m\u00eb pas pajisjen me leje q\u00ebndrimi.<\/p>\n<div class=\"position\" style=\"text-align: center;\"><span class=\"pricing-price\">\u00c7mimi: \u20ac400 <\/span><\/div>\n<div class=\"position\" style=\"text-align: center;\"><a class=\"pricing-button\" href=\"https:\/\/shp.al\/sq\/takimet\/aplikim-per-viza-per-arsye-studimi-punesimi-familjare-dhe-arsye-te-tjera-te-parashikuara-ne-legjislacionin-shqiptar-prane-autoriteteve-konsullore-shqiptare\/\">REZERVO NJ\u00cb TAKIM<\/a><\/div>\n<p>[\/vc_column_text][\/vc_tta_section][vc_tta_section i_icon_fontawesome=&#8221;far fa-file-alt&#8221; add_icon=&#8221;true&#8221; title=&#8221;Aplikim p\u00ebr marrjen e Lejes se Pun\u00ebs&#8221; tab_id=&#8221;1603285785066-f2d1d1bc-f3b7&#8243;][vc_column_text css_animation=&#8221;fadeInDown&#8221;]<\/p>\n<p style=\"text-align: justify;\">N\u00eb zbatimit t\u00eb ligjit p\u00ebr t\u00eb huajt dhe legjislacionit q\u00eb rregullon marr\u00ebdh\u00ebniet e pun\u00ebs n\u00eb t\u00ebr\u00ebsi, t\u00eb huajt q\u00eb t\u00eb ken\u00eb mund\u00ebsi pun\u00ebsimi n\u00eb Shqip\u00ebri duhet t\u00eb pajisen me leje pun\u00eb. Pajisja me leje pune \u00ebsht\u00eb parakusht p\u00ebr t\u00eb vazhduar m\u00eb tej aplikimin p\u00ebr leje q\u00ebndrimi<\/p>\n<div class=\"position\" style=\"text-align: center;\"><span class=\"pricing-price\">\u00c7mimi: \u20ac250 <\/span><\/div>\n<div class=\"position\" style=\"text-align: center;\"><a class=\"pricing-button\" href=\"https:\/\/shp.al\/sq\/takimet\/aplikim-per-marrjen-e-lejes-se-punes\/\">REZERVO NJ\u00cb TAKIM<\/a><\/div>\n<p>[\/vc_column_text][\/vc_tta_section][vc_tta_section i_icon_fontawesome=&#8221;far fa-file-alt&#8221; add_icon=&#8221;true&#8221; title=&#8221;Aplikim dhe p\u00ebrfaq\u00ebsim p\u00ebr marrjen e shtet\u00ebsis\u00eb p\u00ebr kontribute t\u00eb ve\u00e7anta n\u00eb arsim, shkenc\u00eb, art, kultur\u00eb, ekonomi dhe sport&#8221; tab_id=&#8221;1658760259451-9ab5db70-70ae&#8221;][vc_column_text css_animation=&#8221;fadeInDown&#8221;]<span style=\"font-weight: 400;\">Shtetasit e huaj\u00a0q\u00eb kan\u00eb kontribut t\u00eb ve\u00e7ant\u00eb n\u00eb fush\u00ebn e arsimit, shkenc\u00ebs, artit, kultur\u00ebs, ekonomis\u00eb dhe sportit, mund t\u00eb fitojn\u00eb shtet\u00ebsin\u00eb shqiptare. Kjo e drejt\u00eb parashikohet dhe rregullohet nga legjislacioni shqiptar.<\/span><\/p>\n<p><span style=\"font-weight: 400;\">Ky lloj aplikimi p\u00ebrve\u00e7 plot\u00ebsimit t\u00eb formular\u00ebve t\u00eb p\u00ebrcaktuar k\u00ebrkon edhe depozitimin e nj\u00eb s\u00ebr\u00eb dokumentash ligjor\u00eb, p\u00ebr t\u00eb cilat Shehu &amp; Partners angazhohet q\u00eb t\u00eb asistoj\u00eb personat e interesuar n\u00eb grumbullimin dhe redaktimin e tyre.<\/span><\/p>\n<div class=\"position\" style=\"text-align: center;\"><span class=\"pricing-price\">\u00c7mimi: \u20ac250 <\/span><\/div>\n<div class=\"position\" style=\"text-align: center;\"><a class=\"pricing-button\" href=\"https:\/\/shp.al\/sq\/takimet\/aplikim-dhe-perfaqesim-per-marrjen-e-shtetesise-per-kontribute-te-vecanta-ne-arsim-shkence-art-kulture-ekonomi-dhe-sport\/\">REZERVO NJ\u00cb TAKIM<\/a><\/div>\n<p>[\/vc_column_text][\/vc_tta_section][\/vc_tta_accordion][\/vc_column][\/vc_row]<\/p>\n","protected":false},"excerpt":{"rendered":"<p>[vc_row][vc_column][vc_tta_accordion style=&#8221;flat&#8221; shape=&#8221;square&#8221; color=&#8221;black&#8221; gap=&#8221;3&#8243; c_icon=&#8221;triangle&#8221; c_position=&#8221;right&#8221; active_section=&#8221;0&#8243; no_fill=&#8221;true&#8221; collapsible_all=&#8221;true&#8221;][vc_tta_section i_icon_fontawesome=&#8221;far fa-file-alt&#8221; add_icon=&#8221;true&#8221; title=&#8221;Aplikim p\u00ebr leje q\u00ebndrimi, p\u00ebr arsye studimi, pun\u00ebsimi, familjare dhe arsye t\u00eb tjera t\u00eb parashikuara n\u00eb legjislacionin shqiptar&#8221; tab_id=&#8221;1602759098271-fb5a2b7c-bb76&#8243;][vc_column_text css_animation=&#8221;fadeInDown&#8221;] Shtetasit e huaj t\u00eb cil\u00ebt synojn\u00eb q\u00eb p\u00ebr arsye studimi, pune, familjare apo p\u00ebr arsye t\u00eb tjera t\u00eb parashikuara n\u00eb ligj t\u00eb [&hellip;]<\/p>\n","protected":false},"author":1,"featured_media":0,"parent":11912,"menu_order":0,"comment_status":"closed","ping_status":"closed","template":"","meta":{"editor_plus_copied_stylings":"{}","footnotes":""},"class_list":["post-12061","page","type-page","status-publish","hentry"],"featured_image_src":null,"featured_image_src_square":null,"_links":{"self":[{"href":"https:\/\/shp.al\/sq\/wp-json\/wp\/v2\/pages\/12061","targetHints":{"allow":["GET"]}}],"collection":[{"href":"https:\/\/shp.al\/sq\/wp-json\/wp\/v2\/pages"}],"about":[{"href":"https:\/\/shp.al\/sq\/wp-json\/wp\/v2\/types\/page"}],"author":[{"embeddable":true,"href":"https:\/\/shp.al\/sq\/wp-json\/wp\/v2\/users\/1"}],"replies":[{"embeddable":true,"href":"https:\/\/shp.al\/sq\/wp-json\/wp\/v2\/comments?post=12061"}],"version-history":[{"count":8,"href":"https:\/\/shp.al\/sq\/wp-json\/wp\/v2\/pages\/12061\/revisions"}],"predecessor-version":[{"id":13190,"href":"https:\/\/shp.al\/sq\/wp-json\/wp\/v2\/pages\/12061\/revisions\/13190"}],"up":[{"embeddable":true,"href":"https:\/\/shp.al\/sq\/wp-json\/wp\/v2\/pages\/11912"}],"wp:attachment":[{"href":"https:\/\/shp.al\/sq\/wp-json\/wp\/v2\/media?parent=12061"}],"curies":[{"name":"wp","href":"https:\/\/api.w.org\/{rel}","templated":true}]}}