{"id":12054,"date":"2020-10-15T12:39:16","date_gmt":"2020-10-15T12:39:16","guid":{"rendered":"https:\/\/shp.al\/sherbime-dhe-produkte\/construction-and-infrastructure\/"},"modified":"2020-12-28T10:09:19","modified_gmt":"2020-12-28T10:09:19","slug":"ndertim-dhe-infrastrukture","status":"publish","type":"page","link":"https:\/\/shp.al\/sq\/sherbime-dhe-produkte\/ndertim-dhe-infrastrukture\/","title":{"rendered":"Nd\u00ebrtim dhe Infrastruktur\u00eb"},"content":{"rendered":"<p>[vc_row][vc_column][vc_tta_accordion style=&#8221;flat&#8221; shape=&#8221;square&#8221; color=&#8221;black&#8221; gap=&#8221;3&#8243; c_icon=&#8221;triangle&#8221; c_position=&#8221;right&#8221; active_section=&#8221;0&#8243; no_fill=&#8221;true&#8221; collapsible_all=&#8221;true&#8221;][vc_tta_section i_icon_fontawesome=&#8221;far fa-file-alt&#8221; add_icon=&#8221;true&#8221; title=&#8221;Aplikim dhe deklarim, t\u00eb punimeve p\u00ebr t\u00eb cilat nuk k\u00ebrkohet leje nd\u00ebrtimi&#8221; tab_id=&#8221;1602763775048-3a0c2396-cd71&#8243;][vc_column_text css_animation=&#8221;fadeInDown&#8221;]<\/p>\n<p style=\"text-align: justify;\">P\u00ebr t\u00eb gjitha punimet e p\u00ebrshkruara n\u00eb nenin 6 t\u00eb Vendimit t\u00eb K\u00ebshillit t\u00eb Ministrave 408\/2015 i ndryshuar, nuk k\u00ebrkohet nxjerrja e lejes s\u00eb nd\u00ebrtimit, por \u00e7do i interesuar duhet t\u00eb aplikoj\u00eb dhe deklaroj\u00eb k\u00ebto punime. N\u00eb k\u00ebt\u00eb rast Nj\u00ebsia Administrative shfaq vullnetin duke autorizuar k\u00ebto punime, p\u00ebr t\u00eb tilla punime nuk k\u00ebrkohet aplikim n\u00eb portalin eAlbania.<\/p>\n<div class=\"position\" style=\"text-align: center;\"><span class=\"pricing-price\">\u00c7mimi: \u20ac150 <\/span><\/div>\n<div class=\"position\" style=\"text-align: center;\"><a class=\"pricing-button\" href=\"https:\/\/shp.al\/sq\/takimet\/aplikim-dhe-deklarim-te-punimeve-per-te-cilat-nuk-kerkohet-leje-ndertimi\/\">REZERVO NJ\u00cb TAKIM<\/a><\/div>\n<p>[\/vc_column_text][\/vc_tta_section][vc_tta_section i_icon_fontawesome=&#8221;far fa-file-alt&#8221; add_icon=&#8221;true&#8221; title=&#8221;Aplikim p\u00ebr punime, q\u00eb kryhen me deklarat\u00eb paraprake punimesh&#8221; tab_id=&#8221;1602763775064-a1aa00ed-92f5&#8243;][vc_column_text css_animation=&#8221;fadeInDown&#8221;]<\/p>\n<p style=\"text-align: justify;\">Jan\u00eb ato punime q\u00eb sjellin ndryshim t\u00eb karakteristikave, ngjyr\u00ebs dhe form\u00ebs ekzistuese t\u00eb nd\u00ebrtes\u00ebs. T\u00eb tilla punime parashikohen n\u00eb nenin 7 t\u00eb Vendimit t\u00eb K\u00ebshillit t\u00eb Ministrave nr. 408\/2015 i ndryshuar.<\/p>\n<div class=\"position\" style=\"text-align: center;\"><span class=\"pricing-price\">\u00c7mimi: \u20ac150 <\/span><\/div>\n<div class=\"position\" style=\"text-align: center;\"><a class=\"pricing-button\" href=\"https:\/\/shp.al\/sq\/takimet\/aplikim-per-punime-qe-kryhen-me-deklarate-paraprake-punimesh\/\">REZERVO NJ\u00cb TAKIM<\/a><\/div>\n<p>[\/vc_column_text][\/vc_tta_section][vc_tta_section i_icon_fontawesome=&#8221;far fa-file-alt&#8221; add_icon=&#8221;true&#8221; title=&#8221;Aplikim p\u00ebr leje zhvillimi t\u00eb truallit&#8221; tab_id=&#8221;1602763923919-a0684619-5afa&#8221;][vc_column_text css_animation=&#8221;fadeInDown&#8221;]<\/p>\n<p style=\"text-align: justify;\">Sipas p\u00ebrcaktimit t\u00eb nenit 9 t\u00eb Vendimit t\u00eb K\u00ebshillit t\u00eb Ministrave nr. 408\/2015 i ndryshuar, \u00e7do subjekt i interesuar ka t\u00eb drejt\u00eb t\u00eb aplikoj\u00eb p\u00ebr t\u00eb p\u00ebrcaktuar kriteret e shfryt\u00ebzimit t\u00eb truallit n\u00eb nivel nj\u00ebsie. N\u00eb k\u00ebt\u00eb leje p\u00ebrcaktohen koeficientet e shfryt\u00ebzimit, lart\u00ebsia maksimale, gjelb\u00ebrimi, distanca, intensiteti si dhe hap\u00ebsira publike etj.<\/p>\n<div class=\"position\" style=\"text-align: center;\"><span class=\"pricing-price\">\u00c7mimi: \u20ac300 <\/span><\/div>\n<div class=\"position\" style=\"text-align: center;\"><a class=\"pricing-button\" href=\"https:\/\/shp.al\/sq\/takimet\/aplikim-per-leje-zhvillimi-te-truallit\/\">REZERVO NJ\u00cb TAKIM<\/a><\/div>\n<p>[\/vc_column_text][\/vc_tta_section][vc_tta_section i_icon_fontawesome=&#8221;far fa-file-alt&#8221; add_icon=&#8221;true&#8221; title=&#8221;Aplikimi p\u00ebr leje nd\u00ebrtimi p\u00ebr nd\u00ebrtesa, me njoll\u00eb (sip\u00ebrfaqe nd\u00ebrtimore) deri n\u00eb 250m2&#8243; tab_id=&#8221;1602764010045-53837a48-b5bf&#8221;][vc_column_text css_animation=&#8221;fadeInDown&#8221;]<\/p>\n<p style=\"text-align: justify;\">Legjislatori p\u00ebr k\u00ebto nd\u00ebrtime i ka dh\u00ebn\u00eb diskrecion titullarit t\u00eb Zyr\u00ebs s\u00eb Urbanistik\u00ebs q\u00eb t\u00eb p\u00ebrcaktoj\u00eb kriteret dhe dokumentacionin q\u00eb k\u00ebrkohet p\u00ebr miratim, p\u00ebrve\u00e7 atyre q\u00eb jan\u00eb urdh\u00ebruese dhe t\u00eb p\u00ebrcaktuara me ligj.<\/p>\n<div class=\"position\" style=\"text-align: center;\"><span class=\"pricing-price\">\u00c7mimi: \u20ac300 <\/span><\/div>\n<div class=\"position\" style=\"text-align: center;\"><a class=\"pricing-button\" href=\"https:\/\/shp.al\/sq\/takimet\/aplikim-per-leje-ndertimi-per-ndertesa-me-njolle-deri-ne-250m2\/\">REZERVO NJ\u00cb TAKIM<\/a><\/div>\n<p>[\/vc_column_text][\/vc_tta_section][vc_tta_section i_icon_fontawesome=&#8221;far fa-file-alt&#8221; add_icon=&#8221;true&#8221; title=&#8221;Aplikim p\u00ebr leje nd\u00ebrtimi p\u00ebr nd\u00ebrtesa, me njoll\u00eb (sip\u00ebrfaqe nd\u00ebrtimore) m\u00eb t\u00eb madhe se 250m2&#8243; tab_id=&#8221;1602764141876-b4a6a7c6-6813&#8243;][vc_column_text css_animation=&#8221;fadeInDown&#8221;]<\/p>\n<p style=\"text-align: justify;\">Sipas Vendimit t\u00eb K\u00ebshillit t\u00eb Ministrave nr. 408\/2015 t\u00eb ndryshuar p\u00ebr t\u00eb tilla nd\u00ebrtime k\u00ebrkesat teknike jan\u00eb m\u00eb t\u00eb larta dhe t\u00ebr\u00ebsia e dokumentacionit \u00ebsht\u00eb m\u00eb e gjer\u00eb.<\/p>\n<div class=\"position\" style=\"text-align: center;\"><span class=\"pricing-price\">\u00c7mimi: \u20ac400 <\/span><\/div>\n<div class=\"position\" style=\"text-align: center;\"><a class=\"pricing-button\" href=\"https:\/\/shp.al\/sq\/takimet\/aplikim-per-leje-ndertimi-per-ndertesa-me-njolle-me-te-madhe-se-250m2\/\">REZERVO NJ\u00cb TAKIM<\/a><\/div>\n<p>[\/vc_column_text][\/vc_tta_section][vc_tta_section i_icon_fontawesome=&#8221;far fa-file-alt&#8221; add_icon=&#8221;true&#8221; title=&#8221;Aplikim p\u00ebr leje infrastrukturore&#8221; tab_id=&#8221;1602764143917-416b5304-d215&#8243;][vc_column_text css_animation=&#8221;fadeInDown&#8221;]<\/p>\n<p style=\"text-align: justify;\">Jan\u00eb t\u00eb tilla leje q\u00eb nuk p\u00ebrcaktojn\u00eb volume. Nj\u00eb leje e till\u00eb k\u00ebrkohet p\u00ebr nd\u00ebrtimin e rrug\u00ebve, kanalizimeve, shtrimin e tubacioneve, nd\u00ebrtimin e mureve rrethues, n\u00eb t\u00ebr\u00ebsi p\u00ebr nd\u00ebrtime q\u00eb kan\u00eb ndikim n\u00eb infrastruktur\u00eb.<\/p>\n<div class=\"position\" style=\"text-align: center;\"><span class=\"pricing-price\">\u00c7mimi: \u20ac300 <\/span><\/div>\n<div class=\"position\" style=\"text-align: center;\"><a class=\"pricing-button\" href=\"https:\/\/shp.al\/sq\/takimet\/aplikim-per-leje-infrastrukturore\/\">REZERVO NJ\u00cb TAKIM<\/a><\/div>\n<p>[\/vc_column_text][\/vc_tta_section][vc_tta_section i_icon_fontawesome=&#8221;far fa-file-alt&#8221; add_icon=&#8221;true&#8221; title=&#8221;Aplikim p\u00ebr rikonstruksion pa ndryshim funksioni&#8221; tab_id=&#8221;1602764144664-448715e1-5c1c&#8221;][vc_column_text css_animation=&#8221;fadeInDown&#8221;]<\/p>\n<p style=\"text-align: justify;\">N\u00ebp\u00ebrmjet nj\u00eb leje t\u00eb till\u00eb synohet ndryshimi i struktur\u00ebs s\u00eb brendshme t\u00eb nd\u00ebrtes\u00ebs ose nj\u00ebsis\u00eb, riorganizim i hap\u00ebsirave dhe instalimet, por n\u00eb \u00e7do rast pa ndryshuar funksionin apo destinacionin, p.sh. n\u00ebse nj\u00ebsia apo nd\u00ebrtesa \u00ebsht\u00eb banes\u00eb po t\u00eb nj\u00ebjtin funksion do t\u00eb ket\u00eb edhe m\u00eb pas.<\/p>\n<div class=\"position\" style=\"text-align: center;\"><span class=\"pricing-price\">\u00c7mimi: \u20ac250 <\/span><\/div>\n<div class=\"position\" style=\"text-align: center;\"><a class=\"pricing-button\" href=\"https:\/\/shp.al\/sq\/takimet\/aplikim-per-rikonstruksion-pa-ndryshim-funksioni\/\">REZERVO NJ\u00cb TAKIM<\/a><\/div>\n<p>[\/vc_column_text][\/vc_tta_section][vc_tta_section i_icon_fontawesome=&#8221;far fa-file-alt&#8221; add_icon=&#8221;true&#8221; title=&#8221;Aplikim p\u00ebr rikonstruksion me ndryshim funksioni \/ destinacioni&#8221; tab_id=&#8221;1602764208371-a0e9327d-fb9a&#8221;][vc_column_text css_animation=&#8221;fadeInDown&#8221;]<\/p>\n<p style=\"text-align: justify;\">N\u00ebp\u00ebrmjet nj\u00eb leje t\u00eb till\u00eb synohet ndryshimi i struktur\u00ebs s\u00eb brendshme t\u00eb nd\u00ebrtes\u00ebs ose nj\u00ebsis\u00eb, riorganizimi i hap\u00ebsirave dhe instalimet, me q\u00ebllim ndryshimin e funksionit apo destinacionit, p.sh. n\u00ebse nj\u00ebsia apo nd\u00ebrtesa \u00ebsht\u00eb banes\u00eb pas rikonstruksionit do t\u00eb jet\u00eb dyqan apo lokal etj.<\/p>\n<div class=\"position\" style=\"text-align: center;\"><span class=\"pricing-price\">\u00c7mimi: \u20ac250 <\/span><\/div>\n<div class=\"position\" style=\"text-align: center;\"><a class=\"pricing-button\" href=\"https:\/\/shp.al\/sq\/takimet\/aplikim-per-rikonstruksion-me-ndryshim-funksioni-destinacioni\/\">REZERVO NJ\u00cb TAKIM<\/a><\/div>\n<p>[\/vc_column_text][\/vc_tta_section][vc_tta_section i_icon_fontawesome=&#8221;far fa-file-alt&#8221; add_icon=&#8221;true&#8221; title=&#8221;Aplikim p\u00ebr rikonstruksion dhe shtese, n\u00eb nd\u00ebrtes\u00ebn ekzistuese me sip\u00ebrfaqe deri n\u00eb 250m2&#8243; tab_id=&#8221;1602764218544-bb42a3a1-2d68&#8243;][vc_column_text css_animation=&#8221;fadeInDown&#8221;]<\/p>\n<p style=\"text-align: justify;\">Legjislatori p\u00ebr k\u00ebto nd\u00ebrtime i ka dh\u00ebn\u00eb diskrecion titullarit t\u00eb Zyr\u00ebs s\u00eb Urbanistik\u00ebs q\u00eb t\u00eb p\u00ebrcaktoj\u00eb kriteret dhe dokumentacionin q\u00eb k\u00ebrkohet p\u00ebr miratim, p\u00ebrve\u00e7 atyre q\u00eb jan\u00eb urdh\u00ebruese dhe t\u00eb p\u00ebrcaktuara me ligj<\/p>\n<div class=\"position\" style=\"text-align: center;\"><span class=\"pricing-price\">\u00c7mimi: \u20ac250 <\/span><\/div>\n<div class=\"position\" style=\"text-align: center;\"><a class=\"pricing-button\" href=\"https:\/\/shp.al\/sq\/takimet\/aplikim-per-rikonstruksion-dhe-shtese-ne-ndertesen-ekzistuese-me-siperfaqe-deri-ne-250m2\/\">REZERVO NJ\u00cb TAKIM<\/a><\/div>\n<p>[\/vc_column_text][\/vc_tta_section][vc_tta_section i_icon_fontawesome=&#8221;far fa-file-alt&#8221; add_icon=&#8221;true&#8221; title=&#8221;Aplikim p\u00ebr leje rind\u00ebrtimi apo rikonstruksioni p\u00ebr nd\u00ebrtesat e d\u00ebmtuara me shtim ose ndryshim v\u00ebllimi ose pa shtim v\u00ebllimi ose ndryshim v\u00ebllimi&#8221; tab_id=&#8221;1602764218234-a760e715-86bf&#8221;][vc_column_text css_animation=&#8221;fadeInDown&#8221;]<\/p>\n<p style=\"text-align: justify;\">Bazuar n\u00eb ndryshimet e reja nisur nga dy t\u00ebrmetet q\u00eb godit\u00ebn vendin vjesht\u00ebn e vitit 2019, p\u00ebr kategorit\u00eb e nd\u00ebrtimeve t\u00eb d\u00ebmtuara \u00ebsht\u00eb parashikuar nj\u00eb procedur\u00eb e posa\u00e7me q\u00eb p\u00ebrfshin edhe miratimin e Institutit t\u00eb Nd\u00ebrtimit.<\/p>\n<div class=\"position\" style=\"text-align: center;\"><span class=\"pricing-price\">\u00c7mimi: \u20ac250 <\/span><\/div>\n<div class=\"position\" style=\"text-align: center;\"><a class=\"pricing-button\" href=\"https:\/\/shp.al\/sq\/takimet\/aplikim-per-leje-rindertimi-apo-rikonstruksioni-per-ndertesat-e-demtuara-me-shtim-ose-ndryshim-vellimi-ose-pa-shtim-vellimi-ose-ndryshim-vellimi\/\">REZERVO NJ\u00cb TAKIM<\/a><\/div>\n<p>[\/vc_column_text][\/vc_tta_section][vc_tta_section i_icon_fontawesome=&#8221;far fa-file-alt&#8221; add_icon=&#8221;true&#8221; title=&#8221;Aplikim p\u00ebr ndryshim funksioni&#8221; tab_id=&#8221;1602764216439-56abf0ed-e958&#8243;][vc_column_text css_animation=&#8221;fadeInDown&#8221;]<\/p>\n<p style=\"text-align: justify;\">Nj\u00eb leje e till\u00eb parashikohet n\u00eb nenin 12 t\u00eb Vendimit t\u00eb K\u00ebshillit t\u00eb Ministrave nr. 408, dhe u jep mund\u00ebsin\u00eb subjekteve individ\u00eb dhe biznes, q\u00eb, n\u00eb rastet kur synojn\u00eb t\u00eb b\u00ebjn\u00eb ndryshim t\u00eb funksionit t\u00eb nj\u00ebsis\u00eb q\u00eb disponojn\u00eb kjo procedur\u00eb t\u00eb arrihet me an\u00eb t\u00eb procedurave te k\u00ebrkuara n\u00eb nenin e lartp\u00ebrmendur, por me kusht q\u00eb t\u00eb mos ndryshoj\u00eb sistemi konstruktiv n\u00eb baz\u00eb t\u00eb p\u00ebrputhshm\u00ebris\u00eb me kategorin\u00eb dhe n\u00ebnkategorin\u00eb e p\u00ebrdorimit t\u00eb tok\u00ebs t\u00eb p\u00ebrcaktuar nga PDV-ja ose PPV-ja. P.sh. \u00ebsht\u00eb rasti i ndryshimit t\u00eb funksionit t\u00eb nj\u00ebsive nga apartament banimi n\u00eb zyr\u00eb.<\/p>\n<div class=\"position\" style=\"text-align: center;\"><span class=\"pricing-price\">\u00c7mimi: \u20ac250 <\/span><\/div>\n<div class=\"position\" style=\"text-align: center;\"><a class=\"pricing-button\" href=\"https:\/\/shp.al\/sq\/takimet\/aplikim-per-ndryshim-funksioni\/\">REZERVO NJ\u00cb TAKIM<\/a><\/div>\n<p>[\/vc_column_text][\/vc_tta_section][vc_tta_section i_icon_fontawesome=&#8221;far fa-file-alt&#8221; add_icon=&#8221;true&#8221; title=&#8221;Leje p\u00ebr prishje objekt ekzistues \/ edhe t\u00eb p\u00ebrshpejtuar&#8221; tab_id=&#8221;1602764216023-03adae24-39dd&#8221;][vc_column_text css_animation=&#8221;fadeInDown&#8221;]<\/p>\n<p style=\"text-align: justify;\">Nj\u00eb aplikim i till\u00eb b\u00ebhet kur synohet prishja e nj\u00eb objekti (nd\u00ebrtes\u00eb) t\u00eb caktuar me q\u00ebllim rind\u00ebrtimin e saj ose kur synohet shkat\u00ebrrimi i plot\u00eb i saj, hapja e sheshit t\u00eb nd\u00ebrtimit dhe \u00e7\u2019regjistrimi i saj ASHK (Agjencin\u00eb Shtet\u00ebrore t\u00eb Kadastr\u00ebs).<\/p>\n<div class=\"position\" style=\"text-align: center;\"><span class=\"pricing-price\">\u00c7mimi: \u20ac150 <\/span><\/div>\n<div class=\"position\" style=\"text-align: center;\"><a class=\"pricing-button\" href=\"https:\/\/shp.al\/sq\/takimet\/leje-per-prishje-objekt-ekzistues-edhe-te-pershpejtuar\/\">REZERVO NJ\u00cb TAKIM<\/a><\/div>\n<p>[\/vc_column_text][\/vc_tta_section][vc_tta_section i_icon_fontawesome=&#8221;far fa-file-alt&#8221; add_icon=&#8221;true&#8221; title=&#8221;Leje zhvillimi dhe nd\u00ebrtimi n\u00eb rast fatkeq\u00ebsi natyrore&#8221; tab_id=&#8221;1602764215592-05cbbbd9-daac&#8221;][vc_column_text css_animation=&#8221;fadeInDown&#8221;]<\/p>\n<p style=\"text-align: justify;\">P\u00ebr shkak t\u00eb fatkeq\u00ebsis\u00eb natyrore t\u00eb t\u00ebrmetit t\u00eb N\u00ebntor 2019, K\u00ebshilli i Ministrave ka parashikuar procedura t\u00eb p\u00ebrshpejtuara p\u00ebr ato subjekte t\u00eb cil\u00ebt jan\u00eb prekur nga nj\u00eb fatkeq\u00ebsi e till\u00eb.<\/p>\n<div class=\"position\" style=\"text-align: center;\"><span class=\"pricing-price\">\u00c7mimi: \u20ac150 <\/span><\/div>\n<div class=\"position\" style=\"text-align: center;\"><a class=\"pricing-button\" href=\"https:\/\/shp.al\/sq\/takimet\/leje-zhvillimi-dhe-ndertimi-ne-rast-fatkeqesi-natyrore\/\">REZERVO NJ\u00cb TAKIM<\/a><\/div>\n<p>[\/vc_column_text][\/vc_tta_section][vc_tta_section i_icon_fontawesome=&#8221;far fa-file-alt&#8221; add_icon=&#8221;true&#8221; title=&#8221;Aplikim dhe p\u00ebrfaq\u00ebsim p\u00ebrpara Institutit t\u00eb Monumenteve t\u00eb Kultur\u00ebs (pran\u00eb Ministris\u00eb s\u00eb Kultur\u00ebs) p\u00ebr restaurimin e objekteve t\u00eb shpallura Monument Kulture&#8221; tab_id=&#8221;1602764215144-28180783-d753&#8243;][vc_column_text css_animation=&#8221;fadeInDown&#8221;]<\/p>\n<p style=\"text-align: justify;\">Nj\u00eb procedur\u00eb e till\u00eb, nisur nga fakti q\u00eb Monumentet e Kultur\u00ebs mbrohen n\u00eb baz\u00eb t\u00eb paket\u00ebs ligjore t\u00eb ve\u00e7ant\u00eb, ndjekja e nj\u00eb procedure t\u00eb posa\u00e7me p\u00ebr restaurimin e tyre \u00ebsht\u00eb detyrim ligjor.<\/p>\n<div class=\"position\" style=\"text-align: center;\"><span class=\"pricing-price\">\u00c7mimi: \u20ac200 <\/span><\/div>\n<div class=\"position\" style=\"text-align: center;\"><a class=\"pricing-button\" href=\"https:\/\/shp.al\/sq\/takimet\/aplikim-dhe-perfaqesim-perpara-institutit-te-monumenteve-te-kultures-prane-ministrise-se-kultures-per-restaurimin-e-objekteve-te-shpalluara-monument-kulture\/\">REZERVO NJ\u00cb TAKIM<\/a><\/div>\n<p>[\/vc_column_text][\/vc_tta_section][vc_tta_section i_icon_fontawesome=&#8221;far fa-file-alt&#8221; add_icon=&#8221;true&#8221; title=&#8221;Aplikim dhe p\u00ebrfaq\u00ebsim p\u00ebr miratimin e Planeve t\u00eb Detajuara Vendore (PDV\/Studime Pjesore)&#8221; tab_id=&#8221;1602764214393-c87e597a-11af&#8221;][vc_column_text css_animation=&#8221;fadeInDown&#8221;]<\/p>\n<p style=\"text-align: justify;\">Plan i detajuar vendor \u00ebsht\u00eb dokumenti q\u00eb detajon p\u00ebrcaktimet e planit t\u00eb p\u00ebrgjithsh\u00ebm vendor n\u00eb nivelin e nj\u00eb ose disa nj\u00ebsive strukturore dhe p\u00ebrcakton kushtet p\u00ebr zhvillimin e nj\u00eb zone p\u00ebrmes lejeve t\u00eb nd\u00ebrtimit. Subjektet e interesuara pronare ose jo pronare mund t\u00eb procedojn\u00eb p\u00ebrpara Bashkis\u00eb p\u00ebrkat\u00ebse p\u00ebr ndjekjen e procedurave p\u00ebrkat\u00ebse p\u00ebr miratimin e Planeve t\u00eb Detajuara Vendore (PDV\/Studime Pjesore). Nj\u00eb procedur\u00eb e till\u00eb parashikohet n\u00eb nenin 22 t\u00eb ligjit 107 dt.13.05.2014 i ndryshuar.<\/p>\n<div class=\"position\" style=\"text-align: center;\"><span class=\"pricing-price\">\u00c7mimi: \u20ac500 <\/span><\/div>\n<div class=\"position\" style=\"text-align: center;\"><a class=\"pricing-button\" href=\"https:\/\/shp.al\/sq\/takimet\/aplikim-dhe-perfaqesim-per-miratimin-e-planeve-te-detajuara-vendore-pdv-studime-pjesore\/\">REZERVO NJ\u00cb TAKIM<\/a><\/div>\n<p>[\/vc_column_text][\/vc_tta_section][vc_tta_section i_icon_fontawesome=&#8221;far fa-file-alt&#8221; add_icon=&#8221;true&#8221; title=&#8221;Aplikim p\u00ebr leje zhvillimi dhe nd\u00ebrtimi pran\u00eb K\u00ebshilli Komb\u00ebtar i Territorit p\u00ebr zhvillime komplekse&#8221; tab_id=&#8221;1602764213204-7fd8598a-94df&#8221;][vc_column_text css_animation=&#8221;fadeInDown&#8221;]<\/p>\n<p style=\"text-align: justify;\">K\u00ebshilli Komb\u00ebtar i Territorit \u00ebsht\u00eb kompetent p\u00ebr t\u00eb miratuar lejet p\u00ebr zhvillime komplekse dhe objekte t\u00eb p\u00ebrcaktuara n\u00eb rregulloren e zhvillimit dhe ato q\u00eb lidhen me \u00e7\u00ebshtje, zona, objekte t\u00eb r\u00ebnd\u00ebsis\u00eb komb\u00ebtare apo me investime strategjike p\u00ebr interesat e vendit.<\/p>\n<div class=\"position\" style=\"text-align: center;\"><span class=\"pricing-price\">\u00c7mimi: \u20ac500 <\/span><\/div>\n<div class=\"position\" style=\"text-align: center;\"><a class=\"pricing-button\" href=\"https:\/\/shp.al\/sq\/takimet\/aplikim-per-leje-zhvillimi-dhe-ndertimi-prane-kkt\/\">REZERVO NJ\u00cb TAKIM<\/a><\/div>\n<p>[\/vc_column_text][\/vc_tta_section][\/vc_tta_accordion][\/vc_column][\/vc_row]<\/p>\n","protected":false},"excerpt":{"rendered":"<p>[vc_row][vc_column][vc_tta_accordion style=&#8221;flat&#8221; shape=&#8221;square&#8221; color=&#8221;black&#8221; gap=&#8221;3&#8243; c_icon=&#8221;triangle&#8221; c_position=&#8221;right&#8221; active_section=&#8221;0&#8243; no_fill=&#8221;true&#8221; collapsible_all=&#8221;true&#8221;][vc_tta_section i_icon_fontawesome=&#8221;far fa-file-alt&#8221; add_icon=&#8221;true&#8221; title=&#8221;Aplikim dhe deklarim, t\u00eb punimeve p\u00ebr t\u00eb cilat nuk k\u00ebrkohet leje nd\u00ebrtimi&#8221; tab_id=&#8221;1602763775048-3a0c2396-cd71&#8243;][vc_column_text css_animation=&#8221;fadeInDown&#8221;] P\u00ebr t\u00eb gjitha punimet e p\u00ebrshkruara n\u00eb nenin 6 t\u00eb Vendimit t\u00eb K\u00ebshillit t\u00eb Ministrave 408\/2015 i ndryshuar, nuk k\u00ebrkohet nxjerrja e lejes s\u00eb nd\u00ebrtimit, por \u00e7do i [&hellip;]<\/p>\n","protected":false},"author":1,"featured_media":0,"parent":11912,"menu_order":0,"comment_status":"closed","ping_status":"closed","template":"","meta":{"editor_plus_copied_stylings":"{}","footnotes":""},"class_list":["post-12054","page","type-page","status-publish","hentry"],"featured_image_src":null,"featured_image_src_square":null,"_links":{"self":[{"href":"https:\/\/shp.al\/sq\/wp-json\/wp\/v2\/pages\/12054","targetHints":{"allow":["GET"]}}],"collection":[{"href":"https:\/\/shp.al\/sq\/wp-json\/wp\/v2\/pages"}],"about":[{"href":"https:\/\/shp.al\/sq\/wp-json\/wp\/v2\/types\/page"}],"author":[{"embeddable":true,"href":"https:\/\/shp.al\/sq\/wp-json\/wp\/v2\/users\/1"}],"replies":[{"embeddable":true,"href":"https:\/\/shp.al\/sq\/wp-json\/wp\/v2\/comments?post=12054"}],"version-history":[{"count":7,"href":"https:\/\/shp.al\/sq\/wp-json\/wp\/v2\/pages\/12054\/revisions"}],"predecessor-version":[{"id":12621,"href":"https:\/\/shp.al\/sq\/wp-json\/wp\/v2\/pages\/12054\/revisions\/12621"}],"up":[{"embeddable":true,"href":"https:\/\/shp.al\/sq\/wp-json\/wp\/v2\/pages\/11912"}],"wp:attachment":[{"href":"https:\/\/shp.al\/sq\/wp-json\/wp\/v2\/media?parent=12054"}],"curies":[{"name":"wp","href":"https:\/\/api.w.org\/{rel}","templated":true}]}}