{"id":11835,"date":"2014-07-21T07:08:03","date_gmt":"2014-07-21T07:08:03","guid":{"rendered":"https:\/\/shp.al\/about-us\/"},"modified":"2026-02-15T16:16:17","modified_gmt":"2026-02-15T16:16:17","slug":"rreth-nesh","status":"publish","type":"page","link":"https:\/\/shp.al\/sq\/rreth-nesh\/","title":{"rendered":"Rreth Nesh"},"content":{"rendered":"<p>[vc_row css=&#8221;.vc_custom_1457085783072{padding-bottom: 70px !important;}&#8221;][vc_column width=&#8221;1\/2&#8243;]<div class=\"tm-element-heading-wrapper tm-heading-inner tm-element-align-left tm-heading-with-separator \">[vc_cta h2=\"PSE SHEHU &amp; PARTNERS?\"  h2_google_fonts=\"font_family:Arimo%3Aregular%2Citalic%2C700%2C700italic|font_style:700%20bold%20regular%3A700%3Anormal\"  h4=\"Rreth Suksesit ton\u00eb\"  h4_google_fonts=\"font_family:Lato%3A100%2C100italic%2C300%2C300italic%2Cregular%2Citalic%2C700%2C700italic%2C900%2C900italic|font_style:300%20light%20regular%3A300%3Anormal\"  txt_align=\"left\"  heading_sep=\"yes\"  i_css_animation=\"\" css_animation=\"\"][\/vc_cta]<\/div> <!-- .tm-element-heading-wrapper container --> [vc_column_text]<\/p>\n<div class=\"kvgmc6g5 cxmmr5t8 oygrvhab hcukyx3x c1et5uql\" style=\"text-align: justify;\">Filloi si nj\u00eb ide dhe u manifestua n\u00eb realitet! Firma jone ka evoluar nga nj\u00eb zyr\u00eb ligjore n\u00eb nj\u00eb firm\u00eb konsulence q\u00eb sjell n\u00ebn nj\u00eb \u00e7ati ekspert\u00eb nga fushat e ndryshme t\u00eb ligjit, prokurimeve, financ\u00ebs dhe kontabilitetit, pasurive t\u00eb paluajtshme, menaxhimit dhe teknologjis\u00eb s\u00eb informacionit.<\/div>\n<div class=\"o9v6fnle cxmmr5t8 oygrvhab hcukyx3x c1et5uql\" style=\"text-align: justify;\"><strong>Q\u00ebllimi yn\u00eb<\/strong> \u00ebsht\u00eb t\u00eb q\u00ebndrojm\u00eb si nj\u00eb nd\u00ebr firmat e dalluara t\u00eb konsulenc\u00ebs n\u00eb Shqip\u00ebri dhe nj\u00eb pik\u00eb referimi p\u00ebr profesionaliz\u00ebm dhe eficenc\u00eb nga partner\u00ebt tan\u00eb nd\u00ebrkomb\u00ebtar\u00eb.<\/div>\n<div class=\"o9v6fnle cxmmr5t8 oygrvhab hcukyx3x c1et5uql\" style=\"text-align: justify;\">Ne besojm\u00eb se asetet tona m\u00eb t\u00eb vlefshme jan\u00eb profesionist\u00ebt q\u00eb p\u00ebrb\u00ebjn\u00eb Shehu &amp; Partners, kjo \u00ebsht\u00eb arsyeja pse ne kemi zhvilluar nj\u00eb rrjet t\u00eb gjer\u00eb ekspert\u00ebsh dhe sigurohemi q\u00eb njer\u00ebzit e duhur jan\u00eb duke b\u00ebr\u00eb pun\u00ebn e duhur. Angazhimi yn\u00eb \u00ebsht\u00eb t\u00eb vazhdojm\u00eb t\u00eb ofrojm\u00eb sh\u00ebrbime t\u00eb cil\u00ebsis\u00eb s\u00eb lart\u00eb me p\u00ebrkushtimin maksimal ndaj klient\u00ebve tan\u00eb.<\/div>\n<div class=\"o9v6fnle cxmmr5t8 oygrvhab hcukyx3x c1et5uql\" style=\"text-align: justify;\"><strong>Ekipi yn\u00eb<\/strong> \u00ebsht\u00eb i gatsh\u00ebm t\u00eb p\u00ebrmbush\u00eb nevojat e klient\u00ebve, si edhe te realizoj\u00eb premtimin e dh\u00ebn\u00eb!<\/div>\n<p>[\/vc_column_text][\/vc_column][vc_column width=&#8221;1\/2&#8243;]<div class=\"tm-sbox tm-sbox-iconalign-left none     \">[vc_cta h2=\"Konsulenc\u00eb Novatore\"  h2_google_fonts=\"font_family:Arimo%3Aregular%2Citalic%2C700%2C700italic|font_style:700%20bold%20regular%3A700%3Anormal\"  h4_google_fonts=\"font_family:Lato%3A100%2C100italic%2C300%2C300italic%2Cregular%2Citalic%2C700%2C700italic%2C900%2C900italic|font_style:300%20light%20regular%3A300%3Anormal\"  txt_align=\"left\"  heading_sep=\"no\"  shape=\"none\"  style=\"transparent\"  color=\"grey\"  btn_title=\"Read More\"  btn_style=\"text\"  btn_gradient_color_1=\"turquoise\"  btn_gradient_color_2=\"blue\"  btn_custom_background=\"#ededed\"  btn_custom_text=\"#666\"  btn_outline_custom_color=\"#666\"  btn_outline_custom_hover_background=\"#666\"  btn_outline_custom_hover_text=\"#fff\"  btn_color=\"skincolor\"  btn_size=\"md\"  add_icon=\"left\"  hover=\"none\"  main_icon_type=\"icon\"  i_type=\"linecons\"  i_icon_fontawesome=\"fa fa-thumbs-o-up\"  i_icon_openiconic=\"vc-oi vc-oi-dial\"  i_icon_typicons=\"typcn typcn-adjust-brightness\"  i_icon_entypo=\"entypo-icon entypo-icon-note\"  i_icon_linecons=\"vc_li vc_li-megaphone\"  i_color=\"white\"  i_background_style=\"rounded-less\"  i_background_color=\"skincolor\"  i_size=\"lg\"  icon_type=\"icon\"  btn_align=\"left\"  i_css_animation=\"\" css_animation=\"\"]<\/p>\n<p style=\"text-align: justify;\">Klient\u00ebt varen nga aft\u00ebsia e firm\u00ebs p\u00ebr t\u00eb gjetur zgjidhje inovative p\u00ebr \u00e7\u00ebshtjet komplekse t\u00eb biznesit dhe sipermarrjes.<\/p>\n<p>[\/vc_cta]<\/div><div class=\"tm-sbox tm-sbox-iconalign-left none     \">[vc_cta h2=\"Eksperienc\u00eb t\u00eb gjat\u00eb n\u00eb Zgjidhjen e Konflikteve\"  h2_google_fonts=\"font_family:Arimo%3Aregular%2Citalic%2C700%2C700italic|font_style:700%20bold%20regular%3A700%3Anormal\"  h4_google_fonts=\"font_family:Lato%3A100%2C100italic%2C300%2C300italic%2Cregular%2Citalic%2C700%2C700italic%2C900%2C900italic|font_style:300%20light%20regular%3A300%3Anormal\"  txt_align=\"left\"  heading_sep=\"no\"  shape=\"none\"  style=\"transparent\"  color=\"grey\"  btn_title=\"Read More\"  btn_style=\"text\"  btn_gradient_color_1=\"turquoise\"  btn_gradient_color_2=\"blue\"  btn_custom_background=\"#ededed\"  btn_custom_text=\"#666\"  btn_outline_custom_color=\"#666\"  btn_outline_custom_hover_background=\"#666\"  btn_outline_custom_hover_text=\"#fff\"  btn_color=\"skincolor\"  btn_size=\"md\"  add_icon=\"left\"  hover=\"none\"  main_icon_type=\"icon\"  i_type=\"linecons\"  i_icon_fontawesome=\"fa fa-thumbs-o-up\"  i_icon_openiconic=\"vc-oi vc-oi-dial\"  i_icon_typicons=\"typcn typcn-adjust-brightness\"  i_icon_entypo=\"entypo-icon entypo-icon-note\"  i_icon_linecons=\"vc_li vc_li-sound\"  i_color=\"white\"  i_background_style=\"rounded-less\"  i_background_color=\"skincolor\"  i_size=\"lg\"  icon_type=\"icon\"  btn_align=\"left\"  i_css_animation=\"\" css_animation=\"\"]<\/p>\n<p style=\"text-align: justify;\">15 vite eksperienc\u00eb si Firm\u00eb Ligjore me nj\u00eb marzh suksesi prej 83% t\u00eb \u00e7\u00ebshtjeve t\u00eb fituara.<\/p>\n<p>[\/vc_cta]<\/div><div class=\"tm-sbox tm-sbox-iconalign-left none     \">[vc_cta h2=\"Kosto t\u00eb P\u00ebrballueshme\"  h2_google_fonts=\"font_family:Arimo%3Aregular%2Citalic%2C700%2C700italic|font_style:700%20bold%20regular%3A700%3Anormal\"  h4_google_fonts=\"font_family:Lato%3A100%2C100italic%2C300%2C300italic%2Cregular%2Citalic%2C700%2C700italic%2C900%2C900italic|font_style:300%20light%20regular%3A300%3Anormal\"  txt_align=\"left\"  heading_sep=\"no\"  shape=\"none\"  style=\"transparent\"  color=\"grey\"  btn_title=\"Read More\"  btn_style=\"text\"  btn_gradient_color_1=\"turquoise\"  btn_gradient_color_2=\"blue\"  btn_custom_background=\"#ededed\"  btn_custom_text=\"#666\"  btn_outline_custom_color=\"#666\"  btn_outline_custom_hover_background=\"#666\"  btn_outline_custom_hover_text=\"#fff\"  btn_color=\"skincolor\"  btn_size=\"md\"  add_icon=\"left\"  hover=\"none\"  main_icon_type=\"icon\"  i_type=\"fontawesome\"  i_icon_fontawesome=\"fas fa-dollar-sign\"  i_icon_openiconic=\"vc-oi vc-oi-dial\"  i_icon_typicons=\"typcn typcn-adjust-brightness\"  i_icon_entypo=\"entypo-icon entypo-icon-note\"  i_icon_linecons=\"vc_li vc_li-heart\"  i_color=\"white\"  i_background_style=\"rounded-less\"  i_background_color=\"skincolor\"  i_size=\"lg\"  icon_type=\"icon\"  btn_align=\"left\"  i_css_animation=\"\" css_animation=\"\"]<\/p>\n<p style=\"text-align: justify;\">Ekipe me madh\u00ebsi optimale, qasje drejt zgjidhjes dhe eksperienca e thelluar jan\u00eb garanci p\u00ebr sh\u00ebrbime me kosto te mir\u00ebmenduar.<\/p>\n<p>[\/vc_cta]<\/div><div class=\"tm-sbox tm-sbox-iconalign-left none     \">[vc_cta h2=\"T\u00eb P\u00ebrkushtuar\"  h2_google_fonts=\"font_family:Arimo%3Aregular%2Citalic%2C700%2C700italic|font_style:700%20bold%20regular%3A700%3Anormal\"  h4_google_fonts=\"font_family:Lato%3A100%2C100italic%2C300%2C300italic%2Cregular%2Citalic%2C700%2C700italic%2C900%2C900italic|font_style:300%20light%20regular%3A300%3Anormal\"  txt_align=\"left\"  heading_sep=\"no\"  shape=\"none\"  style=\"transparent\"  color=\"grey\"  btn_title=\"Read More\"  btn_style=\"text\"  btn_gradient_color_1=\"turquoise\"  btn_gradient_color_2=\"blue\"  btn_custom_background=\"#ededed\"  btn_custom_text=\"#666\"  btn_outline_custom_color=\"#666\"  btn_outline_custom_hover_background=\"#666\"  btn_outline_custom_hover_text=\"#fff\"  btn_color=\"skincolor\"  btn_size=\"md\"  add_icon=\"left\"  hover=\"none\"  main_icon_type=\"icon\"  i_type=\"typicons\"  i_icon_fontawesome=\"fa fa-thumbs-o-up\"  i_icon_openiconic=\"vc-oi vc-oi-dial\"  i_icon_typicons=\"typcn typcn-calendar-outline\"  i_icon_entypo=\"entypo-icon entypo-icon-note\"  i_icon_linecons=\"vc_li vc_li-heart\"  i_color=\"white\"  i_background_style=\"rounded-less\"  i_background_color=\"skincolor\"  i_size=\"lg\"  icon_type=\"icon\"  btn_align=\"left\"  i_css_animation=\"\" css_animation=\"\"]<\/p>\n<p style=\"text-align: justify;\">Ekspert\u00ebt dhe avokat\u00ebt jan\u00eb t\u00eb angazhuar q\u00eb t\u00eb ndihmoj\u00eb klient\u00ebt e saj t\u00eb realizojn\u00eb strategjin\u00eb e tyre t\u00eb biznesit.<\/p>\n<p>[\/vc_cta]<\/div>[\/vc_column][\/vc_row][vc_row full_width=&#8221;stretch_row&#8221; bgtype=&#8221;grey&#8221; css=&#8221;.vc_custom_1457086002495{padding-bottom: 65px !important;}&#8221;][vc_column]<div class=\"tm-element-heading-wrapper tm-heading-inner tm-element-align-left tm-heading-with-separator \">[vc_cta h2=\"DISA FJAL\u00cb\"  h2_google_fonts=\"font_family:Arimo%3Aregular%2Citalic%2C700%2C700italic|font_style:700%20bold%20regular%3A700%3Anormal\"  h4_google_fonts=\"font_family:Lato%3A100%2C100italic%2C300%2C300italic%2Cregular%2Citalic%2C700%2C700italic%2C900%2C900italic|font_style:300%20light%20regular%3A300%3Anormal\"  txt_align=\"left\"  heading_sep=\"yes\"  i_css_animation=\"\" css_animation=\"\"][\/vc_cta]<\/div> <!-- .tm-element-heading-wrapper container --> [vc_row_inner][vc_column_inner width=&#8221;1\/2&#8243;][vc_single_image image=&#8221;13254&#8243; img_size=&#8221;full&#8221;][\/vc_column_inner][vc_column_inner width=&#8221;1\/2&#8243;][vc_column_text]<\/p>\n<p style=\"text-align: justify; display: block;\">\u201cShehu &amp; Partners\u201d u themelua nga Avokati Isuf Shehu dhe prej krijimit ka punuar me p\u00ebrkushtim p\u00ebr t\u00eb pajisur klient\u00ebt e saj, qofshin ato biznese apo individ\u00eb, me zgjidhjen e duhur. Sh\u00ebrbimet t\u00eb \u201cShehu &amp; Partners\u201d jan\u00eb p\u00ebrdit\u00ebsuar me praktikat m\u00eb t\u00eb mira t\u00eb menaxhimit p\u00ebr t\u00eb siguruar nje sh\u00ebrbim optimal.<br \/>\nFirma drejtohet nga nj\u00eb ekip profesional dhe i motivuar avokat\u00ebsh dhe ekspert\u00ebsh t\u00eb fushave t\u00eb ndryshme te cil\u00ebt g\u00ebzojn\u00eb nj\u00eb p\u00ebrvoj\u00eb t\u00eb gjer\u00eb dhe t\u00eb pasur pune, nd\u00ebrsa realizojn\u00eb nj\u00eb sinergji perfekte, bazuar te p\u00ebrpjekja e p\u00ebrbashk\u00ebt p\u00ebr t\u2019ju p\u00ebrgjigjur nevojave t\u00eb \u00e7do klienti. Firma ka p\u00ebrmbushur q\u00ebllimin e saj, fal\u00eb qasjes s\u00eb saj p\u00ebr zgjidhje t\u00eb q\u00ebndrueshme dhe inovative; strukturimit n\u00eb ekipe me madh\u00ebsi optimale q\u00eb ofrojn\u00eb sh\u00ebrbime kosto-efektive dhe me cilesi t\u00eb lart\u00eb, dhe m\u00ebnd\u00ebsis\u00eb p\u00ebr t\u00eb nd\u00ebrtuar marr\u00ebdh\u00ebnie t\u00eb q\u00ebndrueshme dhe afatgjata me klient\u00ebt.<br \/>\nEkspert\u00ebt dhe Avokat\u00ebt disponojn\u00eb expertiz\u00eb te lart\u00eb dhe profesionaliz\u00ebm, dhe kan\u00eb si prioritet zgjidhjen efektive dhe t\u00eb q\u00ebndrueshme t\u00eb cdo situate.\u00a0Ata kan\u00eb sh\u00ebrbyer ne kompanit\u00eb m\u00eb t\u00eb m\u00ebdha shqiptare dhe nd\u00ebrkomb\u00ebtare gjat\u00eb periudh\u00ebs dometh\u00ebn\u00ebse t\u00eb rritjes s\u00eb tyre n\u00eb Shqip\u00ebri. Kjo e b\u00ebn p\u00ebrvoj\u00ebn e tyre nj\u00eb aset t\u00eb \u00e7muar dhe nj\u00eb garanci ndaj \u00e7do pritshm\u00ebrie nga ana e klient\u00ebve.<br \/>\nShehu &amp; Partners ka marr\u00ebdhenje partneriteti dhe bashk\u00ebpunon me nj\u00eb ser\u00eb kompanish sh\u00ebrbimesh, t\u00eb cilat operojn\u00eb n\u00eb tregun shqiptar dhe nd\u00ebrkomb\u00ebtar duke garantuar nj\u00eb mbulim t\u00eb plot\u00eb t\u00eb t\u00eb gjitha fushave t\u00eb biznesit dhe t\u00eb sipermarrjes. Por mbi t\u00eb gjitha, Shehu &amp; Partners mbetet nj\u00eb firm\u00eb ligjore dhe avokatie tejet fleksibel n\u00eb shum\u00eb aspekte, pik\u00ebrisht fal\u00eb synimit p\u00ebr t\u2019ju p\u00ebrgjigjur \u00e7do lloj k\u00ebrkese apo nevoje p\u00ebr sh\u00ebrbime ligjore n\u00eb nivele t\u00eb p\u00ebrballueshme duke e b\u00ebr\u00eb at\u00eb nj\u00eb dritare t\u00eb \u00e7muar t\u00eb ligjit p\u00ebr te gjith\u00eb subjektet e interesuar.<\/p>\n<p><strong>AVOKAT ISUF SHEHU<\/strong><br \/>\nThemeluesi i Shehu &amp; Partners<br \/>\n<img loading=\"lazy\" decoding=\"async\" class=\"alignnone size-full wp-image-11836\" src=\"https:\/\/shp.al\/wp-content\/uploads\/2020\/10\/lgo-2-e1548083210165.png\" alt=\"\" width=\"200\" height=\"40\" \/>[\/vc_column_text][\/vc_column_inner][\/vc_row_inner][\/vc_column][vc_column][vc_toggle title=&#8221;Vizioni yn\u00eb&#8221;]<\/p>\n<p style=\"text-align: justify;\">Shehu &amp; Partners angazhohet t\u00eb ndihmoj klient\u00ebt n\u00eb realizimin e strategjive t\u00eb tyre tregtare duke ofruar k\u00ebshillim ligjor ekselent. Q\u00ebllimi i firm\u00ebs \u00ebsht\u00eb nj\u00eb: t\u00eb b\u00ebhemi pik\u00eb referimi p\u00ebr sh\u00ebrbimet m\u00eb t\u00eb mira ligjore n\u00eb Shqip\u00ebri. Duke p\u00ebrdorur burimet e firm\u00ebs si edhe ekspertiz\u00ebn n\u00eb sektor\u00eb t\u00eb ndrysh\u00ebm, avokat\u00ebt tan\u00eb kan\u00eb si objektiv t\u00eb jen\u00eb pjes\u00eb e pandashme n\u00eb suksesin e bizneseve q\u00eb p\u00ebrfaq\u00ebsojn\u00eb. Firma Shehu &amp; Partners synon t\u00eb nd\u00ebrtoj\u00eb marr\u00ebdh\u00ebnie afatgjata ortak\u00ebrie, bazuar n\u00eb ofrimin e zgjidhjeve m\u00eb efikase t\u00eb nevojave ligjore.<\/p>\n<p>[\/vc_toggle][vc_toggle title=&#8221;Misioni yn\u00eb&#8221;]<\/p>\n<div class=\"rj1gh0hx buofh1pr j83agx80 l9j0dhe7 cbu4d94t ni8dbmo4 stjgntxs\">\n<div class=\"rj1gh0hx buofh1pr l9j0dhe7 j83agx80 cbu4d94t agkhgkm8\">\n<div class=\"rj1gh0hx buofh1pr ni8dbmo4 stjgntxs j83agx80 cbu4d94t\">\n<div class=\"buofh1pr j83agx80 eg9m0zos ni8dbmo4 cbu4d94t gok29vw1\">\n<div class=\"\" data-testid=\"Keycommand_wrapper\">\n<div role=\"grid\" aria-label=\"Mesazhet\">\n<div class=\"j83agx80 jwdofwj8 pby63qed\" data-testid=\"incoming_group\">\n<div class=\"rj1gh0hx buofh1pr hpfvmrgz\">\n<div role=\"row\">\n<div class=\"\" data-testid=\"Keycommand_wrapper\">\n<div class=\"j83agx80 cbu4d94t\">\n<div class=\"j83agx80\">\n<div class=\"jn8vp64t l9j0dhe7 hpfvmrgz lzcic4wl\" tabindex=\"0\" role=\"gridcell\" data-scope=\"messages_table\">\n<div class=\"ni8dbmo4 stjgntxs g5ia77u1 ii04i59q\" aria-owns=\"jsc_c_v9\" data-testid=\"messenger_incoming_text_row\">\n<div class=\"l60d2q6s d1544ag0 sj5x9vvc tw6a2znq l9j0dhe7 ni8dbmo4 stjgntxs qlfml3jp inkptoze e72ty7fz qmr60zad jm1wdb64 qv66sw1b ljqsnud1 g6srhlxm\">\n<div class=\"oo9gr5id\" dir=\"auto\" style=\"text-align: justify;\">Klient\u00ebt mb\u00ebshteten te aft\u00ebsia e firm\u00ebs p\u00ebr t\u00eb gjetur zgjidhje efikase p\u00ebr problemet komplekse t\u00eb biznesit, dhe avokat\u00ebt tan\u00eb p\u00ebrdorin eksperienc\u00ebn dhe burimet e firm\u00ebs p\u00ebr t\u00eb siguruar suksesin n\u00eb sfidat ligjore dhe administrative. Platforma jon\u00eb e biznesit \u00ebsht\u00eb nj\u00eb partneritet i integruar dhe i p\u00ebrqendruar p\u00ebr t\u00eb siguruar qasjen m\u00eb bashk\u00ebpunuese ndaj sh\u00ebrbimit t\u00eb klientit.<\/div>\n<\/div>\n<\/div>\n<\/div>\n<\/div>\n<\/div>\n<\/div>\n<\/div>\n<\/div>\n<\/div>\n<\/div>\n<\/div>\n<\/div>\n<\/div>\n<\/div>\n<\/div>\n<div class=\"pfnyh3mw\">\n<form method=\"POST\">\n<div class=\"flx89l3n l9l1gxur agkhgkm8\" style=\"text-align: justify;\">Firma garanton:<\/div>\n<div class=\"aovydwv3 ni8dbmo4 stjgntxs nred35xi pmk7jnqg k4urcfbm flx89l3n l9l1gxur agkhgkm8\" style=\"text-align: justify;\" data-visualcompletion=\"ignore\" aria-hidden=\"true\">\n<div class=\"nred35xi j83agx80 rv4hoivh cxgpxx05 k4urcfbm rq0escxv\">\n<div class=\"buofh1pr h676nmdw\">\n<div class=\"oajrlxb2 gs1a9yip tdjehn4e mtkw9kbi tlpljxtp qensuy8j ppp5ayq2 goun2846 ccm00jje s44p3ltw mk2mc5f4 rt8b4zig n8ej3o3l agehan2d sk4xxmp2 rq0escxv rj84mg9z j83agx80 mg4g778l btwxx1t3 pfnyh3mw p7hjln8o kvgmc6g5 cxmmr5t8 oygrvhab hcukyx3x tgvbjcpo hpfvmrgz jb3vyjys rz4wbd8a qt6c0cv9 a8nywdso l9j0dhe7 i1ao9s8h esuyzwwr f1sip0of du4w35lb lzcic4wl abiwlrkh p8dawk7l gcieejh5 bn081pho humdl8nn izx4hr6d beltcj47 p86d2i9g aot14ch1 kzx2olss tv7at329 taijpn5t ni8dbmo4 stjgntxs k4urcfbm\" tabindex=\"-1\" role=\"button\" aria-disabled=\"true\" aria-label=\"Zgjidh nj\u00eb gif\">\n<ul>\n<li class=\"n00je7tq arfg74bv qs9ysxi8 k77z8yql i09qtzwb n7fi1qx3 b5wmifdl hzruof5a pmk7jnqg j9ispegn kr520xx4 c5ndavph art1omkt ot9fgl3s\" data-visualcompletion=\"ignore\">P\u00ebrvoj\u00eb e thell\u00eb n\u00eb transaksioneve t\u00eb suksesshme transformuese t\u00eb sip\u00ebrmarrjeve, gjat\u00eb t\u00eb cilave mbrojtja dhe konsulenca ligjore e ofruar ka qen\u00eb vendimtare.<\/li>\n<li class=\"n00je7tq arfg74bv qs9ysxi8 k77z8yql i09qtzwb n7fi1qx3 b5wmifdl hzruof5a pmk7jnqg j9ispegn kr520xx4 c5ndavph art1omkt ot9fgl3s\" data-visualcompletion=\"ignore\">Nj\u00eb qasje e bazuar n\u00eb zgjidhje, duke ofruar k\u00ebshilla tregtare, origjinale dhe t\u00eb sh\u00ebndetshme.<\/li>\n<li class=\"n00je7tq arfg74bv qs9ysxi8 k77z8yql i09qtzwb n7fi1qx3 b5wmifdl hzruof5a pmk7jnqg j9ispegn kr520xx4 c5ndavph art1omkt ot9fgl3s\" data-visualcompletion=\"ignore\">Ekipet me madh\u00ebsi optimale q\u00eb ofrojn\u00eb sh\u00ebrbime me kosto efektive dhe me cil\u00ebsi t\u00eb lart\u00eb.<\/li>\n<li class=\"n00je7tq arfg74bv qs9ysxi8 k77z8yql i09qtzwb n7fi1qx3 b5wmifdl hzruof5a pmk7jnqg j9ispegn kr520xx4 c5ndavph art1omkt ot9fgl3s\" data-visualcompletion=\"ignore\">Nj\u00eb kultur\u00eb e drejtuar drejt krijimit dhe edukimit t\u00eb marr\u00ebdh\u00ebnieve afatgjata me klient\u00ebt.<\/li>\n<\/ul>\n<\/div>\n<\/div>\n<div class=\"buofh1pr h676nmdw\">\n<div class=\"rj1gh0hx buofh1pr j83agx80 l9j0dhe7 cbu4d94t ni8dbmo4 stjgntxs\">\n<div class=\"rj1gh0hx buofh1pr l9j0dhe7 j83agx80 cbu4d94t agkhgkm8\">\n<div class=\"rj1gh0hx buofh1pr ni8dbmo4 stjgntxs j83agx80 cbu4d94t\">\n<div class=\"buofh1pr j83agx80 eg9m0zos ni8dbmo4 cbu4d94t gok29vw1\">\n<div class=\"\" data-testid=\"Keycommand_wrapper\">\n<div role=\"grid\" aria-label=\"Mesazhet\">\n<div class=\"j83agx80 jwdofwj8 pby63qed\" data-testid=\"incoming_group\">\n<div class=\"rj1gh0hx buofh1pr hpfvmrgz\">\n<div role=\"row\">\n<div class=\"\" data-testid=\"Keycommand_wrapper\"><\/div>\n<\/div>\n<\/div>\n<\/div>\n<\/div>\n<\/div>\n<\/div>\n<\/div>\n<\/div>\n<\/div>\n<\/div>\n<\/div>\n<\/div>\n<\/form>\n<\/div>\n<p>[\/vc_toggle][\/vc_column][\/vc_row][vc_row css=&#8221;.vc_custom_1457085928180{padding-bottom: 70px !important;}&#8221;][vc_column]<!-- Group Active -->\n\t<div class=\"thememount-client-wrapper thememount-client-view-carousel thememount-client-column-four thememount-effect-carousel thememount-carousel-col-four thememount-with-pagination \"   data-autoplay=\"1\"  data-autoplayspeed=\"800\"  data-autoplaytimeout=\"4500\"  data-loop=\"1\"  data-animatein=\"\"  data-animateout=\"\"  data-dots=\"false\"  data-nav=\"above\"  data-autoplayHoverPause=\"true\" ><div class=\"tm-element-heading-wrapper tm-heading-inner tm-element-align-left \"><div class=\"tm-element-heading-wrapper tm-heading-inner tm-element-align-left tm-heading-with-separator \">[vc_cta h2=\"KLIENT\u00cbT TAN\u00cb\"  h2_google_fonts=\"font_family:Arimo%3Aregular%2Citalic%2C700%2C700italic|font_style:700%20bold%20regular%3A700%3Anormal\"  h4=\"Partner\u00eb t\u00eb besuar\"  h4_google_fonts=\"font_family:Lato%3A100%2C100italic%2C300%2C300italic%2Cregular%2Citalic%2C700%2C700italic%2C900%2C900italic|font_style:300%20light%20regular%3A300%3Anormal\"  txt_align=\"left\"  heading_sep=\"yes\"  i_css_animation=\"\" css_animation=\"\"][\/vc_cta]<\/div> <!-- .tm-element-heading-wrapper container --> <div class=\"tm-carousel-arrows tm-carousel-arrows-left\"><div class=\"thememount-carousel-controls\">\n\t\t\t\t\t\t<div class=\"thememount-carousel-controls-inner\">\t\t\t\t\t\t\t\n\t\t\t\t\t\t\t<!--<a class=\"thememount-carousel-slideshow\"><span class=\"wpb_button\"><i class=\"fa fa-pause\"><\/i><\/span><\/a>-->\n\t\t\t\t\t\t\t<a class=\"thememount-carousel-next\"><i class=\"demo-icon tm-social-icon-right-small\"><\/i><\/a>\n\t\t\t\t\t\t\t<a class=\"thememount-carousel-prev\"><i class=\"demo-icon tm-social-icon-left-small\"><\/i><\/a>\n\t\t\t\t\t\t<\/div>\n\t\t\t\t\t<\/div><\/div><\/div> <!-- .tm-element-heading-wrapper container --> <div class=\" thememount-clients thememount-carousel-items-wrapper owl-carousel owl-theme\"><div class=\"col-lg-3 col-sm-6 col-md-3 col-xs-12 tm-box\"><a href=\"javascript:void(0);\"  class=\"hint--top\" data-hint=\"Grundstein\"><img loading=\"lazy\" decoding=\"async\" width=\"1500\" height=\"675\" src=\"https:\/\/shp.al\/wp-content\/uploads\/2020\/10\/grindstein-logo-1.jpg\" class=\"attachment-full size-full wp-post-image\" alt=\"\" data-id=\"11846\" \/><\/a><\/div><div class=\"col-lg-3 col-sm-6 col-md-3 col-xs-12 tm-box\"><a href=\"javascript:void(0);\"  class=\"hint--top\" data-hint=\"Messer\"><img loading=\"lazy\" decoding=\"async\" width=\"210\" height=\"65\" src=\"https:\/\/shp.al\/wp-content\/uploads\/2016\/02\/layout_set_logo.png\" class=\"attachment-full size-full wp-post-image\" alt=\"\" data-id=\"11848\" \/><\/a><\/div><div class=\"col-lg-3 col-sm-6 col-md-3 col-xs-12 tm-box\"><a href=\"javascript:void(0);\"  class=\"hint--top\" data-hint=\"NRG &#8211; Sh\u00ebrbime dezinfektimi\"><img loading=\"lazy\" decoding=\"async\" width=\"750\" height=\"319\" src=\"https:\/\/shp.al\/wp-content\/uploads\/2020\/10\/nrg-logo-1-1.png\" class=\"attachment-full size-full wp-post-image\" alt=\"nrg-logo\" data-id=\"11609\" \/><\/a><\/div><div class=\"col-lg-3 col-sm-6 col-md-3 col-xs-12 tm-box\"><a href=\"javascript:void(0);\"  class=\"hint--top\" data-hint=\"Prestige Home\"><img loading=\"lazy\" decoding=\"async\" width=\"340\" height=\"180\" src=\"https:\/\/shp.al\/wp-content\/uploads\/2020\/10\/prestige-2-1.jpg\" class=\"attachment-full size-full wp-post-image\" alt=\"\" data-id=\"11656\" \/><\/a><\/div><div class=\"col-lg-3 col-sm-6 col-md-3 col-xs-12 tm-box\"><a href=\"javascript:void(0);\"  class=\"hint--top\" data-hint=\"Plus\"><img loading=\"lazy\" decoding=\"async\" width=\"199\" height=\"102\" src=\"https:\/\/shp.al\/wp-content\/uploads\/2020\/10\/plus-logo.png\" class=\"attachment-full size-full wp-post-image\" alt=\"plus-logo\" data-id=\"12179\" \/><\/a><\/div><div class=\"col-lg-3 col-sm-6 col-md-3 col-xs-12 tm-box\"><a href=\"javascript:void(0);\"  class=\"hint--top\" data-hint=\"3S\"><img loading=\"lazy\" decoding=\"async\" width=\"150\" height=\"65\" src=\"https:\/\/shp.al\/wp-content\/uploads\/2020\/10\/3s-logo.png\" class=\"attachment-full size-full wp-post-image\" alt=\"\" data-id=\"11852\" \/><\/a><\/div><div class=\"col-lg-3 col-sm-6 col-md-3 col-xs-12 tm-box\"><a href=\"javascript:void(0);\"  class=\"hint--top\" data-hint=\"Rainbow Distribution\"><img loading=\"lazy\" decoding=\"async\" width=\"750\" height=\"319\" src=\"https:\/\/shp.al\/wp-content\/uploads\/2020\/10\/rainbow-logo-3.png\" class=\"attachment-full size-full wp-post-image\" alt=\"\" data-id=\"11648\" \/><\/a><\/div><div class=\"col-lg-3 col-sm-6 col-md-3 col-xs-12 tm-box\"><a href=\"javascript:void(0);\"  class=\"hint--top\" data-hint=\"Njer\u00ebz dhe Ide\"><img loading=\"lazy\" decoding=\"async\" width=\"750\" height=\"319\" src=\"https:\/\/shp.al\/wp-content\/uploads\/2016\/02\/njerez-dhe-ide.jpg\" class=\"attachment-full size-full wp-post-image\" alt=\"\" data-id=\"11855\" \/><\/a><\/div><div class=\"col-lg-3 col-sm-6 col-md-3 col-xs-12 tm-box\"><a href=\"javascript:void(0);\"  class=\"hint--top\" data-hint=\"IBN\"><img loading=\"lazy\" decoding=\"async\" width=\"200\" height=\"88\" src=\"https:\/\/shp.al\/wp-content\/uploads\/2016\/02\/Ibn-logo-1.jpg\" class=\"attachment-full size-full wp-post-image\" alt=\"\" data-id=\"11857\" \/><\/a><\/div>\n\t<\/div><\/div>[\/vc_column][\/vc_row]<\/p>\n","protected":false},"excerpt":{"rendered":"<p>[vc_row css=&#8221;.vc_custom_1457085783072{padding-bottom: 70px !important;}&#8221;][vc_column width=&#8221;1\/2&#8243;][vc_column_text] Filloi si nj\u00eb ide dhe u manifestua n\u00eb realitet! Firma jone ka evoluar nga nj\u00eb zyr\u00eb ligjore n\u00eb nj\u00eb firm\u00eb konsulence q\u00eb sjell n\u00ebn nj\u00eb \u00e7ati ekspert\u00eb nga fushat e ndryshme t\u00eb ligjit, prokurimeve, financ\u00ebs dhe kontabilitetit, pasurive t\u00eb paluajtshme, menaxhimit dhe teknologjis\u00eb s\u00eb informacionit. Q\u00ebllimi yn\u00eb \u00ebsht\u00eb t\u00eb q\u00ebndrojm\u00eb [&hellip;]<\/p>\n","protected":false},"author":1,"featured_media":0,"parent":0,"menu_order":5,"comment_status":"closed","ping_status":"open","template":"","meta":{"editor_plus_copied_stylings":"{}","footnotes":""},"class_list":["post-11835","page","type-page","status-publish","hentry"],"featured_image_src":null,"featured_image_src_square":null,"_links":{"self":[{"href":"https:\/\/shp.al\/sq\/wp-json\/wp\/v2\/pages\/11835","targetHints":{"allow":["GET"]}}],"collection":[{"href":"https:\/\/shp.al\/sq\/wp-json\/wp\/v2\/pages"}],"about":[{"href":"https:\/\/shp.al\/sq\/wp-json\/wp\/v2\/types\/page"}],"author":[{"embeddable":true,"href":"https:\/\/shp.al\/sq\/wp-json\/wp\/v2\/users\/1"}],"replies":[{"embeddable":true,"href":"https:\/\/shp.al\/sq\/wp-json\/wp\/v2\/comments?post=11835"}],"version-history":[{"count":9,"href":"https:\/\/shp.al\/sq\/wp-json\/wp\/v2\/pages\/11835\/revisions"}],"predecessor-version":[{"id":13262,"href":"https:\/\/shp.al\/sq\/wp-json\/wp\/v2\/pages\/11835\/revisions\/13262"}],"wp:attachment":[{"href":"https:\/\/shp.al\/sq\/wp-json\/wp\/v2\/media?parent=11835"}],"curies":[{"name":"wp","href":"https:\/\/api.w.org\/{rel}","templated":true}]}}