{"id":754,"date":"2014-09-17T17:13:14","date_gmt":"2014-09-17T17:13:14","guid":{"rendered":"http:\/\/apicona-data.thememount.com\/?page_id=754"},"modified":"2020-12-28T15:27:16","modified_gmt":"2020-12-28T15:27:16","slug":"blog","status":"publish","type":"page","link":"https:\/\/shp.al\/en\/blog\/","title":{"rendered":"Blog"},"content":{"rendered":"<p>[vc_row equalheight=&#8221;true&#8221;][vc_column]<div class=\"row thememount-blog-boxes-wrapper thememount-blog-view-default thememount-effect-default thememount-items-col-three   thememount-with-pagination\" id=\"thememount-blog-id-11685663\" ><div class=\"thememount-blog-text col-xs-12 col-sm-12 col-md-12 col-lg-12\"><\/div><div class=\"thememount-blog-boxes col-xs-12 col-sm-12 col-md-12 col-lg-12\"><div class=\"thememount-blog-boxes-inner row multi-columns-row thememount-items-wrapper  digitallaw-masongry-enabled\">\n\t\t<article class=\"post-box tm-box col-lg-4 col-sm-6 col-md-4 col-xs-12 thememount-blogbox-format-standard lufte rusi ukraine\">\n\t\t\t<div class=\"post-item\">\n\t\t\t\t\t<div class=\"post-item-thumbnail-inner\"><div class=\"thememount-blog-media entry-thumbnail\"><img loading=\"lazy\" decoding=\"async\" width=\"720\" height=\"390\" src=\"https:\/\/shp.al\/wp-content\/uploads\/2022\/02\/lufta_rusi_ukraine-720x390.jpeg\" class=\"attachment-digitallaw-blog-three-column size-digitallaw-blog-three-column wp-post-image\" alt=\"\" \/><a href=\"https:\/\/shp.al\/en\/a-ka-nje-shkak-lufta-ne-ukraine\/\"><span class=\"overthumb\"><i class=\"tm-social-icon-plus\"><\/i><\/span><\/a><\/div><a href=\"https:\/\/shp.al\/en\/a-ka-nje-shkak-lufta-ne-ukraine\/\"><span class=\"overthumb\"><i class=\"tm-social-icon-plus\"><\/i><\/span><\/a><\/div>\n\t\t\t\t<div class=\"item-content\">\n\t\t\t\t\t<h4><a href=\"https:\/\/shp.al\/en\/a-ka-nje-shkak-lufta-ne-ukraine\/\">A ka \u201cnj\u00eb shkak\u201d lufta n\u00eb Ukrain\u00eb?<\/a><\/h4>\t\t\t\n\t\t\t\t\t<div class=\"thememount-blogbox-desc\">\n\t\t\t\t\t\tP\u00ebrgatitja ideologjike e shoq\u00ebris\u00eb ruse p\u00ebr nj\u00eb konflikt me Ukrain\u00ebn ka nisur t\u00eb pakt\u00ebn q\u00eb nga viti 2014, me propagand\u00ebn e Kremlinit q\u00eb e portretizonte Ukrain\u00ebn si nj\u00eb shtet pro-fashist, neo-nazist. M...\n\t\t\t\t\t\t<div class=\"tm-blogbox-footer-meta\">\n\t\t\t\t\t\t<div class=\"tm-blogbox-date\"><i class=\"demo-icon tm-social-icon-calendar\"><\/i> February 26, 2022<\/div>\n\t\t\t\t\t\t<div class=\"tm-blogbox-comment\"><i class=\"demo-icon tm-social-icon-comment-1\"><\/i> No Comments<\/div>\n\t\t\t\t\t\t<\/div>\n\t\t\t\t\t<\/div>\n\t\t\t\t<\/div>\n\t\t\t<\/div>\n\t\t<\/article>\n\t\n\t\t<article class=\"post-box tm-box col-lg-4 col-sm-6 col-md-4 col-xs-12 thememount-blogbox-format-standard ekspert-ligjor transparence zgjedhje\">\n\t\t\t<div class=\"post-item\">\n\t\t\t\t\t\n\t\t\t\t<div class=\"item-content\">\n\t\t\t\t\t<h4><a href=\"https:\/\/shp.al\/en\/shehu-partners-pjese-e-projektit-forcimi-i-transparences-se-zgjedhjeve-ne-shqiperi-25-prill-2021-2\/\">Shehu &#038; Partners pjese e Projektit \u201cForcimi i Transparences se Zgjedhjeve ne Shqiperi, 25 Prill 2021\u201d<\/a><\/h4>\t\t\t\n\t\t\t\t\t<div class=\"thememount-blogbox-desc\">\n\t\t\t\t\t\tAvokat Isuf Shehu i thirrur nga Shkolla e Studimeve Politike si ekspert n\u00eb projektin \u201cForcimi i Transparenc\u00ebs s\u00eb Zgjedhjeve n\u00eb Shqip\u00ebri, 25 Prill 2021. N\u00eb dat\u00ebn 15.12.2021 Z. Shehu mori pjes\u00eb n\u00eb konfe...\n\t\t\t\t\t\t<div class=\"tm-blogbox-footer-meta\">\n\t\t\t\t\t\t<div class=\"tm-blogbox-date\"><i class=\"demo-icon tm-social-icon-calendar\"><\/i> December 17, 2021<\/div>\n\t\t\t\t\t\t<div class=\"tm-blogbox-comment\"><i class=\"demo-icon tm-social-icon-comment-1\"><\/i> 1 Comment<\/div>\n\t\t\t\t\t\t<\/div>\n\t\t\t\t\t<\/div>\n\t\t\t\t<\/div>\n\t\t\t<\/div>\n\t\t<\/article>\n\t\n\t\t<article class=\"post-box tm-box col-lg-4 col-sm-6 col-md-4 col-xs-12 thememount-blogbox-format-gallery ekspert-ligjor projektligj\">\n\t\t\t<div class=\"post-item\">\n\t\t\t\t\t<div class=\"post-item-thumbnail-inner\"><div class=\"thememount-blog-media entry-thumbnail\"><div class=\"thememount-blog-media thememount-blog-media thememount-slider-wrapper\"><div class=\"flexslider\"><ul class=\"slides\"><li><img loading=\"lazy\" decoding=\"async\" width=\"720\" height=\"390\" src=\"https:\/\/shp.al\/wp-content\/uploads\/2021\/12\/ekspert-ligjor-720x390.jpg\" class=\"attachment-digitallaw-blog-three-column size-digitallaw-blog-three-column\" alt=\"\" \/><\/li><li><img loading=\"lazy\" decoding=\"async\" width=\"720\" height=\"390\" src=\"https:\/\/shp.al\/wp-content\/uploads\/2021\/12\/komisioni-720x390.jpeg\" class=\"attachment-digitallaw-blog-three-column size-digitallaw-blog-three-column\" alt=\"\" \/><\/li><\/ul><\/div><\/div><\/div><\/div>\n\t\t\t\t<div class=\"item-content\">\n\t\t\t\t\t<h4><a href=\"https:\/\/shp.al\/en\/shehu-partners-ne-mbeshtetje-te-nismes-per-amendimin-e-ligjit-nr-9817-2007-per-bujqesine-dhe-zhvillimin-rural\/\">Shehu &#038; Partners n\u00eb mb\u00ebshtetje t\u00eb nism\u00ebs p\u00ebr amendimin e ligjit Nr.9817\/2007 &#8220;P\u00ebr Bujq\u00ebsin\u00eb dhe Zhvillimin Rural&#8221;<\/a><\/h4>\t\t\t\n\t\t\t\t\t<div class=\"thememount-blogbox-desc\">\n\t\t\t\t\t\tShehu &amp; Partners n\u00ebp\u00ebrmjet avokatit Isuf Shehu asistoi n\u00eb paraqitjen e nje nisme p\u00ebrpara Komisionit t\u00eb Veprimtaris\u00eb Prodhuese m\u00eb dat\u00eb 07.12.2021. Zyra jon\u00eb k\u00ebshilloi dhe mb\u00ebshteti z. Agron Duka, D...\n\t\t\t\t\t\t<div class=\"tm-blogbox-footer-meta\">\n\t\t\t\t\t\t<div class=\"tm-blogbox-date\"><i class=\"demo-icon tm-social-icon-calendar\"><\/i> December 16, 2021<\/div>\n\t\t\t\t\t\t<div class=\"tm-blogbox-comment\"><i class=\"demo-icon tm-social-icon-comment-1\"><\/i> 3 Comments<\/div>\n\t\t\t\t\t\t<\/div>\n\t\t\t\t\t<\/div>\n\t\t\t\t<\/div>\n\t\t\t<\/div>\n\t\t<\/article>\n\t\n\t\t<article class=\"post-box tm-box col-lg-4 col-sm-6 col-md-4 col-xs-12 thememount-blogbox-format-gallery emigracion\">\n\t\t\t<div class=\"post-item\">\n\t\t\t\t\t<div class=\"post-item-thumbnail-inner\"><div class=\"thememount-blog-media entry-thumbnail\"><div class=\"thememount-blog-media thememount-blog-media thememount-slider-wrapper\"><div class=\"flexslider\"><ul class=\"slides\"><li><img loading=\"lazy\" decoding=\"async\" width=\"720\" height=\"390\" src=\"https:\/\/shp.al\/wp-content\/uploads\/2021\/12\/Canadian-Immigration-Application-1586349557109-720x390.jpg\" class=\"attachment-digitallaw-blog-three-column size-digitallaw-blog-three-column\" alt=\"\" \/><\/li><li><img loading=\"lazy\" decoding=\"async\" width=\"720\" height=\"390\" src=\"https:\/\/shp.al\/wp-content\/uploads\/2021\/12\/Canada-on-the-globe-720x390.jpg\" class=\"attachment-digitallaw-blog-three-column size-digitallaw-blog-three-column\" alt=\"\" \/><\/li><li><img loading=\"lazy\" decoding=\"async\" width=\"720\" height=\"390\" src=\"https:\/\/shp.al\/wp-content\/uploads\/2021\/12\/permanent-residency-1080x658-1-720x390.jpg\" class=\"attachment-digitallaw-blog-three-column size-digitallaw-blog-three-column\" alt=\"\" \/><\/li><li><img loading=\"lazy\" decoding=\"async\" width=\"720\" height=\"390\" src=\"https:\/\/shp.al\/wp-content\/uploads\/2021\/12\/Canadian-Immigration_228048062-scaled-1-720x390.jpeg\" class=\"attachment-digitallaw-blog-three-column size-digitallaw-blog-three-column\" alt=\"\" \/><\/li><\/ul><\/div><\/div><\/div><\/div>\n\t\t\t\t<div class=\"item-content\">\n\t\t\t\t\t<h4><a href=\"https:\/\/shp.al\/en\/emigracioni-ne-kanada\/\">Emigracioni n\u00eb Kanada<\/a><\/h4>\t\t\t\n\t\t\t\t\t<div class=\"thememount-blogbox-desc\">\n\t\t\t\t\t\tFirma e Avokatis\u00eb Shehu &amp; Partners njofton se prej N\u00ebntorit 2021 \u00ebsht\u00eb angazhuar edhe n\u00eb \u00e7\u00ebshtjet e emigracionit drejt Kanadas\u00eb fal\u00eb bashk\u00ebpunimit t\u00eb arritur me nj\u00eb nd\u00ebr firmat ligjore m\u00eb t\u00eb shqua...\n\t\t\t\t\t\t<div class=\"tm-blogbox-footer-meta\">\n\t\t\t\t\t\t<div class=\"tm-blogbox-date\"><i class=\"demo-icon tm-social-icon-calendar\"><\/i> December 13, 2021<\/div>\n\t\t\t\t\t\t<div class=\"tm-blogbox-comment\"><i class=\"demo-icon tm-social-icon-comment-1\"><\/i> 13 Comments<\/div>\n\t\t\t\t\t\t<\/div>\n\t\t\t\t\t<\/div>\n\t\t\t\t<\/div>\n\t\t\t<\/div>\n\t\t<\/article>\n\t\n\t\t<article class=\"post-box tm-box col-lg-4 col-sm-6 col-md-4 col-xs-12 thememount-blogbox-format-standard covid-19 kodi-penal\">\n\t\t\t<div class=\"post-item\">\n\t\t\t\t\t<div class=\"post-item-thumbnail-inner\"><div class=\"thememount-blog-media entry-thumbnail\"><img loading=\"lazy\" decoding=\"async\" width=\"720\" height=\"390\" src=\"https:\/\/shp.al\/wp-content\/uploads\/2020\/05\/law-firm-covid-19-blog-720x390.jpg\" class=\"attachment-digitallaw-blog-three-column size-digitallaw-blog-three-column wp-post-image\" alt=\"\" \/><a href=\"https:\/\/shp.al\/en\/a-jane-ndryshimet-e-fundit-ne-kodin-penal-masat-e-duhura-ne-parandalimin-e-perhapjes-se-covid-19\/\"><span class=\"overthumb\"><i class=\"tm-social-icon-plus\"><\/i><\/span><\/a><\/div><a href=\"https:\/\/shp.al\/en\/a-jane-ndryshimet-e-fundit-ne-kodin-penal-masat-e-duhura-ne-parandalimin-e-perhapjes-se-covid-19\/\"><span class=\"overthumb\"><i class=\"tm-social-icon-plus\"><\/i><\/span><\/a><\/div>\n\t\t\t\t<div class=\"item-content\">\n\t\t\t\t\t<h4><a href=\"https:\/\/shp.al\/en\/a-jane-ndryshimet-e-fundit-ne-kodin-penal-masat-e-duhura-ne-parandalimin-e-perhapjes-se-covid-19\/\">A jan\u00eb ndryshimet e fundit n\u00eb Kodin Penal masat e duhura n\u00eb parandalimin e p\u00ebrhapjes s\u00eb Covid-19?<\/a><\/h4>\t\t\t\n\t\t\t\t\t<div class=\"thememount-blogbox-desc\">\n\t\t\t\t\t\tNga: Avokat Isuf Shehu, Avokat Oltion Vathaj N\u00eb seanc\u00ebn e dat\u00ebs 16.04.2020, Kuvendi, ka miratuar projektligjin \u201cP\u00ebr disa shtesa dhe ndryshime n\u00eb ligjin Nr. 7895, dat\u00eb 27.1.1995 \u201cKodi Penal i Republ...\n\t\t\t\t\t\t<div class=\"tm-blogbox-footer-meta\">\n\t\t\t\t\t\t<div class=\"tm-blogbox-date\"><i class=\"demo-icon tm-social-icon-calendar\"><\/i> May 5, 2020<\/div>\n\t\t\t\t\t\t<div class=\"tm-blogbox-comment\"><i class=\"demo-icon tm-social-icon-comment-1\"><\/i> No Comments<\/div>\n\t\t\t\t\t\t<\/div>\n\t\t\t\t\t<\/div>\n\t\t\t\t<\/div>\n\t\t\t<\/div>\n\t\t<\/article>\n\t\n\t\t<article class=\"post-box tm-box col-lg-4 col-sm-6 col-md-4 col-xs-12 thememount-blogbox-format-standard fasonerite gjyqesori\">\n\t\t\t<div class=\"post-item\">\n\t\t\t\t\t<div class=\"post-item-thumbnail-inner\"><div class=\"thememount-blog-media entry-thumbnail\"><img loading=\"lazy\" decoding=\"async\" width=\"450\" height=\"235\" src=\"https:\/\/shp.al\/wp-content\/uploads\/2016\/01\/biznes-fason2.jpg\" class=\"attachment-digitallaw-blog-three-column size-digitallaw-blog-three-column wp-post-image\" alt=\"\" \/><a href=\"https:\/\/shp.al\/en\/fasonerite-punojne-ndersa-gjyqesori-pezullohet\/\"><span class=\"overthumb\"><i class=\"tm-social-icon-plus\"><\/i><\/span><\/a><\/div><a href=\"https:\/\/shp.al\/en\/fasonerite-punojne-ndersa-gjyqesori-pezullohet\/\"><span class=\"overthumb\"><i class=\"tm-social-icon-plus\"><\/i><\/span><\/a><\/div>\n\t\t\t\t<div class=\"item-content\">\n\t\t\t\t\t<h4><a href=\"https:\/\/shp.al\/en\/fasonerite-punojne-ndersa-gjyqesori-pezullohet\/\">Fasonerit\u00eb punojn\u00eb nd\u00ebrsa Gjyq\u00ebsori pezullohet<\/a><\/h4>\t\t\t\n\t\t\t\t\t<div class=\"thememount-blogbox-desc\">\n\t\t\t\t\t\tNga: Avokat Isuf Shehu P\u00ebr t\u00eb tret\u00ebn her\u00eb K\u00ebshilli Lart\u00eb Gjyq\u00ebsor vendosi m\u00eb dat\u00eb 6 Prill pa asnj\u00eb hezitim t\u00eb pezulloj\u00eb plot\u00ebsisht veprimtarin\u00eb e t\u00eb gjitha Gjykatave t\u00eb t\u00eb gjitha niveleve n\u00eb t\u00eb gjith\u00eb...\n\t\t\t\t\t\t<div class=\"tm-blogbox-footer-meta\">\n\t\t\t\t\t\t<div class=\"tm-blogbox-date\"><i class=\"demo-icon tm-social-icon-calendar\"><\/i> April 16, 2020<\/div>\n\t\t\t\t\t\t<div class=\"tm-blogbox-comment\"><i class=\"demo-icon tm-social-icon-comment-1\"><\/i> No Comments<\/div>\n\t\t\t\t\t\t<\/div>\n\t\t\t\t\t<\/div>\n\t\t\t\t<\/div>\n\t\t\t<\/div>\n\t\t<\/article>\n\t<\/div><div class=\"thememount-pagination\"><span class=\"page-numbers current\">1<\/span>\n<a class=\"page-numbers\" href=\"https:\/\/shp.al\/en\/wp-json\/wp\/v2\/pages\/754\/page\/2\/\">2<\/a>\n<a class=\"page-numbers\" href=\"https:\/\/shp.al\/en\/wp-json\/wp\/v2\/pages\/754\/page\/3\/\">3<\/a>\n<a class=\"next page-numbers\" href=\"https:\/\/shp.al\/en\/wp-json\/wp\/v2\/pages\/754\/page\/2\/\"> <i class=\"fa fa-angle-double-right\"><\/i> <\/a><\/div><\/div><\/div>[\/vc_column][\/vc_row]<\/p>\n","protected":false},"excerpt":{"rendered":"<p>[vc_row equalheight=&#8221;true&#8221;][vc_column][\/vc_column][\/vc_row]<\/p>\n","protected":false},"author":1,"featured_media":0,"parent":0,"menu_order":65,"comment_status":"closed","ping_status":"closed","template":"","meta":{"editor_plus_copied_stylings":"{}","footnotes":""},"class_list":["post-754","page","type-page","status-publish","hentry"],"featured_image_src":null,"featured_image_src_square":null,"_links":{"self":[{"href":"https:\/\/shp.al\/en\/wp-json\/wp\/v2\/pages\/754","targetHints":{"allow":["GET"]}}],"collection":[{"href":"https:\/\/shp.al\/en\/wp-json\/wp\/v2\/pages"}],"about":[{"href":"https:\/\/shp.al\/en\/wp-json\/wp\/v2\/types\/page"}],"author":[{"embeddable":true,"href":"https:\/\/shp.al\/en\/wp-json\/wp\/v2\/users\/1"}],"replies":[{"embeddable":true,"href":"https:\/\/shp.al\/en\/wp-json\/wp\/v2\/comments?post=754"}],"version-history":[{"count":43,"href":"https:\/\/shp.al\/en\/wp-json\/wp\/v2\/pages\/754\/revisions"}],"predecessor-version":[{"id":12657,"href":"https:\/\/shp.al\/en\/wp-json\/wp\/v2\/pages\/754\/revisions\/12657"}],"wp:attachment":[{"href":"https:\/\/shp.al\/en\/wp-json\/wp\/v2\/media?parent=754"}],"curies":[{"name":"wp","href":"https:\/\/api.w.org\/{rel}","templated":true}]}}